{"id":8706,"date":"2026-03-09T19:55:12","date_gmt":"2026-03-09T18:55:12","guid":{"rendered":"https:\/\/nacaj.cz\/indie\/?page_id=8706"},"modified":"2026-03-10T10:27:32","modified_gmt":"2026-03-10T09:27:32","slug":"nepal","status":"publish","type":"page","link":"https:\/\/nacaj.cz\/indie\/nepal\/","title":{"rendered":"Nep\u00e1l"},"content":{"rendered":"<div class=\"synved-social-container synved-social-container-share\" style=\"text-align: right\"><a class=\"synved-social-button synved-social-button-share synved-social-size-32 synved-social-resolution-single synved-social-provider-facebook nolightbox\" data-provider=\"facebook\" target=\"_blank\" rel=\"nofollow\" title=\"Sd\u00edlejte na facebook.com\" href=\"https:\/\/www.facebook.com\/sharer.php?u=https%3A%2F%2Fnacaj.cz%2Findie%2Fwp-json%2Fwp%2Fv2%2Fpages%2F8706&#038;t=Nep%C3%A1l&#038;s=100&#038;p&#091;url&#093;=https%3A%2F%2Fnacaj.cz%2Findie%2Fwp-json%2Fwp%2Fv2%2Fpages%2F8706&#038;p&#091;images&#093;&#091;0&#093;=&#038;p&#091;title&#093;=Nep%C3%A1l\" style=\"font-size: 0px; width:32px;height:32px;margin:0;margin-bottom:5px;margin-right:5px;\"><img alt=\"Facebook\" title=\"Sd\u00edlejte na facebook.com\" class=\"synved-share-image synved-social-image synved-social-image-share\" width=\"32\" height=\"32\" style=\"display: inline; width:32px;height:32px; margin: 0; padding: 0; border: none; box-shadow: none;\" src=\"https:\/\/nacaj.cz\/indie\/wp-content\/plugins\/social-media-feather\/synved-social\/image\/social\/regular\/64x64\/facebook.png\" \/><\/a><a class=\"synved-social-button synved-social-button-share synved-social-size-32 synved-social-resolution-single synved-social-provider-twitter nolightbox\" data-provider=\"twitter\" target=\"_blank\" rel=\"nofollow\" title=\"Sd\u00edlejte na Twitteru\" href=\"https:\/\/twitter.com\/intent\/tweet?url=https%3A%2F%2Fnacaj.cz%2Findie%2Fwp-json%2Fwp%2Fv2%2Fpages%2F8706&#038;text=Sdd%C3%ADlejte%20s%20p%C5%99%C3%A1teli\" style=\"font-size: 0px; width:32px;height:32px;margin:0;margin-bottom:5px;margin-right:5px;\"><img alt=\"twitter\" title=\"Sd\u00edlejte na Twitteru\" class=\"synved-share-image synved-social-image synved-social-image-share\" width=\"32\" height=\"32\" style=\"display: inline; width:32px;height:32px; margin: 0; padding: 0; border: none; box-shadow: none;\" src=\"https:\/\/nacaj.cz\/indie\/wp-content\/plugins\/social-media-feather\/synved-social\/image\/social\/regular\/64x64\/twitter.png\" \/><\/a><a class=\"synved-social-button synved-social-button-share synved-social-size-32 synved-social-resolution-single synved-social-provider-reddit nolightbox\" data-provider=\"reddit\" target=\"_blank\" rel=\"nofollow\" title=\"Sd\u00edlejte na Reddit\" href=\"https:\/\/www.reddit.com\/submit?url=https%3A%2F%2Fnacaj.cz%2Findie%2Fwp-json%2Fwp%2Fv2%2Fpages%2F8706&#038;title=Nep%C3%A1l\" style=\"font-size: 0px; width:32px;height:32px;margin:0;margin-bottom:5px;margin-right:5px;\"><img alt=\"reddit\" title=\"Sd\u00edlejte na Reddit\" class=\"synved-share-image synved-social-image synved-social-image-share\" width=\"32\" height=\"32\" style=\"display: inline; width:32px;height:32px; margin: 0; padding: 0; border: none; box-shadow: none;\" src=\"https:\/\/nacaj.cz\/indie\/wp-content\/plugins\/social-media-feather\/synved-social\/image\/social\/regular\/64x64\/reddit.png\" \/><\/a><a class=\"synved-social-button synved-social-button-share synved-social-size-32 synved-social-resolution-single synved-social-provider-pinterest nolightbox\" data-provider=\"pinterest\" target=\"_blank\" rel=\"nofollow\" title=\"Pin it with Pinterest\" href=\"https:\/\/pinterest.com\/pin\/create\/button\/?url=https%3A%2F%2Fnacaj.cz%2Findie%2Fwp-json%2Fwp%2Fv2%2Fpages%2F8706&#038;media=&#038;description=Nep%C3%A1l\" style=\"font-size: 0px; width:32px;height:32px;margin:0;margin-bottom:5px;margin-right:5px;\"><img alt=\"pinterest\" title=\"Pin it with Pinterest\" class=\"synved-share-image synved-social-image synved-social-image-share\" width=\"32\" height=\"32\" style=\"display: inline; width:32px;height:32px; margin: 0; padding: 0; border: none; box-shadow: none;\" src=\"https:\/\/nacaj.cz\/indie\/wp-content\/plugins\/social-media-feather\/synved-social\/image\/social\/regular\/64x64\/pinterest.png\" \/><\/a><a class=\"synved-social-button synved-social-button-share synved-social-size-32 synved-social-resolution-single synved-social-provider-linkedin nolightbox\" data-provider=\"linkedin\" target=\"_blank\" rel=\"nofollow\" title=\"Sd\u00edlejte na Linkedin\" href=\"https:\/\/www.linkedin.com\/shareArticle?mini=true&#038;url=https%3A%2F%2Fnacaj.cz%2Findie%2Fwp-json%2Fwp%2Fv2%2Fpages%2F8706&#038;title=Nep%C3%A1l\" style=\"font-size: 0px; width:32px;height:32px;margin:0;margin-bottom:5px;margin-right:5px;\"><img alt=\"linkedin\" title=\"Sd\u00edlejte na Linkedin\" class=\"synved-share-image synved-social-image synved-social-image-share\" width=\"32\" height=\"32\" style=\"display: inline; width:32px;height:32px; margin: 0; padding: 0; border: none; box-shadow: none;\" src=\"https:\/\/nacaj.cz\/indie\/wp-content\/plugins\/social-media-feather\/synved-social\/image\/social\/regular\/64x64\/linkedin.png\" \/><\/a><a class=\"synved-social-button synved-social-button-share synved-social-size-32 synved-social-resolution-single synved-social-provider-tumblr nolightbox\" data-provider=\"tumblr\" target=\"_blank\" rel=\"nofollow\" title=\"Sd\u00edlejte na Tumblr\" href=\"https:\/\/tumblr.com\/share?s=&#038;v=3&#038;t=Nep%C3%A1l&#038;u=https%3A%2F%2Fnacaj.cz%2Findie%2Fwp-json%2Fwp%2Fv2%2Fpages%2F8706\" style=\"font-size: 0px; width:32px;height:32px;margin:0;margin-bottom:5px;\"><img alt=\"tumblr\" title=\"Sd\u00edlejte na Tumblr\" class=\"synved-share-image synved-social-image synved-social-image-share\" width=\"32\" height=\"32\" style=\"display: inline; width:32px;height:32px; margin: 0; padding: 0; border: none; box-shadow: none;\" src=\"https:\/\/nacaj.cz\/indie\/wp-content\/plugins\/social-media-feather\/synved-social\/image\/social\/regular\/64x64\/tumblr.png\" \/><\/a><\/div><p>&nbsp;<\/p>\n<p><a class=\"btn btn-primary\" title=\"NEP\u00c1L\" href=\"https:\/\/nacaj.cz\/indie\/nepal\/\">NEP\u00c1L<\/a> <a class=\"btn btn-warning\" title=\"K\u00e1thm\u00e1nd\u00fa, Nep\u00e1l\" href=\"https:\/\/nacaj.cz\/indie\/kathmandu-nepal\/\">K\u00e1thm\u00e1nd\u00fa<\/a><\/p>\n<p>&nbsp;<\/p>\n<h3>Aktu\u00e1ln\u00ed informace pro cesty do Nep\u00e1lu<\/h3>\n<h4><span style=\"color: #666699;\">Aku\u00e1ln\u00ed informace si ov\u011b\u0159ujte na str\u00e1nk\u00e1ch<\/span> <a href=\"https:\/\/mzv.gov.cz\/jnp\/cz\/encyklopedie_statu\/asie\/nepal\/cestovani\/index.html\" target=\"_blank\" rel=\"noopener\">MZVCR<\/a>.<\/h4>\n<p>&nbsp;<\/p>\n<p>&nbsp;<\/p>\n<h3>V\u00edza do Nep\u00e1lu<\/h3>\n<p>V\u00edza se vyd\u00e1vaj\u00ed na 15, 30 nebo 90 dn\u00ed, v\u00edzum si m\u016f\u017eete online prodlou\u017eit a\u017e na celkovou dobu 150 dn\u00ed v jednom roce.<\/p>\n<p>30 USD za 15denn\u00ed turistick\u00e9 v\u00edzum<br \/>\n50 USD za 30denn\u00ed v\u00edzum.<br \/>\n90denn\u00ed 125 USD.<br \/>\n(Neturistick\u00e9 30denn\u00ed v\u00edzum 30 USD)<\/p>\n<p><a href=\"https:\/\/nepaliport.immigration.gov.np\/\" target=\"_blank\" rel=\"noopener\">https:\/\/nepaliport.immigration.gov.np\/<\/a><\/p>\n<p>P\u0159i pod\u00e1n\u00ed \u017e\u00e1dosti o v\u00edzum mus\u00ed b\u00fdt pas platn\u00fd nejm\u00e9n\u011b 6 m\u011bs\u00edc\u016f po uv\u00e1d\u011bn\u00e9m datu vstupu do Nep\u00e1lu.<\/p>\n<p>P\u0159i hrani\u010dn\u00ed kontrole po v\u00e1s m\u00edstn\u00ed imigra\u010dn\u00ed autority mohou po\u017eadovat p\u0159edlo\u017een\u00ed dokladu o cestovn\u00edm poji\u0161t\u011bn\u00ed, kter\u00e9 pokr\u00fdv\u00e1 n\u00e1klady na zdravotn\u00ed p\u00e9\u010di v\u010detn\u011b repatriace a dal\u0161\u00edch mimo\u0159\u00e1dn\u00fdch ud\u00e1lost\u00ed b\u011bhem pobytu v Nep\u00e1lu, d\u00e1le potvrzen\u00ed o tom, kde str\u00e1v\u00edte prvn\u00ed noc po vstupu do zem\u011b, nap\u0159\u00edklad rezervaci hotelu.<\/p>\n<p>&nbsp;<\/p>\n<h3>Leti\u0161t\u011b v K\u00e1tm\u00e1nd\u016f<\/h3>\n<h4>Informace o leti\u0161ti v K\u00e1tm\u00e1nd\u016f, doprava z leti\u0161t\u011b, p\u0159edplacen\u00e9 TAXI a dal\u0161\u00ed:<\/h4>\n<h4 style=\"padding-left: 40px;\"><a title=\"Nep\u00e1l - K\u00e1thm\u00e1nd\u00fa\" href=\"https:\/\/nacaj.cz\/indie\/kathmandu-nepal\/\">\u27a4 Nep\u00e1l: K\u00e1tm\u00e1nd\u016f \u27a4<\/a><\/h4>\n<p>&nbsp;<\/p>\n<h4>Indick\u00e9 Rupie v Nep\u00e1lu<\/h4>\n<p>V Nep\u00e1lu dr\u017eet indick\u00e9 bankovky a platit jimi, pouze pokud jejich nomin\u00e1ln\u00ed hodnota nep\u0159esahuje 100 indick\u00fdch rupi\u00ed.<br \/>\nDo Nep\u00e1lu tak nen\u00ed dovoleno dov\u00e9zt indick\u00e9 bankovky v nomin\u00e1ln\u00ed hodnot\u011b 200, 500 a 2000 indick\u00fdch rupi\u00ed a ani tyto bankovky na \u00fazem\u00ed Nep\u00e1lu p\u0159ev\u00e1\u017eet, obdr\u017eet, dr\u017eet nebo pou\u017e\u00edvat. Indick\u00e9 rupie \u2013 bankovky v hodnot\u011b nad 100 INR je zak\u00e1z\u00e1no sm\u011b\u0148ovat.<\/p>\n<p>&nbsp;<\/p>\n<h3>Po\u010das\u00ed<\/h3>\n<p>Nejlep\u0161\u00ed m\u011bs\u00edce pro trekking jsou na ja\u0159e duben a kv\u011bten, na podzim konec z\u00e1\u0159\u00ed, \u0159\u00edjen a po\u010d\u00e1tek listopadu. Tak se lze vyhnout de\u0161\u0165\u016fm a vlhku v l\u00e9t\u011b a sn\u011bhu a mrazu v zim\u011b. V\u011bt\u0161ina ubytovac\u00edch za\u0159\u00edzen\u00ed nem\u00e1 \u017e\u00e1dn\u00e9 topen\u00ed ani klimatizaci.<br \/>\nV Nep\u00e1lu vl\u00e1dne monsunov\u00e9 po\u010das\u00ed, obdob\u00ed de\u0161\u0165\u016f je od \u010dervna do z\u00e1\u0159\u00ed. P\u0159i cestov\u00e1n\u00ed v obdob\u00ed de\u0161\u0165\u016f se zvy\u0161uje riziko lok\u00e1ln\u00edch z\u00e1plav nebo sesuv\u016f p\u016fdy.<\/p>\n<p>&nbsp;<\/p>\n<hr>\n<p>&nbsp;<\/p>\n<h4>Honor\u00e1rn\u00ed gener\u00e1ln\u00ed konzul\u00e1t K\u00e1thm\u00e1nd\u00fa<\/h4>\n<p>Building No. 494, Ganeshman Singh Path, Tripureshwor, Kathmandu<\/p>\n<p><em>honor\u00e1rn\u00ed gener\u00e1ln\u00ed konzul:<\/em><br \/>\nVishnu Kumar AGARWAL<br \/>\n+977-1-4259528<br \/>\nkathmandu.honorary@mzv.gov.cz<\/p>\n<p>&nbsp;<\/p>\n<p style=\"text-align: right;\"><a class=\"btn btn-primary\" title=\"NEP\u00c1L\" href=\"https:\/\/nacaj.cz\/indie\/nepal\/\">NEP\u00c1L<\/a> <a class=\"btn btn-warning\" title=\"K\u00e1thm\u00e1nd\u00fa, Nep\u00e1l\" href=\"https:\/\/nacaj.cz\/indie\/kathmandu-nepal\/\">K\u00e1thm\u00e1nd\u00fa<\/a><\/p>\n<p>&nbsp;<\/p>\n<div class=\"synved-social-container synved-social-container-share\" style=\"text-align: right\"><a class=\"synved-social-button synved-social-button-share synved-social-size-32 synved-social-resolution-single synved-social-provider-facebook nolightbox\" data-provider=\"facebook\" target=\"_blank\" rel=\"nofollow\" title=\"Sd\u00edlejte na facebook.com\" href=\"https:\/\/www.facebook.com\/sharer.php?u=https%3A%2F%2Fnacaj.cz%2Findie%2Fwp-json%2Fwp%2Fv2%2Fpages%2F8706&#038;t=Nep%C3%A1l&#038;s=100&#038;p&#091;url&#093;=https%3A%2F%2Fnacaj.cz%2Findie%2Fwp-json%2Fwp%2Fv2%2Fpages%2F8706&#038;p&#091;images&#093;&#091;0&#093;=&#038;p&#091;title&#093;=Nep%C3%A1l\" style=\"font-size: 0px; width:32px;height:32px;margin:0;margin-bottom:5px;margin-right:5px;\"><img alt=\"Facebook\" title=\"Sd\u00edlejte na facebook.com\" class=\"synved-share-image synved-social-image synved-social-image-share\" width=\"32\" height=\"32\" style=\"display: inline; width:32px;height:32px; margin: 0; padding: 0; border: none; box-shadow: none;\" src=\"https:\/\/nacaj.cz\/indie\/wp-content\/plugins\/social-media-feather\/synved-social\/image\/social\/regular\/64x64\/facebook.png\" \/><\/a><a class=\"synved-social-button synved-social-button-share synved-social-size-32 synved-social-resolution-single synved-social-provider-twitter nolightbox\" data-provider=\"twitter\" target=\"_blank\" rel=\"nofollow\" title=\"Sd\u00edlejte na Twitteru\" href=\"https:\/\/twitter.com\/intent\/tweet?url=https%3A%2F%2Fnacaj.cz%2Findie%2Fwp-json%2Fwp%2Fv2%2Fpages%2F8706&#038;text=Sdd%C3%ADlejte%20s%20p%C5%99%C3%A1teli\" style=\"font-size: 0px; width:32px;height:32px;margin:0;margin-bottom:5px;margin-right:5px;\"><img alt=\"twitter\" title=\"Sd\u00edlejte na Twitteru\" class=\"synved-share-image synved-social-image synved-social-image-share\" width=\"32\" height=\"32\" style=\"display: inline; width:32px;height:32px; margin: 0; padding: 0; border: none; box-shadow: none;\" src=\"https:\/\/nacaj.cz\/indie\/wp-content\/plugins\/social-media-feather\/synved-social\/image\/social\/regular\/64x64\/twitter.png\" \/><\/a><a class=\"synved-social-button synved-social-button-share synved-social-size-32 synved-social-resolution-single synved-social-provider-reddit nolightbox\" data-provider=\"reddit\" target=\"_blank\" rel=\"nofollow\" title=\"Sd\u00edlejte na Reddit\" href=\"https:\/\/www.reddit.com\/submit?url=https%3A%2F%2Fnacaj.cz%2Findie%2Fwp-json%2Fwp%2Fv2%2Fpages%2F8706&#038;title=Nep%C3%A1l\" style=\"font-size: 0px; width:32px;height:32px;margin:0;margin-bottom:5px;margin-right:5px;\"><img alt=\"reddit\" title=\"Sd\u00edlejte na Reddit\" class=\"synved-share-image synved-social-image synved-social-image-share\" width=\"32\" height=\"32\" style=\"display: inline; width:32px;height:32px; margin: 0; padding: 0; border: none; box-shadow: none;\" src=\"https:\/\/nacaj.cz\/indie\/wp-content\/plugins\/social-media-feather\/synved-social\/image\/social\/regular\/64x64\/reddit.png\" \/><\/a><a class=\"synved-social-button synved-social-button-share synved-social-size-32 synved-social-resolution-single synved-social-provider-pinterest nolightbox\" data-provider=\"pinterest\" target=\"_blank\" rel=\"nofollow\" title=\"Pin it with Pinterest\" href=\"https:\/\/pinterest.com\/pin\/create\/button\/?url=https%3A%2F%2Fnacaj.cz%2Findie%2Fwp-json%2Fwp%2Fv2%2Fpages%2F8706&#038;media=&#038;description=Nep%C3%A1l\" style=\"font-size: 0px; width:32px;height:32px;margin:0;margin-bottom:5px;margin-right:5px;\"><img alt=\"pinterest\" title=\"Pin it with Pinterest\" class=\"synved-share-image synved-social-image synved-social-image-share\" width=\"32\" height=\"32\" style=\"display: inline; width:32px;height:32px; margin: 0; padding: 0; border: none; box-shadow: none;\" src=\"https:\/\/nacaj.cz\/indie\/wp-content\/plugins\/social-media-feather\/synved-social\/image\/social\/regular\/64x64\/pinterest.png\" \/><\/a><a class=\"synved-social-button synved-social-button-share synved-social-size-32 synved-social-resolution-single synved-social-provider-linkedin nolightbox\" data-provider=\"linkedin\" target=\"_blank\" rel=\"nofollow\" title=\"Sd\u00edlejte na Linkedin\" href=\"https:\/\/www.linkedin.com\/shareArticle?mini=true&#038;url=https%3A%2F%2Fnacaj.cz%2Findie%2Fwp-json%2Fwp%2Fv2%2Fpages%2F8706&#038;title=Nep%C3%A1l\" style=\"font-size: 0px; width:32px;height:32px;margin:0;margin-bottom:5px;margin-right:5px;\"><img alt=\"linkedin\" title=\"Sd\u00edlejte na Linkedin\" class=\"synved-share-image synved-social-image synved-social-image-share\" width=\"32\" height=\"32\" style=\"display: inline; width:32px;height:32px; margin: 0; padding: 0; border: none; box-shadow: none;\" src=\"https:\/\/nacaj.cz\/indie\/wp-content\/plugins\/social-media-feather\/synved-social\/image\/social\/regular\/64x64\/linkedin.png\" \/><\/a><a class=\"synved-social-button synved-social-button-share synved-social-size-32 synved-social-resolution-single synved-social-provider-tumblr nolightbox\" data-provider=\"tumblr\" target=\"_blank\" rel=\"nofollow\" title=\"Sd\u00edlejte na Tumblr\" href=\"https:\/\/tumblr.com\/share?s=&#038;v=3&#038;t=Nep%C3%A1l&#038;u=https%3A%2F%2Fnacaj.cz%2Findie%2Fwp-json%2Fwp%2Fv2%2Fpages%2F8706\" style=\"font-size: 0px; width:32px;height:32px;margin:0;margin-bottom:5px;\"><img alt=\"tumblr\" title=\"Sd\u00edlejte na Tumblr\" class=\"synved-share-image synved-social-image synved-social-image-share\" width=\"32\" height=\"32\" style=\"display: inline; width:32px;height:32px; margin: 0; padding: 0; border: none; box-shadow: none;\" src=\"https:\/\/nacaj.cz\/indie\/wp-content\/plugins\/social-media-feather\/synved-social\/image\/social\/regular\/64x64\/tumblr.png\" \/><\/a><\/div>","protected":false},"excerpt":{"rendered":"<p>&nbsp; NEP\u00c1L K\u00e1thm\u00e1nd\u00fa &nbsp; Aktu\u00e1ln\u00ed informace pro cesty do Nep\u00e1lu Aku\u00e1ln\u00ed informace si ov\u011b\u0159ujte na str\u00e1nk\u00e1ch MZVCR. &nbsp; &nbsp; V\u00edza do Nep\u00e1lu V\u00edza se vyd\u00e1vaj\u00ed na 15, 30 nebo 90 [&hellip;]<\/p>\n","protected":false},"author":1,"featured_media":0,"parent":0,"menu_order":0,"comment_status":"closed","ping_status":"closed","template":"","meta":{"ngg_post_thumbnail":0},"yoast_head":"<!-- This site is optimized with the Yoast SEO plugin v16.3 - https:\/\/yoast.com\/wordpress\/plugins\/seo\/ -->\n<title>Nep\u00e1l - Cestov\u00e1n\u00ed do Nep\u00e1lu<\/title>\n<meta name=\"description\" content=\"Aktu\u00e1ln\u00ed informace pro cesty do Nep\u00e1lu. V\u00edza do Nep\u00e1lu. Leti\u0161t\u011b v K\u00e1tm\u00e1nd\u016f a doprava z leti\u0161t\u011b. Po\u010das\u00ed v Nep\u00e1lu.\" \/>\n<meta name=\"robots\" content=\"index, follow, max-snippet:-1, max-image-preview:large, max-video-preview:-1\" \/>\n<link rel=\"canonical\" href=\"https:\/\/nacaj.cz\/indie\/nepal\/\" \/>\n<meta property=\"og:locale\" content=\"cs_CZ\" \/>\n<meta property=\"og:type\" content=\"article\" \/>\n<meta property=\"og:title\" content=\"Nep\u00e1l - Cestov\u00e1n\u00ed do Nep\u00e1lu\" \/>\n<meta property=\"og:description\" content=\"Aktu\u00e1ln\u00ed informace pro cesty do Nep\u00e1lu. V\u00edza do Nep\u00e1lu. Leti\u0161t\u011b v K\u00e1tm\u00e1nd\u016f a doprava z leti\u0161t\u011b. Po\u010das\u00ed v Nep\u00e1lu.\" \/>\n<meta property=\"og:url\" content=\"https:\/\/nacaj.cz\/indie\/nepal\/\" \/>\n<meta property=\"og:site_name\" content=\"INDIE - Cestov\u00e1n\u00ed po Indii\" \/>\n<meta property=\"article:publisher\" content=\"https:\/\/www.facebook.com\/travel.exotika\/\" \/>\n<meta property=\"article:modified_time\" content=\"2026-03-10T09:27:32+00:00\" \/>\n<meta property=\"og:image\" content=\"https:\/\/nacaj.cz\/indie\/wp-content\/uploads\/2017\/11\/Indie-cestovani-po-indii.jpg\" \/>\n\t<meta property=\"og:image:width\" content=\"651\" \/>\n\t<meta property=\"og:image:height\" content=\"530\" \/>\n<meta name=\"twitter:label1\" content=\"Odhadovan\u00e1 doba \u010dten\u00ed\">\n\t<meta name=\"twitter:data1\" content=\"2 minuty\">\n<script type=\"application\/ld+json\" class=\"yoast-schema-graph\">{\"@context\":\"https:\/\/schema.org\",\"@graph\":[{\"@type\":\"Organization\",\"@id\":\"https:\/\/nacaj.cz\/indie\/#organization\",\"name\":\"NaCaj.cz\",\"url\":\"https:\/\/nacaj.cz\/indie\/\",\"sameAs\":[\"https:\/\/www.facebook.com\/travel.exotika\/\"],\"logo\":{\"@type\":\"ImageObject\",\"@id\":\"https:\/\/nacaj.cz\/indie\/#logo\",\"inLanguage\":\"cs\",\"url\":\"https:\/\/nacaj.cz\/indie\/wp-content\/uploads\/2018\/01\/Indie-cestovani-po-indii.jpg\",\"contentUrl\":\"https:\/\/nacaj.cz\/indie\/wp-content\/uploads\/2018\/01\/Indie-cestovani-po-indii.jpg\",\"width\":651,\"height\":530,\"caption\":\"NaCaj.cz\"},\"image\":{\"@id\":\"https:\/\/nacaj.cz\/indie\/#logo\"}},{\"@type\":\"WebSite\",\"@id\":\"https:\/\/nacaj.cz\/indie\/#website\",\"url\":\"https:\/\/nacaj.cz\/indie\/\",\"name\":\"INDIE - Cestov\\u00e1n\\u00ed po Indii\",\"description\":\"Cestov\\u00e1n\\u00ed: Exotika :-)\",\"publisher\":{\"@id\":\"https:\/\/nacaj.cz\/indie\/#organization\"},\"potentialAction\":[{\"@type\":\"SearchAction\",\"target\":\"https:\/\/nacaj.cz\/indie\/?s={search_term_string}\",\"query-input\":\"required name=search_term_string\"}],\"inLanguage\":\"cs\"},{\"@type\":\"WebPage\",\"@id\":\"https:\/\/nacaj.cz\/indie\/nepal\/#webpage\",\"url\":\"https:\/\/nacaj.cz\/indie\/nepal\/\",\"name\":\"Nep\\u00e1l - Cestov\\u00e1n\\u00ed do Nep\\u00e1lu\",\"isPartOf\":{\"@id\":\"https:\/\/nacaj.cz\/indie\/#website\"},\"datePublished\":\"2026-03-09T18:55:12+00:00\",\"dateModified\":\"2026-03-10T09:27:32+00:00\",\"description\":\"Aktu\\u00e1ln\\u00ed informace pro cesty do Nep\\u00e1lu. V\\u00edza do Nep\\u00e1lu. Leti\\u0161t\\u011b v K\\u00e1tm\\u00e1nd\\u016f a doprava z leti\\u0161t\\u011b. Po\\u010das\\u00ed v Nep\\u00e1lu.\",\"breadcrumb\":{\"@id\":\"https:\/\/nacaj.cz\/indie\/nepal\/#breadcrumb\"},\"inLanguage\":\"cs\",\"potentialAction\":[{\"@type\":\"ReadAction\",\"target\":[\"https:\/\/nacaj.cz\/indie\/nepal\/\"]}]},{\"@type\":\"BreadcrumbList\",\"@id\":\"https:\/\/nacaj.cz\/indie\/nepal\/#breadcrumb\",\"itemListElement\":[{\"@type\":\"ListItem\",\"position\":1,\"item\":{\"@type\":\"WebPage\",\"@id\":\"https:\/\/nacaj.cz\/indie\/\",\"url\":\"https:\/\/nacaj.cz\/indie\/\",\"name\":\"Dom\\u016f\"}},{\"@type\":\"ListItem\",\"position\":2,\"item\":{\"@id\":\"https:\/\/nacaj.cz\/indie\/nepal\/#webpage\"}}]}]}<\/script>\n<!-- \/ Yoast SEO plugin. -->","_links":{"self":[{"href":"https:\/\/nacaj.cz\/indie\/wp-json\/wp\/v2\/pages\/8706"}],"collection":[{"href":"https:\/\/nacaj.cz\/indie\/wp-json\/wp\/v2\/pages"}],"about":[{"href":"https:\/\/nacaj.cz\/indie\/wp-json\/wp\/v2\/types\/page"}],"author":[{"embeddable":true,"href":"https:\/\/nacaj.cz\/indie\/wp-json\/wp\/v2\/users\/1"}],"replies":[{"embeddable":true,"href":"https:\/\/nacaj.cz\/indie\/wp-json\/wp\/v2\/comments?post=8706"}],"version-history":[{"count":0,"href":"https:\/\/nacaj.cz\/indie\/wp-json\/wp\/v2\/pages\/8706\/revisions"}],"wp:attachment":[{"href":"https:\/\/nacaj.cz\/indie\/wp-json\/wp\/v2\/media?parent=8706"}],"curies":[{"name":"wp","href":"https:\/\/api.w.org\/{rel}","templated":true}]}}