{"id":8702,"date":"2026-03-09T19:28:57","date_gmt":"2026-03-09T18:28:57","guid":{"rendered":"https:\/\/nacaj.cz\/indie\/?page_id=8702"},"modified":"2026-03-10T10:32:28","modified_gmt":"2026-03-10T09:32:28","slug":"kathmandu-nepal","status":"publish","type":"page","link":"https:\/\/nacaj.cz\/indie\/kathmandu-nepal\/","title":{"rendered":"K\u00e1thm\u00e1nd\u00fa &#8211; Nep\u00e1l"},"content":{"rendered":"<div class=\"synved-social-container synved-social-container-share\" style=\"text-align: right\"><a class=\"synved-social-button synved-social-button-share synved-social-size-32 synved-social-resolution-single synved-social-provider-facebook nolightbox\" data-provider=\"facebook\" target=\"_blank\" rel=\"nofollow\" title=\"Sd\u00edlejte na facebook.com\" href=\"https:\/\/www.facebook.com\/sharer.php?u=https%3A%2F%2Fnacaj.cz%2Findie%2Fwp-json%2Fwp%2Fv2%2Fpages%2F8702&#038;t=K%C3%A1thm%C3%A1nd%C3%BA%20%E2%80%93%20Nep%C3%A1l&#038;s=100&#038;p&#091;url&#093;=https%3A%2F%2Fnacaj.cz%2Findie%2Fwp-json%2Fwp%2Fv2%2Fpages%2F8702&#038;p&#091;images&#093;&#091;0&#093;=&#038;p&#091;title&#093;=K%C3%A1thm%C3%A1nd%C3%BA%20%E2%80%93%20Nep%C3%A1l\" style=\"font-size: 0px; width:32px;height:32px;margin:0;margin-bottom:5px;margin-right:5px;\"><img alt=\"Facebook\" title=\"Sd\u00edlejte na facebook.com\" class=\"synved-share-image synved-social-image synved-social-image-share\" width=\"32\" height=\"32\" style=\"display: inline; width:32px;height:32px; margin: 0; padding: 0; border: none; box-shadow: none;\" src=\"https:\/\/nacaj.cz\/indie\/wp-content\/plugins\/social-media-feather\/synved-social\/image\/social\/regular\/64x64\/facebook.png\" \/><\/a><a class=\"synved-social-button synved-social-button-share synved-social-size-32 synved-social-resolution-single synved-social-provider-twitter nolightbox\" data-provider=\"twitter\" target=\"_blank\" rel=\"nofollow\" title=\"Sd\u00edlejte na Twitteru\" href=\"https:\/\/twitter.com\/intent\/tweet?url=https%3A%2F%2Fnacaj.cz%2Findie%2Fwp-json%2Fwp%2Fv2%2Fpages%2F8702&#038;text=Sdd%C3%ADlejte%20s%20p%C5%99%C3%A1teli\" style=\"font-size: 0px; width:32px;height:32px;margin:0;margin-bottom:5px;margin-right:5px;\"><img alt=\"twitter\" title=\"Sd\u00edlejte na Twitteru\" class=\"synved-share-image synved-social-image synved-social-image-share\" width=\"32\" height=\"32\" style=\"display: inline; width:32px;height:32px; margin: 0; padding: 0; border: none; box-shadow: none;\" src=\"https:\/\/nacaj.cz\/indie\/wp-content\/plugins\/social-media-feather\/synved-social\/image\/social\/regular\/64x64\/twitter.png\" \/><\/a><a class=\"synved-social-button synved-social-button-share synved-social-size-32 synved-social-resolution-single synved-social-provider-reddit nolightbox\" data-provider=\"reddit\" target=\"_blank\" rel=\"nofollow\" title=\"Sd\u00edlejte na Reddit\" href=\"https:\/\/www.reddit.com\/submit?url=https%3A%2F%2Fnacaj.cz%2Findie%2Fwp-json%2Fwp%2Fv2%2Fpages%2F8702&#038;title=K%C3%A1thm%C3%A1nd%C3%BA%20%E2%80%93%20Nep%C3%A1l\" style=\"font-size: 0px; width:32px;height:32px;margin:0;margin-bottom:5px;margin-right:5px;\"><img alt=\"reddit\" title=\"Sd\u00edlejte na Reddit\" class=\"synved-share-image synved-social-image synved-social-image-share\" width=\"32\" height=\"32\" style=\"display: inline; width:32px;height:32px; margin: 0; padding: 0; border: none; box-shadow: none;\" src=\"https:\/\/nacaj.cz\/indie\/wp-content\/plugins\/social-media-feather\/synved-social\/image\/social\/regular\/64x64\/reddit.png\" \/><\/a><a class=\"synved-social-button synved-social-button-share synved-social-size-32 synved-social-resolution-single synved-social-provider-pinterest nolightbox\" data-provider=\"pinterest\" target=\"_blank\" rel=\"nofollow\" title=\"Pin it with Pinterest\" href=\"https:\/\/pinterest.com\/pin\/create\/button\/?url=https%3A%2F%2Fnacaj.cz%2Findie%2Fwp-json%2Fwp%2Fv2%2Fpages%2F8702&#038;media=&#038;description=K%C3%A1thm%C3%A1nd%C3%BA%20%E2%80%93%20Nep%C3%A1l\" style=\"font-size: 0px; width:32px;height:32px;margin:0;margin-bottom:5px;margin-right:5px;\"><img alt=\"pinterest\" title=\"Pin it with Pinterest\" class=\"synved-share-image synved-social-image synved-social-image-share\" width=\"32\" height=\"32\" style=\"display: inline; width:32px;height:32px; margin: 0; padding: 0; border: none; box-shadow: none;\" src=\"https:\/\/nacaj.cz\/indie\/wp-content\/plugins\/social-media-feather\/synved-social\/image\/social\/regular\/64x64\/pinterest.png\" \/><\/a><a class=\"synved-social-button synved-social-button-share synved-social-size-32 synved-social-resolution-single synved-social-provider-linkedin nolightbox\" data-provider=\"linkedin\" target=\"_blank\" rel=\"nofollow\" title=\"Sd\u00edlejte na Linkedin\" href=\"https:\/\/www.linkedin.com\/shareArticle?mini=true&#038;url=https%3A%2F%2Fnacaj.cz%2Findie%2Fwp-json%2Fwp%2Fv2%2Fpages%2F8702&#038;title=K%C3%A1thm%C3%A1nd%C3%BA%20%E2%80%93%20Nep%C3%A1l\" style=\"font-size: 0px; width:32px;height:32px;margin:0;margin-bottom:5px;margin-right:5px;\"><img alt=\"linkedin\" title=\"Sd\u00edlejte na Linkedin\" class=\"synved-share-image synved-social-image synved-social-image-share\" width=\"32\" height=\"32\" style=\"display: inline; width:32px;height:32px; margin: 0; padding: 0; border: none; box-shadow: none;\" src=\"https:\/\/nacaj.cz\/indie\/wp-content\/plugins\/social-media-feather\/synved-social\/image\/social\/regular\/64x64\/linkedin.png\" \/><\/a><a class=\"synved-social-button synved-social-button-share synved-social-size-32 synved-social-resolution-single synved-social-provider-tumblr nolightbox\" data-provider=\"tumblr\" target=\"_blank\" rel=\"nofollow\" title=\"Sd\u00edlejte na Tumblr\" href=\"https:\/\/tumblr.com\/share?s=&#038;v=3&#038;t=K%C3%A1thm%C3%A1nd%C3%BA%20%E2%80%93%20Nep%C3%A1l&#038;u=https%3A%2F%2Fnacaj.cz%2Findie%2Fwp-json%2Fwp%2Fv2%2Fpages%2F8702\" style=\"font-size: 0px; width:32px;height:32px;margin:0;margin-bottom:5px;\"><img alt=\"tumblr\" title=\"Sd\u00edlejte na Tumblr\" class=\"synved-share-image synved-social-image synved-social-image-share\" width=\"32\" height=\"32\" style=\"display: inline; width:32px;height:32px; margin: 0; padding: 0; border: none; box-shadow: none;\" src=\"https:\/\/nacaj.cz\/indie\/wp-content\/plugins\/social-media-feather\/synved-social\/image\/social\/regular\/64x64\/tumblr.png\" \/><\/a><\/div><p>&nbsp;<\/p>\n<p><a class=\"btn btn-primary\" title=\"NEP\u00c1L\" href=\"https:\/\/nacaj.cz\/indie\/nepal\/\">NEP\u00c1L<\/a> <a class=\"btn btn-success\" title=\"K\u00e1thm\u00e1nd\u00fa, Nep\u00e1l\" href=\"https:\/\/nacaj.cz\/indie\/kathmandu-nepal\/\">K\u00e1thm\u00e1nd\u00fa<\/a><\/p>\n<hr>\n<p>&nbsp;<\/p>\n<h3><span style=\"color: #008000;\">Leti\u0161t\u011b K\u00e1thm\u00e1nd\u00fa<\/span><\/h3>\n<p>&nbsp;<\/p>\n<h4>Bezplatn\u00e9 Wi-Fi na leti\u0161ti v K\u00e1thm\u00e1nd\u00fa<\/h4>\n<p>Bezplatn\u00e1 Wi-Fi slu\u017eba je k dispozici v mezin\u00e1rodn\u00edm termin\u00e1lu od odletov\u00e9 haly a\u017e po p\u0159\u00edletovou halu. Cestuj\u00edc\u00ed mohou vyu\u017e\u00edvat bezplatnou Wi-Fi slu\u017ebu. Sta\u010d\u00ed se p\u0159ipojit k s\u00edti Wi-Fi (Free_CAAN_Worldlink_Wifi) na sv\u00e9m za\u0159\u00edzen\u00ed a m\u016f\u017eete vyu\u017e\u00edvat internetov\u00e9 p\u0159ipojen\u00ed.<\/p>\n<p>&nbsp;<\/p>\n<h3><span style=\"color: #008000;\">TAXI z leti\u0161t\u011b<\/span><\/h3>\n<h4>P\u0159edplacen\u00e9 Taxi z leti\u0161t\u011b<span style=\"color: #808080;\"> (2026)<\/span><\/h4>\n<p>Z leti\u0161t\u011b v K\u00e1thm\u00e1nd\u00fa do Thamelu nebo do m\u00edsta v bl\u00edzkosti centra Thamelu (nap\u0159. Jyatha, Saat Ghumti, JP Road) si p\u0159edplacen\u00e9 taxi \u00fa\u010dtuje 900 rupi\u00ed, co\u017e je p\u0159ibli\u017en\u011b 6,25 USD za taxi (<em>kurz z ledna 2026<\/em>). Pokud cestujete v noci (po 21:00), je \u00fa\u010dtov\u00e1n p\u0159\u00edplatek 100 rupi\u00ed (asi 0,30 USD), zat\u00edmco p\u0159i pou\u017eit\u00ed klimatizace se \u00fa\u010dtuje p\u0159\u00edplatek 25 %.<\/p>\n<p>Cen\u00edk j\u00edzdn\u00e9ho z leti\u0161t\u011b v K\u00e1thm\u00e1nd\u00fa do Thamelu a okoln\u00edch m\u00edst z Thamelu p\u0159edplacen\u00fdm tax\u00edkem, kde se nach\u00e1z\u00ed v\u011bt\u0161ina hostel\u016f a hotel\u016f:<\/p>\n<p>Thamel \u2192 900 Rs \u2192 6,25 USD<br \/>\nPaknajol \u2192 1 000 Rs \u2192 6,94 USD<br \/>\nChhetrapati \u2192 1 000 Rs \u2192 6,94 USD<br \/>\nLazimpat \u2192 1 000 Rs \u2192 6,94 USD<br \/>\nKaldhara \u2192 1 000 Rs \u2192 6,94 USD<br \/>\nGalko Pakha \u2192 1 000 Rs \u2192 6,94 USD<\/p>\n<p>&nbsp;<\/p>\n<h4>M\u00edstn\u00ed ve\u0159ejn\u00e9 taxi<\/h4>\n<p>Jak\u00e9koli jin\u00e9 taxi, kter\u00e9 najdete p\u0159i v\u00fdstupu z leti\u0161t\u011b, je m\u00edstn\u00ed taxi. Snadno je pozn\u00e1te; po v\u00fdstupu z leti\u0161tn\u00ed budovy se dejte doleva na hlavn\u00ed silnici. Pokra\u010dujte ven z p\u0159\u00edletov\u00e9 haly, asi 1\u20132 minuty ch\u016fze, a ignorujte v\u0161echny cestovn\u00ed kancel\u00e1\u0159e \u010dekaj\u00edc\u00ed venku, kter\u00e9 se v\u00e1s mohou sna\u017eit oslovit, a\u017e se dostanete na hlavn\u00ed silnici, kde uvid\u00edte n\u011bkolik hatchback\u016f modelu Maruti 800!<\/p>\n<p>Pro n\u011bkter\u00e9 to stoj\u00ed za tu n\u00e1mahu a m\u016f\u017ee to snadno u\u0161et\u0159it pen\u00edze! Pokud jste zvykl\u00ed smlouvat, je to pravd\u011bpodobn\u011b pro v\u00e1s! Pr\u016fm\u011brn\u00e1 cena do Thamelu, Durbar Marg nebo Lazimpatu je p\u0159ibli\u017en\u011b 500\u2013600 rupi\u00ed. S trochou vytrvalosti se v\u00e1m mo\u017en\u00e1 poda\u0159\u00ed cenu je\u0161t\u011b sn\u00ed\u017eit!<\/p>\n<p>&nbsp;<\/p>\n<h4>Online taxi aplikace<\/h4>\n<p>V sou\u010dasn\u00e9 dob\u011b jsou online taxislu\u017eby v Nep\u00e1lu velmi popul\u00e1rn\u00ed, stejn\u011b jako v jin\u00fdch asijsk\u00fdch zem\u00edch a v Evrop\u011b.<br \/>\nV Nep\u00e1lu existuj\u00ed t\u0159i r\u016fzn\u00ed poskytovatel\u00e9 online taxi nebo motocyklov\u00fdch slu\u017eeb. Zejm\u00e9na pokud cestujete sami s batohem a nem\u00e1te \u017e\u00e1dn\u00e9 zavazadlo, m\u016f\u017eete vyu\u017e\u00edt online motocyklovou slu\u017ebu, kter\u00e1 je mnohem levn\u011bj\u0161\u00ed ne\u017e taxi.<\/p>\n<p>Zn\u00e1m\u00fdm poskytovatelem online taxi slu\u017eeb v Nep\u00e1lu je <strong>Pathao<\/strong>, ale ve srovn\u00e1n\u00ed s <strong>InDrive<\/strong> a <strong>Yango<\/strong> je trochu dra\u017e\u0161\u00ed.<\/p>\n<p>Slu\u017eba <strong>Yango<\/strong> byla v Nep\u00e1lu spu\u0161t\u011bna v roce 2025, tak\u017ee nab\u00edz\u00ed slevy pro nov\u00e9 u\u017eivatele aplikace.&nbsp;<\/p>\n<p>Pokud chcete tyto online aplikace pou\u017e\u00edvat, ujist\u011bte se, \u017ee m\u00e1te nejprve aktivovanou nep\u00e1lskou SIM kartu.<br \/>\nNa leti\u0161ti jsou r\u016fzn\u00ed poskytovatel\u00e9 SIM karet, tak\u017ee si ji m\u016f\u017eete u\u017e koupit tam.<\/p>\n<p>V\u0161echny tyto aplikace po\u0161lou OTP k\u00f3d na va\u0161e nep\u00e1lsk\u00e9 telefonn\u00ed \u010d\u00edslo, abyste se mohli do aplikace prvn\u011b p\u0159ihl\u00e1sit. Pokud pou\u017eijete online taxi od Pathao nebo Indrive, cena za\u010d\u00edn\u00e1 na 450-550 rupi\u00edch, zat\u00edmco motocykl stoj\u00ed 150-200 rupi\u00ed. A od Yango je cena je\u0161t\u011b ni\u017e\u0161\u00ed.<\/p>\n<p><strong>Pathao<\/strong>&nbsp; <a href=\"https:\/\/pathao.com\/np\/\" target=\"_blank\" rel=\"noopener\">https:\/\/pathao.com\/np\/<\/a><br \/>\n<strong>InDrive<\/strong>&nbsp; <a href=\"https:\/\/indrive.com\/en-np\" target=\"_blank\" rel=\"noopener\">https:\/\/indrive.com\/en-np<\/a><br \/>\n<strong>Yango<\/strong>&nbsp; <a href=\"https:\/\/yango.com\/en_np\/\" target=\"_blank\" rel=\"noopener\">https:\/\/yango.com\/en_np\/<\/a><\/p>\n<p>&nbsp;<\/p>\n<h4>M\u00edstn\u00ed autobus z leti\u0161t\u011b v K\u00e1thm\u00e1nd\u00fa do Thamelu.<\/h4>\n<p>Do Thamelu nejezd\u00ed \u017e\u00e1dn\u00fd p\u0159\u00edm\u00fd autobus. Budete muset \u010dekat na autobus a j\u00edt kus p\u011b\u0161ky. Cesta k Thamelu, kter\u00e1 trv\u00e1 20 minut, m\u016f\u017ee zabrat i v\u00edce ne\u017e 60 minut, ale za zlomek ceny!<\/p>\n<p><strong>Z leti\u0161t\u011b do RNAC<\/strong> (nejlep\u0161\u00ed a nejpohodln\u011bj\u0161\u00ed)<\/p>\n<p>Z leti\u0161t\u011b v K\u00e1thm\u00e1nd\u00fa do m\u011bsta jezd\u00ed velk\u00e9 zelen\u00e9 ve\u0159ejn\u00e9 autobusy (Sajha Yatayat). Upozor\u0148ujeme, \u017ee tento autobus tak\u00e9 nejede p\u0159\u00edmo do Thamelu (turistick\u00e9ho centra). Zast\u00e1vka je v\u0161ak dostate\u010dn\u011b bl\u00edzko, abyste do Thamelu do\u0161li p\u011b\u0161ky. Pokud pojedete autobusem Sajha Yatayat z leti\u0161t\u011b v K\u00e1thm\u00e1nd\u00fa do Thamelu, vystupte pros\u00edm na zast\u00e1vce \u201eRNAC\u201c. Nach\u00e1z\u00ed se na severov\u00fdchodn\u00ed hranici Thamelu. Do Thamelu je to m\u00e9n\u011b ne\u017e 15 minut ch\u016fze. V roce 2026 bude j\u00edzdenka st\u00e1t 20 NPR, co\u017e odpov\u00edd\u00e1 0,22 USD.<\/p>\n<p>P\u0159\u00edpadn\u011b cesta z leti\u0161t\u011b do Thamelu p\u0159es Narayan Gopal Chowk v\u00e1s bude st\u00e1t 30\u201340 rupi\u00ed.<\/p>\n<p>&nbsp;<\/p>\n<p>&nbsp;<\/p>\n<p><a class=\"btn btn-primary\" title=\"NEP\u00c1L\" href=\"https:\/\/nacaj.cz\/indie\/nepal\/\">NEP\u00c1L<\/a> <a class=\"btn btn-success\" title=\"K\u00e1thm\u00e1nd\u00fa, Nep\u00e1l\" href=\"https:\/\/nacaj.cz\/indie\/kathmandu-nepal\/\">K\u00e1thm\u00e1nd\u00fa<\/a><\/p>\n<hr>\n<p>&nbsp;<\/p>\n<div class=\"synved-social-container synved-social-container-share\" style=\"text-align: right\"><a class=\"synved-social-button synved-social-button-share synved-social-size-32 synved-social-resolution-single synved-social-provider-facebook nolightbox\" data-provider=\"facebook\" target=\"_blank\" rel=\"nofollow\" title=\"Sd\u00edlejte na facebook.com\" href=\"https:\/\/www.facebook.com\/sharer.php?u=https%3A%2F%2Fnacaj.cz%2Findie%2Fwp-json%2Fwp%2Fv2%2Fpages%2F8702&#038;t=K%C3%A1thm%C3%A1nd%C3%BA%20%E2%80%93%20Nep%C3%A1l&#038;s=100&#038;p&#091;url&#093;=https%3A%2F%2Fnacaj.cz%2Findie%2Fwp-json%2Fwp%2Fv2%2Fpages%2F8702&#038;p&#091;images&#093;&#091;0&#093;=&#038;p&#091;title&#093;=K%C3%A1thm%C3%A1nd%C3%BA%20%E2%80%93%20Nep%C3%A1l\" style=\"font-size: 0px; width:32px;height:32px;margin:0;margin-bottom:5px;margin-right:5px;\"><img alt=\"Facebook\" title=\"Sd\u00edlejte na facebook.com\" class=\"synved-share-image synved-social-image synved-social-image-share\" width=\"32\" height=\"32\" style=\"display: inline; width:32px;height:32px; margin: 0; padding: 0; border: none; box-shadow: none;\" src=\"https:\/\/nacaj.cz\/indie\/wp-content\/plugins\/social-media-feather\/synved-social\/image\/social\/regular\/64x64\/facebook.png\" \/><\/a><a class=\"synved-social-button synved-social-button-share synved-social-size-32 synved-social-resolution-single synved-social-provider-twitter nolightbox\" data-provider=\"twitter\" target=\"_blank\" rel=\"nofollow\" title=\"Sd\u00edlejte na Twitteru\" href=\"https:\/\/twitter.com\/intent\/tweet?url=https%3A%2F%2Fnacaj.cz%2Findie%2Fwp-json%2Fwp%2Fv2%2Fpages%2F8702&#038;text=Sdd%C3%ADlejte%20s%20p%C5%99%C3%A1teli\" style=\"font-size: 0px; width:32px;height:32px;margin:0;margin-bottom:5px;margin-right:5px;\"><img alt=\"twitter\" title=\"Sd\u00edlejte na Twitteru\" class=\"synved-share-image synved-social-image synved-social-image-share\" width=\"32\" height=\"32\" style=\"display: inline; width:32px;height:32px; margin: 0; padding: 0; border: none; box-shadow: none;\" src=\"https:\/\/nacaj.cz\/indie\/wp-content\/plugins\/social-media-feather\/synved-social\/image\/social\/regular\/64x64\/twitter.png\" \/><\/a><a class=\"synved-social-button synved-social-button-share synved-social-size-32 synved-social-resolution-single synved-social-provider-reddit nolightbox\" data-provider=\"reddit\" target=\"_blank\" rel=\"nofollow\" title=\"Sd\u00edlejte na Reddit\" href=\"https:\/\/www.reddit.com\/submit?url=https%3A%2F%2Fnacaj.cz%2Findie%2Fwp-json%2Fwp%2Fv2%2Fpages%2F8702&#038;title=K%C3%A1thm%C3%A1nd%C3%BA%20%E2%80%93%20Nep%C3%A1l\" style=\"font-size: 0px; width:32px;height:32px;margin:0;margin-bottom:5px;margin-right:5px;\"><img alt=\"reddit\" title=\"Sd\u00edlejte na Reddit\" class=\"synved-share-image synved-social-image synved-social-image-share\" width=\"32\" height=\"32\" style=\"display: inline; width:32px;height:32px; margin: 0; padding: 0; border: none; box-shadow: none;\" src=\"https:\/\/nacaj.cz\/indie\/wp-content\/plugins\/social-media-feather\/synved-social\/image\/social\/regular\/64x64\/reddit.png\" \/><\/a><a class=\"synved-social-button synved-social-button-share synved-social-size-32 synved-social-resolution-single synved-social-provider-pinterest nolightbox\" data-provider=\"pinterest\" target=\"_blank\" rel=\"nofollow\" title=\"Pin it with Pinterest\" href=\"https:\/\/pinterest.com\/pin\/create\/button\/?url=https%3A%2F%2Fnacaj.cz%2Findie%2Fwp-json%2Fwp%2Fv2%2Fpages%2F8702&#038;media=&#038;description=K%C3%A1thm%C3%A1nd%C3%BA%20%E2%80%93%20Nep%C3%A1l\" style=\"font-size: 0px; width:32px;height:32px;margin:0;margin-bottom:5px;margin-right:5px;\"><img alt=\"pinterest\" title=\"Pin it with Pinterest\" class=\"synved-share-image synved-social-image synved-social-image-share\" width=\"32\" height=\"32\" style=\"display: inline; width:32px;height:32px; margin: 0; padding: 0; border: none; box-shadow: none;\" src=\"https:\/\/nacaj.cz\/indie\/wp-content\/plugins\/social-media-feather\/synved-social\/image\/social\/regular\/64x64\/pinterest.png\" \/><\/a><a class=\"synved-social-button synved-social-button-share synved-social-size-32 synved-social-resolution-single synved-social-provider-linkedin nolightbox\" data-provider=\"linkedin\" target=\"_blank\" rel=\"nofollow\" title=\"Sd\u00edlejte na Linkedin\" href=\"https:\/\/www.linkedin.com\/shareArticle?mini=true&#038;url=https%3A%2F%2Fnacaj.cz%2Findie%2Fwp-json%2Fwp%2Fv2%2Fpages%2F8702&#038;title=K%C3%A1thm%C3%A1nd%C3%BA%20%E2%80%93%20Nep%C3%A1l\" style=\"font-size: 0px; width:32px;height:32px;margin:0;margin-bottom:5px;margin-right:5px;\"><img alt=\"linkedin\" title=\"Sd\u00edlejte na Linkedin\" class=\"synved-share-image synved-social-image synved-social-image-share\" width=\"32\" height=\"32\" style=\"display: inline; width:32px;height:32px; margin: 0; padding: 0; border: none; box-shadow: none;\" src=\"https:\/\/nacaj.cz\/indie\/wp-content\/plugins\/social-media-feather\/synved-social\/image\/social\/regular\/64x64\/linkedin.png\" \/><\/a><a class=\"synved-social-button synved-social-button-share synved-social-size-32 synved-social-resolution-single synved-social-provider-tumblr nolightbox\" data-provider=\"tumblr\" target=\"_blank\" rel=\"nofollow\" title=\"Sd\u00edlejte na Tumblr\" href=\"https:\/\/tumblr.com\/share?s=&#038;v=3&#038;t=K%C3%A1thm%C3%A1nd%C3%BA%20%E2%80%93%20Nep%C3%A1l&#038;u=https%3A%2F%2Fnacaj.cz%2Findie%2Fwp-json%2Fwp%2Fv2%2Fpages%2F8702\" style=\"font-size: 0px; width:32px;height:32px;margin:0;margin-bottom:5px;\"><img alt=\"tumblr\" title=\"Sd\u00edlejte na Tumblr\" class=\"synved-share-image synved-social-image synved-social-image-share\" width=\"32\" height=\"32\" style=\"display: inline; width:32px;height:32px; margin: 0; padding: 0; border: none; box-shadow: none;\" src=\"https:\/\/nacaj.cz\/indie\/wp-content\/plugins\/social-media-feather\/synved-social\/image\/social\/regular\/64x64\/tumblr.png\" \/><\/a><\/div>","protected":false},"excerpt":{"rendered":"<p>&nbsp; NEP\u00c1L K\u00e1thm\u00e1nd\u00fa &nbsp; Leti\u0161t\u011b K\u00e1thm\u00e1nd\u00fa &nbsp; Bezplatn\u00e9 Wi-Fi na leti\u0161ti v K\u00e1thm\u00e1nd\u00fa Bezplatn\u00e1 Wi-Fi slu\u017eba je k dispozici v mezin\u00e1rodn\u00edm termin\u00e1lu od odletov\u00e9 haly a\u017e po p\u0159\u00edletovou halu. Cestuj\u00edc\u00ed [&hellip;]<\/p>\n","protected":false},"author":1,"featured_media":0,"parent":0,"menu_order":0,"comment_status":"closed","ping_status":"closed","template":"","meta":{"ngg_post_thumbnail":0},"yoast_head":"<!-- This site is optimized with the Yoast SEO plugin v16.3 - https:\/\/yoast.com\/wordpress\/plugins\/seo\/ -->\n<title>K\u00e1thm\u00e1nd\u00fa - Nep\u00e1l<\/title>\n<meta name=\"description\" content=\"Cestov\u00e1n\u00ed do Nep\u00e1lu. Leti\u0161t\u011b K\u00e1thm\u00e1nd\u00fa. TAXI z leti\u0161t\u011b v K\u00e1thm\u00e1nd\u00fa do Thamelu. Online taxi aplikace v Nep\u00e1lu. M\u00edstn\u00ed autobus z leti\u0161t\u011b.\" \/>\n<meta name=\"robots\" content=\"index, follow, max-snippet:-1, max-image-preview:large, max-video-preview:-1\" \/>\n<link rel=\"canonical\" href=\"https:\/\/nacaj.cz\/indie\/kathmandu-nepal\/\" \/>\n<meta property=\"og:locale\" content=\"cs_CZ\" \/>\n<meta property=\"og:type\" content=\"article\" \/>\n<meta property=\"og:title\" content=\"K\u00e1thm\u00e1nd\u00fa - Nep\u00e1l\" \/>\n<meta property=\"og:description\" content=\"Cestov\u00e1n\u00ed do Nep\u00e1lu. Leti\u0161t\u011b K\u00e1thm\u00e1nd\u00fa. TAXI z leti\u0161t\u011b v K\u00e1thm\u00e1nd\u00fa do Thamelu. Online taxi aplikace v Nep\u00e1lu. M\u00edstn\u00ed autobus z leti\u0161t\u011b.\" \/>\n<meta property=\"og:url\" content=\"https:\/\/nacaj.cz\/indie\/kathmandu-nepal\/\" \/>\n<meta property=\"og:site_name\" content=\"INDIE - Cestov\u00e1n\u00ed po Indii\" \/>\n<meta property=\"article:publisher\" content=\"https:\/\/www.facebook.com\/travel.exotika\/\" \/>\n<meta property=\"article:modified_time\" content=\"2026-03-10T09:32:28+00:00\" \/>\n<meta property=\"og:image\" content=\"https:\/\/nacaj.cz\/indie\/wp-content\/uploads\/2017\/11\/Indie-cestovani-po-indii.jpg\" \/>\n\t<meta property=\"og:image:width\" content=\"651\" \/>\n\t<meta property=\"og:image:height\" content=\"530\" \/>\n<meta name=\"twitter:label1\" content=\"Odhadovan\u00e1 doba \u010dten\u00ed\">\n\t<meta name=\"twitter:data1\" content=\"3 minuty\">\n<script type=\"application\/ld+json\" class=\"yoast-schema-graph\">{\"@context\":\"https:\/\/schema.org\",\"@graph\":[{\"@type\":\"Organization\",\"@id\":\"https:\/\/nacaj.cz\/indie\/#organization\",\"name\":\"NaCaj.cz\",\"url\":\"https:\/\/nacaj.cz\/indie\/\",\"sameAs\":[\"https:\/\/www.facebook.com\/travel.exotika\/\"],\"logo\":{\"@type\":\"ImageObject\",\"@id\":\"https:\/\/nacaj.cz\/indie\/#logo\",\"inLanguage\":\"cs\",\"url\":\"https:\/\/nacaj.cz\/indie\/wp-content\/uploads\/2018\/01\/Indie-cestovani-po-indii.jpg\",\"contentUrl\":\"https:\/\/nacaj.cz\/indie\/wp-content\/uploads\/2018\/01\/Indie-cestovani-po-indii.jpg\",\"width\":651,\"height\":530,\"caption\":\"NaCaj.cz\"},\"image\":{\"@id\":\"https:\/\/nacaj.cz\/indie\/#logo\"}},{\"@type\":\"WebSite\",\"@id\":\"https:\/\/nacaj.cz\/indie\/#website\",\"url\":\"https:\/\/nacaj.cz\/indie\/\",\"name\":\"INDIE - Cestov\\u00e1n\\u00ed po Indii\",\"description\":\"Cestov\\u00e1n\\u00ed: Exotika :-)\",\"publisher\":{\"@id\":\"https:\/\/nacaj.cz\/indie\/#organization\"},\"potentialAction\":[{\"@type\":\"SearchAction\",\"target\":\"https:\/\/nacaj.cz\/indie\/?s={search_term_string}\",\"query-input\":\"required name=search_term_string\"}],\"inLanguage\":\"cs\"},{\"@type\":\"WebPage\",\"@id\":\"https:\/\/nacaj.cz\/indie\/kathmandu-nepal\/#webpage\",\"url\":\"https:\/\/nacaj.cz\/indie\/kathmandu-nepal\/\",\"name\":\"K\\u00e1thm\\u00e1nd\\u00fa - Nep\\u00e1l\",\"isPartOf\":{\"@id\":\"https:\/\/nacaj.cz\/indie\/#website\"},\"datePublished\":\"2026-03-09T18:28:57+00:00\",\"dateModified\":\"2026-03-10T09:32:28+00:00\",\"description\":\"Cestov\\u00e1n\\u00ed do Nep\\u00e1lu. Leti\\u0161t\\u011b K\\u00e1thm\\u00e1nd\\u00fa. TAXI z leti\\u0161t\\u011b v K\\u00e1thm\\u00e1nd\\u00fa do Thamelu. Online taxi aplikace v Nep\\u00e1lu. M\\u00edstn\\u00ed autobus z leti\\u0161t\\u011b.\",\"breadcrumb\":{\"@id\":\"https:\/\/nacaj.cz\/indie\/kathmandu-nepal\/#breadcrumb\"},\"inLanguage\":\"cs\",\"potentialAction\":[{\"@type\":\"ReadAction\",\"target\":[\"https:\/\/nacaj.cz\/indie\/kathmandu-nepal\/\"]}]},{\"@type\":\"BreadcrumbList\",\"@id\":\"https:\/\/nacaj.cz\/indie\/kathmandu-nepal\/#breadcrumb\",\"itemListElement\":[{\"@type\":\"ListItem\",\"position\":1,\"item\":{\"@type\":\"WebPage\",\"@id\":\"https:\/\/nacaj.cz\/indie\/\",\"url\":\"https:\/\/nacaj.cz\/indie\/\",\"name\":\"Dom\\u016f\"}},{\"@type\":\"ListItem\",\"position\":2,\"item\":{\"@id\":\"https:\/\/nacaj.cz\/indie\/kathmandu-nepal\/#webpage\"}}]}]}<\/script>\n<!-- \/ Yoast SEO plugin. -->","_links":{"self":[{"href":"https:\/\/nacaj.cz\/indie\/wp-json\/wp\/v2\/pages\/8702"}],"collection":[{"href":"https:\/\/nacaj.cz\/indie\/wp-json\/wp\/v2\/pages"}],"about":[{"href":"https:\/\/nacaj.cz\/indie\/wp-json\/wp\/v2\/types\/page"}],"author":[{"embeddable":true,"href":"https:\/\/nacaj.cz\/indie\/wp-json\/wp\/v2\/users\/1"}],"replies":[{"embeddable":true,"href":"https:\/\/nacaj.cz\/indie\/wp-json\/wp\/v2\/comments?post=8702"}],"version-history":[{"count":0,"href":"https:\/\/nacaj.cz\/indie\/wp-json\/wp\/v2\/pages\/8702\/revisions"}],"wp:attachment":[{"href":"https:\/\/nacaj.cz\/indie\/wp-json\/wp\/v2\/media?parent=8702"}],"curies":[{"name":"wp","href":"https:\/\/api.w.org\/{rel}","templated":true}]}}