{"id":6811,"date":"2021-11-20T12:41:56","date_gmt":"2021-11-20T11:41:56","guid":{"rendered":"https:\/\/nacaj.cz\/indie\/?page_id=6811"},"modified":"2021-11-29T11:48:52","modified_gmt":"2021-11-29T10:48:52","slug":"solarni-energie","status":"publish","type":"page","link":"https:\/\/nacaj.cz\/indie\/solarni-energie\/","title":{"rendered":"* Sol\u00e1rn\u00ed Energie"},"content":{"rendered":"<div class=\"synved-social-container synved-social-container-share\" style=\"text-align: right\"><a class=\"synved-social-button synved-social-button-share synved-social-size-32 synved-social-resolution-single synved-social-provider-facebook nolightbox\" data-provider=\"facebook\" target=\"_blank\" rel=\"nofollow\" title=\"Sd\u00edlejte na facebook.com\" href=\"https:\/\/www.facebook.com\/sharer.php?u=https%3A%2F%2Fnacaj.cz%2Findie%2Fwp-json%2Fwp%2Fv2%2Fpages%2F6811&#038;t=%2A%20Sol%C3%A1rn%C3%AD%20Energie&#038;s=100&#038;p&#091;url&#093;=https%3A%2F%2Fnacaj.cz%2Findie%2Fwp-json%2Fwp%2Fv2%2Fpages%2F6811&#038;p&#091;images&#093;&#091;0&#093;=&#038;p&#091;title&#093;=%2A%20Sol%C3%A1rn%C3%AD%20Energie\" style=\"font-size: 0px; width:32px;height:32px;margin:0;margin-bottom:5px;margin-right:5px;\"><img alt=\"Facebook\" title=\"Sd\u00edlejte na facebook.com\" class=\"synved-share-image synved-social-image synved-social-image-share\" width=\"32\" height=\"32\" style=\"display: inline; width:32px;height:32px; margin: 0; padding: 0; border: none; box-shadow: none;\" src=\"https:\/\/nacaj.cz\/indie\/wp-content\/plugins\/social-media-feather\/synved-social\/image\/social\/regular\/64x64\/facebook.png\" \/><\/a><a class=\"synved-social-button synved-social-button-share synved-social-size-32 synved-social-resolution-single synved-social-provider-twitter nolightbox\" data-provider=\"twitter\" target=\"_blank\" rel=\"nofollow\" title=\"Sd\u00edlejte na Twitteru\" href=\"https:\/\/twitter.com\/intent\/tweet?url=https%3A%2F%2Fnacaj.cz%2Findie%2Fwp-json%2Fwp%2Fv2%2Fpages%2F6811&#038;text=Sdd%C3%ADlejte%20s%20p%C5%99%C3%A1teli\" style=\"font-size: 0px; width:32px;height:32px;margin:0;margin-bottom:5px;margin-right:5px;\"><img alt=\"twitter\" title=\"Sd\u00edlejte na Twitteru\" class=\"synved-share-image synved-social-image synved-social-image-share\" width=\"32\" height=\"32\" style=\"display: inline; width:32px;height:32px; margin: 0; padding: 0; border: none; box-shadow: none;\" src=\"https:\/\/nacaj.cz\/indie\/wp-content\/plugins\/social-media-feather\/synved-social\/image\/social\/regular\/64x64\/twitter.png\" \/><\/a><a class=\"synved-social-button synved-social-button-share synved-social-size-32 synved-social-resolution-single synved-social-provider-reddit nolightbox\" data-provider=\"reddit\" target=\"_blank\" rel=\"nofollow\" title=\"Sd\u00edlejte na Reddit\" href=\"https:\/\/www.reddit.com\/submit?url=https%3A%2F%2Fnacaj.cz%2Findie%2Fwp-json%2Fwp%2Fv2%2Fpages%2F6811&#038;title=%2A%20Sol%C3%A1rn%C3%AD%20Energie\" style=\"font-size: 0px; width:32px;height:32px;margin:0;margin-bottom:5px;margin-right:5px;\"><img alt=\"reddit\" title=\"Sd\u00edlejte na Reddit\" class=\"synved-share-image synved-social-image synved-social-image-share\" width=\"32\" height=\"32\" style=\"display: inline; width:32px;height:32px; margin: 0; padding: 0; border: none; box-shadow: none;\" src=\"https:\/\/nacaj.cz\/indie\/wp-content\/plugins\/social-media-feather\/synved-social\/image\/social\/regular\/64x64\/reddit.png\" \/><\/a><a class=\"synved-social-button synved-social-button-share synved-social-size-32 synved-social-resolution-single synved-social-provider-pinterest nolightbox\" data-provider=\"pinterest\" target=\"_blank\" rel=\"nofollow\" title=\"Pin it with Pinterest\" href=\"https:\/\/pinterest.com\/pin\/create\/button\/?url=https%3A%2F%2Fnacaj.cz%2Findie%2Fwp-json%2Fwp%2Fv2%2Fpages%2F6811&#038;media=&#038;description=%2A%20Sol%C3%A1rn%C3%AD%20Energie\" style=\"font-size: 0px; width:32px;height:32px;margin:0;margin-bottom:5px;margin-right:5px;\"><img alt=\"pinterest\" title=\"Pin it with Pinterest\" class=\"synved-share-image synved-social-image synved-social-image-share\" width=\"32\" height=\"32\" style=\"display: inline; width:32px;height:32px; margin: 0; padding: 0; border: none; box-shadow: none;\" src=\"https:\/\/nacaj.cz\/indie\/wp-content\/plugins\/social-media-feather\/synved-social\/image\/social\/regular\/64x64\/pinterest.png\" \/><\/a><a class=\"synved-social-button synved-social-button-share synved-social-size-32 synved-social-resolution-single synved-social-provider-linkedin nolightbox\" data-provider=\"linkedin\" target=\"_blank\" rel=\"nofollow\" title=\"Sd\u00edlejte na Linkedin\" href=\"https:\/\/www.linkedin.com\/shareArticle?mini=true&#038;url=https%3A%2F%2Fnacaj.cz%2Findie%2Fwp-json%2Fwp%2Fv2%2Fpages%2F6811&#038;title=%2A%20Sol%C3%A1rn%C3%AD%20Energie\" style=\"font-size: 0px; width:32px;height:32px;margin:0;margin-bottom:5px;margin-right:5px;\"><img alt=\"linkedin\" title=\"Sd\u00edlejte na Linkedin\" class=\"synved-share-image synved-social-image synved-social-image-share\" width=\"32\" height=\"32\" style=\"display: inline; width:32px;height:32px; margin: 0; padding: 0; border: none; box-shadow: none;\" src=\"https:\/\/nacaj.cz\/indie\/wp-content\/plugins\/social-media-feather\/synved-social\/image\/social\/regular\/64x64\/linkedin.png\" \/><\/a><a class=\"synved-social-button synved-social-button-share synved-social-size-32 synved-social-resolution-single synved-social-provider-tumblr nolightbox\" data-provider=\"tumblr\" target=\"_blank\" rel=\"nofollow\" title=\"Sd\u00edlejte na Tumblr\" href=\"https:\/\/tumblr.com\/share?s=&#038;v=3&#038;t=%2A%20Sol%C3%A1rn%C3%AD%20Energie&#038;u=https%3A%2F%2Fnacaj.cz%2Findie%2Fwp-json%2Fwp%2Fv2%2Fpages%2F6811\" style=\"font-size: 0px; width:32px;height:32px;margin:0;margin-bottom:5px;\"><img alt=\"tumblr\" title=\"Sd\u00edlejte na Tumblr\" class=\"synved-share-image synved-social-image synved-social-image-share\" width=\"32\" height=\"32\" style=\"display: inline; width:32px;height:32px; margin: 0; padding: 0; border: none; box-shadow: none;\" src=\"https:\/\/nacaj.cz\/indie\/wp-content\/plugins\/social-media-feather\/synved-social\/image\/social\/regular\/64x64\/tumblr.png\" \/><\/a><\/div><h4><span style=\"color: #339966;\"><strong>LIVING<\/strong>:<\/span>&nbsp; <span style=\"color: #808080;\"><span style=\"color: #999999;\">bydlen\u00ed, stav\u011bn\u00ed, materi\u00e1ly, inspirac<\/span>e<\/span><\/h4>\n<h4>| <a href=\"https:\/\/nacaj.cz\/indie\/bydleni\/\">stavba<\/a> | <a href=\"https:\/\/nacaj.cz\/indie\/solarni-energie\/\">sol\u00e1rn\u00ed energie<\/a> | <a href=\"https:\/\/nacaj.cz\/indie\/bydleni-inspirace\/\">inspirace<\/a> |<\/h4>\n<hr>\n<p>&nbsp;<\/p>\n<h2><span style=\"color: #ff9900;\">Vyu\u017eit\u00ed slune\u010dn\u00ed energie<\/span><\/h2>\n<p>&nbsp;<\/p>\n<h3>Pasivn\u00ed sol\u00e1rn\u00ed syst\u00e9my a sol\u00e1rn\u00ed kolektory<\/h3>\n<ul>\n<li>\n<h4><a title=\"Pasivn\u00ed sol\u00e1rn\u00ed syst\u00e9my\" href=\"https:\/\/nacaj.cz\/indie\/pasivni-solarni-systemy\/\">Pasivn\u00ed sol\u00e1rn\u00ed syst\u00e9my<\/a><\/h4>\n<ul>\n<li>Pas\u00edvn\u00ed sol\u00e1rn\u00ed syst\u00e9m k oh\u0159evu vzduchu a akumulaci tepla: Trombeho st\u011bna<\/li>\n<li>Oh\u0159ev vzduchu slune\u010dn\u00edm z\u00e1\u0159en\u00edm<\/li>\n<li>Oh\u0159ev m\u00e9dia slune\u010dn\u00edm z\u00e1\u0159en\u00edm (voda, olej, kapaln\u00e9 sm\u011bsi)&nbsp;<\/li>\n<\/ul>\n<\/li>\n<\/ul>\n<p>&nbsp;<\/p>\n<h3>Fotovoltaika<\/h3>\n<ul>\n<li>\n<h4><a title=\"Fotovoltaika: Sol\u00e1rn\u00ed panely: typy sol\u00e1rn\u00edch panel\u016f: srovn\u00e1n\u00ed\" href=\"https:\/\/nacaj.cz\/indie\/fotovoltaika-solarni-panely\/\">Fotovoltaika, Sol\u00e1rn\u00ed panely a komponenty a sch\u00e9mata<\/a><\/h4>\n<p>\u2022 Typy sol\u00e1rn\u00edch panel\u016f<br \/>\n\u2022 Sestaven\u00ed mal\u00e9 dom\u00e1c\u00ed sol\u00e1rn\u00ed elektr\u00e1rny<br \/>\n\u2022 Kalkul\u00e1tor pro zji\u0161t\u011bn\u00ed hodnot v\u0161ech pot\u0159ebn\u00fdch d\u00edl\u016f<br \/>\n&#8211; Fotovoltaick\u00fd panel, Sol\u00e1rn\u00ed regul\u00e1tor (nab\u00edje\u010d) baterie, m\u011bni\u010d nap\u011bt\u00ed (st\u0159\u00edda\u010d), jisti\u010de, odpojova\u010d baterie<\/li>\n<\/ul>\n<h4>&nbsp;<\/h4>\n<h4>&nbsp;<\/h4>\n<p>&nbsp;<\/p>\n<h4>Dal\u0161\u00ed \u010dl\u00e1nky<\/h4>\n<ul>\n<li><strong><a title=\"Architektura - bydlen\u00ed - inspirace\" href=\"https:\/\/nacaj.cz\/indie\/bydleni-inspirace\/\">Architektura &#8211; bydlen\u00ed &#8211; inspirace<\/a><\/strong><\/li>\n<\/ul>\n<p>&nbsp;<\/p>\n<ul>\n<li><strong><a href=\"https:\/\/nacaj.cz\/indie\/fermentace-a-domaci-vino\/\">Dom\u00e1c\u00ed v\u00edno a jin\u00e9 fermentace<\/a><\/strong><\/li>\n<\/ul>\n<p>&nbsp;<\/p>\n<ul>\n<li><strong><a title=\"Kvalitn\u00ed webhosting v \u010cech\u00e1ch za dobrou cenu\" href=\"https:\/\/nacaj.cz\/indie\/kvalitni-webhosting-za-dobrou-cenu\/\">Kvalitn\u00ed webhosting v \u010cech\u00e1ch za dobrou cenu<\/a><\/strong><\/li>\n<li><a href=\"https:\/\/nacaj.cz\/indie\/mourek\/\">Chytr\u00e1 televize a Android TV<\/a><\/li>\n<li><a title=\"Recenze HP Pavilion 15-cw\" href=\"https:\/\/nacaj.cz\/indie\/hp-pavilion-15-cw\/\">HP Pavilion 15-cw, notebook kter\u00fd se nepovedl<\/a><\/li>\n<\/ul>\n<p>&nbsp;<\/p>\n<div class=\"synved-social-container synved-social-container-share\" style=\"text-align: right\"><a class=\"synved-social-button synved-social-button-share synved-social-size-32 synved-social-resolution-single synved-social-provider-facebook nolightbox\" data-provider=\"facebook\" target=\"_blank\" rel=\"nofollow\" title=\"Sd\u00edlejte na facebook.com\" href=\"https:\/\/www.facebook.com\/sharer.php?u=https%3A%2F%2Fnacaj.cz%2Findie%2Fwp-json%2Fwp%2Fv2%2Fpages%2F6811&#038;t=%2A%20Sol%C3%A1rn%C3%AD%20Energie&#038;s=100&#038;p&#091;url&#093;=https%3A%2F%2Fnacaj.cz%2Findie%2Fwp-json%2Fwp%2Fv2%2Fpages%2F6811&#038;p&#091;images&#093;&#091;0&#093;=&#038;p&#091;title&#093;=%2A%20Sol%C3%A1rn%C3%AD%20Energie\" style=\"font-size: 0px; width:32px;height:32px;margin:0;margin-bottom:5px;margin-right:5px;\"><img alt=\"Facebook\" title=\"Sd\u00edlejte na facebook.com\" class=\"synved-share-image synved-social-image synved-social-image-share\" width=\"32\" height=\"32\" style=\"display: inline; width:32px;height:32px; margin: 0; padding: 0; border: none; box-shadow: none;\" src=\"https:\/\/nacaj.cz\/indie\/wp-content\/plugins\/social-media-feather\/synved-social\/image\/social\/regular\/64x64\/facebook.png\" \/><\/a><a class=\"synved-social-button synved-social-button-share synved-social-size-32 synved-social-resolution-single synved-social-provider-twitter nolightbox\" data-provider=\"twitter\" target=\"_blank\" rel=\"nofollow\" title=\"Sd\u00edlejte na Twitteru\" href=\"https:\/\/twitter.com\/intent\/tweet?url=https%3A%2F%2Fnacaj.cz%2Findie%2Fwp-json%2Fwp%2Fv2%2Fpages%2F6811&#038;text=Sdd%C3%ADlejte%20s%20p%C5%99%C3%A1teli\" style=\"font-size: 0px; width:32px;height:32px;margin:0;margin-bottom:5px;margin-right:5px;\"><img alt=\"twitter\" title=\"Sd\u00edlejte na Twitteru\" class=\"synved-share-image synved-social-image synved-social-image-share\" width=\"32\" height=\"32\" style=\"display: inline; width:32px;height:32px; margin: 0; padding: 0; border: none; box-shadow: none;\" src=\"https:\/\/nacaj.cz\/indie\/wp-content\/plugins\/social-media-feather\/synved-social\/image\/social\/regular\/64x64\/twitter.png\" \/><\/a><a class=\"synved-social-button synved-social-button-share synved-social-size-32 synved-social-resolution-single synved-social-provider-reddit nolightbox\" data-provider=\"reddit\" target=\"_blank\" rel=\"nofollow\" title=\"Sd\u00edlejte na Reddit\" href=\"https:\/\/www.reddit.com\/submit?url=https%3A%2F%2Fnacaj.cz%2Findie%2Fwp-json%2Fwp%2Fv2%2Fpages%2F6811&#038;title=%2A%20Sol%C3%A1rn%C3%AD%20Energie\" style=\"font-size: 0px; width:32px;height:32px;margin:0;margin-bottom:5px;margin-right:5px;\"><img alt=\"reddit\" title=\"Sd\u00edlejte na Reddit\" class=\"synved-share-image synved-social-image synved-social-image-share\" width=\"32\" height=\"32\" style=\"display: inline; width:32px;height:32px; margin: 0; padding: 0; border: none; box-shadow: none;\" src=\"https:\/\/nacaj.cz\/indie\/wp-content\/plugins\/social-media-feather\/synved-social\/image\/social\/regular\/64x64\/reddit.png\" \/><\/a><a class=\"synved-social-button synved-social-button-share synved-social-size-32 synved-social-resolution-single synved-social-provider-pinterest nolightbox\" data-provider=\"pinterest\" target=\"_blank\" rel=\"nofollow\" title=\"Pin it with Pinterest\" href=\"https:\/\/pinterest.com\/pin\/create\/button\/?url=https%3A%2F%2Fnacaj.cz%2Findie%2Fwp-json%2Fwp%2Fv2%2Fpages%2F6811&#038;media=&#038;description=%2A%20Sol%C3%A1rn%C3%AD%20Energie\" style=\"font-size: 0px; width:32px;height:32px;margin:0;margin-bottom:5px;margin-right:5px;\"><img alt=\"pinterest\" title=\"Pin it with Pinterest\" class=\"synved-share-image synved-social-image synved-social-image-share\" width=\"32\" height=\"32\" style=\"display: inline; width:32px;height:32px; margin: 0; padding: 0; border: none; box-shadow: none;\" src=\"https:\/\/nacaj.cz\/indie\/wp-content\/plugins\/social-media-feather\/synved-social\/image\/social\/regular\/64x64\/pinterest.png\" \/><\/a><a class=\"synved-social-button synved-social-button-share synved-social-size-32 synved-social-resolution-single synved-social-provider-linkedin nolightbox\" data-provider=\"linkedin\" target=\"_blank\" rel=\"nofollow\" title=\"Sd\u00edlejte na Linkedin\" href=\"https:\/\/www.linkedin.com\/shareArticle?mini=true&#038;url=https%3A%2F%2Fnacaj.cz%2Findie%2Fwp-json%2Fwp%2Fv2%2Fpages%2F6811&#038;title=%2A%20Sol%C3%A1rn%C3%AD%20Energie\" style=\"font-size: 0px; width:32px;height:32px;margin:0;margin-bottom:5px;margin-right:5px;\"><img alt=\"linkedin\" title=\"Sd\u00edlejte na Linkedin\" class=\"synved-share-image synved-social-image synved-social-image-share\" width=\"32\" height=\"32\" style=\"display: inline; width:32px;height:32px; margin: 0; padding: 0; border: none; box-shadow: none;\" src=\"https:\/\/nacaj.cz\/indie\/wp-content\/plugins\/social-media-feather\/synved-social\/image\/social\/regular\/64x64\/linkedin.png\" \/><\/a><a class=\"synved-social-button synved-social-button-share synved-social-size-32 synved-social-resolution-single synved-social-provider-tumblr nolightbox\" data-provider=\"tumblr\" target=\"_blank\" rel=\"nofollow\" title=\"Sd\u00edlejte na Tumblr\" href=\"https:\/\/tumblr.com\/share?s=&#038;v=3&#038;t=%2A%20Sol%C3%A1rn%C3%AD%20Energie&#038;u=https%3A%2F%2Fnacaj.cz%2Findie%2Fwp-json%2Fwp%2Fv2%2Fpages%2F6811\" style=\"font-size: 0px; width:32px;height:32px;margin:0;margin-bottom:5px;\"><img alt=\"tumblr\" title=\"Sd\u00edlejte na Tumblr\" class=\"synved-share-image synved-social-image synved-social-image-share\" width=\"32\" height=\"32\" style=\"display: inline; width:32px;height:32px; margin: 0; padding: 0; border: none; box-shadow: none;\" src=\"https:\/\/nacaj.cz\/indie\/wp-content\/plugins\/social-media-feather\/synved-social\/image\/social\/regular\/64x64\/tumblr.png\" \/><\/a><\/div>","protected":false},"excerpt":{"rendered":"<p>LIVING:&nbsp; bydlen\u00ed, stav\u011bn\u00ed, materi\u00e1ly, inspirace | stavba | sol\u00e1rn\u00ed energie | inspirace | &nbsp; Vyu\u017eit\u00ed slune\u010dn\u00ed energie &nbsp; Pasivn\u00ed sol\u00e1rn\u00ed syst\u00e9my a sol\u00e1rn\u00ed kolektory Pasivn\u00ed sol\u00e1rn\u00ed syst\u00e9my Pas\u00edvn\u00ed sol\u00e1rn\u00ed syst\u00e9m [&hellip;]<\/p>\n","protected":false},"author":1,"featured_media":0,"parent":0,"menu_order":0,"comment_status":"closed","ping_status":"closed","template":"page-full-width.php","meta":{"ngg_post_thumbnail":0},"yoast_head":"<!-- This site is optimized with the Yoast SEO plugin v16.3 - https:\/\/yoast.com\/wordpress\/plugins\/seo\/ -->\n<title>Sol\u00e1rn\u00ed Energie * vyu\u017eit\u00ed slune\u010dn\u00ed energie<\/title>\n<meta name=\"description\" content=\"Fotovoltaika: Sol\u00e1rn\u00ed panely a komponenty a sch\u00e9mata. Sestaven\u00ed mal\u00e9 dom\u00e1c\u00ed sol\u00e1rn\u00ed elektr\u00e1rny. Pasivn\u00ed sol\u00e1rn\u00ed syst\u00e9my a sol\u00e1rn\u00ed kolektory.\" \/>\n<meta name=\"robots\" content=\"index, follow, max-snippet:-1, max-image-preview:large, max-video-preview:-1\" \/>\n<link rel=\"canonical\" href=\"https:\/\/nacaj.cz\/indie\/solarni-energie\/\" \/>\n<meta property=\"og:locale\" content=\"cs_CZ\" \/>\n<meta property=\"og:type\" content=\"article\" \/>\n<meta property=\"og:title\" content=\"Sol\u00e1rn\u00ed Energie * vyu\u017eit\u00ed slune\u010dn\u00ed energie\" \/>\n<meta property=\"og:description\" content=\"Fotovoltaika: Sol\u00e1rn\u00ed panely a komponenty a sch\u00e9mata. Sestaven\u00ed mal\u00e9 dom\u00e1c\u00ed sol\u00e1rn\u00ed elektr\u00e1rny. Pasivn\u00ed sol\u00e1rn\u00ed syst\u00e9my a sol\u00e1rn\u00ed kolektory.\" \/>\n<meta property=\"og:url\" content=\"https:\/\/nacaj.cz\/indie\/solarni-energie\/\" \/>\n<meta property=\"og:site_name\" content=\"INDIE - Cestov\u00e1n\u00ed po Indii\" \/>\n<meta property=\"article:publisher\" content=\"https:\/\/www.facebook.com\/travel.exotika\/\" \/>\n<meta property=\"article:modified_time\" content=\"2021-11-29T10:48:52+00:00\" \/>\n<meta property=\"og:image\" content=\"https:\/\/nacaj.cz\/indie\/wp-content\/uploads\/2017\/11\/Indie-cestovani-po-indii.jpg\" \/>\n\t<meta property=\"og:image:width\" content=\"651\" \/>\n\t<meta property=\"og:image:height\" content=\"530\" \/>\n<meta name=\"twitter:label1\" content=\"Odhadovan\u00e1 doba \u010dten\u00ed\">\n\t<meta name=\"twitter:data1\" content=\"1 minuta\">\n<script type=\"application\/ld+json\" class=\"yoast-schema-graph\">{\"@context\":\"https:\/\/schema.org\",\"@graph\":[{\"@type\":\"Organization\",\"@id\":\"https:\/\/nacaj.cz\/indie\/#organization\",\"name\":\"NaCaj.cz\",\"url\":\"https:\/\/nacaj.cz\/indie\/\",\"sameAs\":[\"https:\/\/www.facebook.com\/travel.exotika\/\"],\"logo\":{\"@type\":\"ImageObject\",\"@id\":\"https:\/\/nacaj.cz\/indie\/#logo\",\"inLanguage\":\"cs\",\"url\":\"https:\/\/nacaj.cz\/indie\/wp-content\/uploads\/2018\/01\/Indie-cestovani-po-indii.jpg\",\"contentUrl\":\"https:\/\/nacaj.cz\/indie\/wp-content\/uploads\/2018\/01\/Indie-cestovani-po-indii.jpg\",\"width\":651,\"height\":530,\"caption\":\"NaCaj.cz\"},\"image\":{\"@id\":\"https:\/\/nacaj.cz\/indie\/#logo\"}},{\"@type\":\"WebSite\",\"@id\":\"https:\/\/nacaj.cz\/indie\/#website\",\"url\":\"https:\/\/nacaj.cz\/indie\/\",\"name\":\"INDIE - Cestov\\u00e1n\\u00ed po Indii\",\"description\":\"Cestov\\u00e1n\\u00ed: Exotika :-)\",\"publisher\":{\"@id\":\"https:\/\/nacaj.cz\/indie\/#organization\"},\"potentialAction\":[{\"@type\":\"SearchAction\",\"target\":\"https:\/\/nacaj.cz\/indie\/?s={search_term_string}\",\"query-input\":\"required name=search_term_string\"}],\"inLanguage\":\"cs\"},{\"@type\":\"WebPage\",\"@id\":\"https:\/\/nacaj.cz\/indie\/solarni-energie\/#webpage\",\"url\":\"https:\/\/nacaj.cz\/indie\/solarni-energie\/\",\"name\":\"Sol\\u00e1rn\\u00ed Energie * vyu\\u017eit\\u00ed slune\\u010dn\\u00ed energie\",\"isPartOf\":{\"@id\":\"https:\/\/nacaj.cz\/indie\/#website\"},\"datePublished\":\"2021-11-20T11:41:56+00:00\",\"dateModified\":\"2021-11-29T10:48:52+00:00\",\"description\":\"Fotovoltaika: Sol\\u00e1rn\\u00ed panely a komponenty a sch\\u00e9mata. Sestaven\\u00ed mal\\u00e9 dom\\u00e1c\\u00ed sol\\u00e1rn\\u00ed elektr\\u00e1rny. Pasivn\\u00ed sol\\u00e1rn\\u00ed syst\\u00e9my a sol\\u00e1rn\\u00ed kolektory.\",\"breadcrumb\":{\"@id\":\"https:\/\/nacaj.cz\/indie\/solarni-energie\/#breadcrumb\"},\"inLanguage\":\"cs\",\"potentialAction\":[{\"@type\":\"ReadAction\",\"target\":[\"https:\/\/nacaj.cz\/indie\/solarni-energie\/\"]}]},{\"@type\":\"BreadcrumbList\",\"@id\":\"https:\/\/nacaj.cz\/indie\/solarni-energie\/#breadcrumb\",\"itemListElement\":[{\"@type\":\"ListItem\",\"position\":1,\"item\":{\"@type\":\"WebPage\",\"@id\":\"https:\/\/nacaj.cz\/indie\/\",\"url\":\"https:\/\/nacaj.cz\/indie\/\",\"name\":\"Dom\\u016f\"}},{\"@type\":\"ListItem\",\"position\":2,\"item\":{\"@id\":\"https:\/\/nacaj.cz\/indie\/solarni-energie\/#webpage\"}}]}]}<\/script>\n<!-- \/ Yoast SEO plugin. -->","_links":{"self":[{"href":"https:\/\/nacaj.cz\/indie\/wp-json\/wp\/v2\/pages\/6811"}],"collection":[{"href":"https:\/\/nacaj.cz\/indie\/wp-json\/wp\/v2\/pages"}],"about":[{"href":"https:\/\/nacaj.cz\/indie\/wp-json\/wp\/v2\/types\/page"}],"author":[{"embeddable":true,"href":"https:\/\/nacaj.cz\/indie\/wp-json\/wp\/v2\/users\/1"}],"replies":[{"embeddable":true,"href":"https:\/\/nacaj.cz\/indie\/wp-json\/wp\/v2\/comments?post=6811"}],"version-history":[{"count":0,"href":"https:\/\/nacaj.cz\/indie\/wp-json\/wp\/v2\/pages\/6811\/revisions"}],"wp:attachment":[{"href":"https:\/\/nacaj.cz\/indie\/wp-json\/wp\/v2\/media?parent=6811"}],"curies":[{"name":"wp","href":"https:\/\/api.w.org\/{rel}","templated":true}]}}