{"id":6511,"date":"2023-02-15T10:09:06","date_gmt":"2023-02-15T09:09:06","guid":{"rendered":"https:\/\/nacaj.cz\/indie\/?page_id=6511"},"modified":"2023-06-05T18:40:51","modified_gmt":"2023-06-05T16:40:51","slug":"bydleni","status":"publish","type":"page","link":"https:\/\/nacaj.cz\/indie\/bydleni\/","title":{"rendered":"* Bydlen\u00ed"},"content":{"rendered":"<div class=\"synved-social-container synved-social-container-share\" style=\"text-align: right\"><a class=\"synved-social-button synved-social-button-share synved-social-size-32 synved-social-resolution-single synved-social-provider-facebook nolightbox\" data-provider=\"facebook\" target=\"_blank\" rel=\"nofollow\" title=\"Sd\u00edlejte na facebook.com\" href=\"https:\/\/www.facebook.com\/sharer.php?u=https%3A%2F%2Fnacaj.cz%2Findie%2Fwp-json%2Fwp%2Fv2%2Fpages%2F6511&#038;t=%2A%20Bydlen%C3%AD&#038;s=100&#038;p&#091;url&#093;=https%3A%2F%2Fnacaj.cz%2Findie%2Fwp-json%2Fwp%2Fv2%2Fpages%2F6511&#038;p&#091;images&#093;&#091;0&#093;=https%3A%2F%2Fnacaj.cz%2Findie%2Fwp-content%2Fuploads%2F2015%2F02%2Findie-hrh.png&#038;p&#091;title&#093;=%2A%20Bydlen%C3%AD\" style=\"font-size: 0px; width:32px;height:32px;margin:0;margin-bottom:5px;margin-right:5px;\"><img alt=\"Facebook\" title=\"Sd\u00edlejte na facebook.com\" class=\"synved-share-image synved-social-image synved-social-image-share\" width=\"32\" height=\"32\" style=\"display: inline; width:32px;height:32px; margin: 0; padding: 0; border: none; box-shadow: none;\" src=\"https:\/\/nacaj.cz\/indie\/wp-content\/plugins\/social-media-feather\/synved-social\/image\/social\/regular\/64x64\/facebook.png\" \/><\/a><a class=\"synved-social-button synved-social-button-share synved-social-size-32 synved-social-resolution-single synved-social-provider-twitter nolightbox\" data-provider=\"twitter\" target=\"_blank\" rel=\"nofollow\" title=\"Sd\u00edlejte na Twitteru\" href=\"https:\/\/twitter.com\/intent\/tweet?url=https%3A%2F%2Fnacaj.cz%2Findie%2Fwp-json%2Fwp%2Fv2%2Fpages%2F6511&#038;text=Sdd%C3%ADlejte%20s%20p%C5%99%C3%A1teli\" style=\"font-size: 0px; width:32px;height:32px;margin:0;margin-bottom:5px;margin-right:5px;\"><img alt=\"twitter\" title=\"Sd\u00edlejte na Twitteru\" class=\"synved-share-image synved-social-image synved-social-image-share\" width=\"32\" height=\"32\" style=\"display: inline; width:32px;height:32px; margin: 0; padding: 0; border: none; box-shadow: none;\" src=\"https:\/\/nacaj.cz\/indie\/wp-content\/plugins\/social-media-feather\/synved-social\/image\/social\/regular\/64x64\/twitter.png\" \/><\/a><a class=\"synved-social-button synved-social-button-share synved-social-size-32 synved-social-resolution-single synved-social-provider-reddit nolightbox\" data-provider=\"reddit\" target=\"_blank\" rel=\"nofollow\" title=\"Sd\u00edlejte na Reddit\" href=\"https:\/\/www.reddit.com\/submit?url=https%3A%2F%2Fnacaj.cz%2Findie%2Fwp-json%2Fwp%2Fv2%2Fpages%2F6511&#038;title=%2A%20Bydlen%C3%AD\" style=\"font-size: 0px; width:32px;height:32px;margin:0;margin-bottom:5px;margin-right:5px;\"><img alt=\"reddit\" title=\"Sd\u00edlejte na Reddit\" class=\"synved-share-image synved-social-image synved-social-image-share\" width=\"32\" height=\"32\" style=\"display: inline; width:32px;height:32px; margin: 0; padding: 0; border: none; box-shadow: none;\" src=\"https:\/\/nacaj.cz\/indie\/wp-content\/plugins\/social-media-feather\/synved-social\/image\/social\/regular\/64x64\/reddit.png\" \/><\/a><a class=\"synved-social-button synved-social-button-share synved-social-size-32 synved-social-resolution-single synved-social-provider-pinterest nolightbox\" data-provider=\"pinterest\" target=\"_blank\" rel=\"nofollow\" title=\"Pin it with Pinterest\" href=\"https:\/\/pinterest.com\/pin\/create\/button\/?url=https%3A%2F%2Fnacaj.cz%2Findie%2Fwp-json%2Fwp%2Fv2%2Fpages%2F6511&#038;media=https%3A%2F%2Fnacaj.cz%2Findie%2Fwp-content%2Fuploads%2F2015%2F02%2Findie-hrh.png&#038;description=%2A%20Bydlen%C3%AD\" style=\"font-size: 0px; width:32px;height:32px;margin:0;margin-bottom:5px;margin-right:5px;\"><img alt=\"pinterest\" title=\"Pin it with Pinterest\" class=\"synved-share-image synved-social-image synved-social-image-share\" width=\"32\" height=\"32\" style=\"display: inline; width:32px;height:32px; margin: 0; padding: 0; border: none; box-shadow: none;\" src=\"https:\/\/nacaj.cz\/indie\/wp-content\/plugins\/social-media-feather\/synved-social\/image\/social\/regular\/64x64\/pinterest.png\" \/><\/a><a class=\"synved-social-button synved-social-button-share synved-social-size-32 synved-social-resolution-single synved-social-provider-linkedin nolightbox\" data-provider=\"linkedin\" target=\"_blank\" rel=\"nofollow\" title=\"Sd\u00edlejte na Linkedin\" href=\"https:\/\/www.linkedin.com\/shareArticle?mini=true&#038;url=https%3A%2F%2Fnacaj.cz%2Findie%2Fwp-json%2Fwp%2Fv2%2Fpages%2F6511&#038;title=%2A%20Bydlen%C3%AD\" style=\"font-size: 0px; width:32px;height:32px;margin:0;margin-bottom:5px;margin-right:5px;\"><img alt=\"linkedin\" title=\"Sd\u00edlejte na Linkedin\" class=\"synved-share-image synved-social-image synved-social-image-share\" width=\"32\" height=\"32\" style=\"display: inline; width:32px;height:32px; margin: 0; padding: 0; border: none; box-shadow: none;\" src=\"https:\/\/nacaj.cz\/indie\/wp-content\/plugins\/social-media-feather\/synved-social\/image\/social\/regular\/64x64\/linkedin.png\" \/><\/a><a class=\"synved-social-button synved-social-button-share synved-social-size-32 synved-social-resolution-single synved-social-provider-tumblr nolightbox\" data-provider=\"tumblr\" target=\"_blank\" rel=\"nofollow\" title=\"Sd\u00edlejte na Tumblr\" href=\"https:\/\/tumblr.com\/share?s=&#038;v=3&#038;t=%2A%20Bydlen%C3%AD&#038;u=https%3A%2F%2Fnacaj.cz%2Findie%2Fwp-json%2Fwp%2Fv2%2Fpages%2F6511\" style=\"font-size: 0px; width:32px;height:32px;margin:0;margin-bottom:5px;\"><img alt=\"tumblr\" title=\"Sd\u00edlejte na Tumblr\" class=\"synved-share-image synved-social-image synved-social-image-share\" width=\"32\" height=\"32\" style=\"display: inline; width:32px;height:32px; margin: 0; padding: 0; border: none; box-shadow: none;\" src=\"https:\/\/nacaj.cz\/indie\/wp-content\/plugins\/social-media-feather\/synved-social\/image\/social\/regular\/64x64\/tumblr.png\" \/><\/a><\/div><h4><span style=\"color: #339966;\"><strong>LIVING<\/strong>:<\/span>&nbsp; <span style=\"color: #808080;\"><span style=\"color: #999999;\">bydlen\u00ed, stav\u011bn\u00ed, materi\u00e1ly, inspirac<\/span>e<\/span><\/h4>\n<h4>| <a href=\"https:\/\/nacaj.cz\/indie\/bydleni\/\">stavba<\/a> | <a href=\"https:\/\/nacaj.cz\/indie\/solarni-energie\/\">sol\u00e1rn\u00ed energie<\/a> | <a href=\"https:\/\/nacaj.cz\/indie\/bydleni-inspirace\/\">inspirace<\/a> |<\/h4>\n<hr>\n<h3><span style=\"color: inherit; font-size: 24px;\">Informace a odkazy na zaj\u00edmav\u00e9 zdroje&nbsp;<\/span><\/h3>\n<hr>\n<p>&nbsp;<\/p>\n<h4>Zahradn\u00ed domek<\/h4>\n<p>Pokud stavba nep\u0159es\u00e1hne 25 m2 a v\u00fd\u0161ku 5 m, nen\u00ed t\u0159eba stavebn\u00ed povolen\u00ed ani ohl\u00e1\u0161en\u00ed (zkr\u00e1cen\u00e9 \u0159\u00edzen\u00e9 pro z\u00edsk\u00e1n\u00ed stavebn\u00edho povolen\u00ed),<br \/>\nkdy\u017e se jedn\u00e1 o stavbu na pozemku zkolaudovan\u00e9ho rodinn\u00e9ho domu nebo stavby pro rodinnou rekreaci.<\/p>\n<p>&nbsp;<\/p>\n<p>Mus\u00ed b\u00fdt dodr\u017eeny minim\u00e1ln\u00ed odstupov\u00e9 vzd\u00e1lenosti od sousedn\u00edho pozemku 2 m<br \/>\na dal\u0161\u00ed podm\u00ednky (soulad s \u00fazemn\u00edm pl\u00e1nem, vsakov\u00e1n\u00ed de\u0161\u0165ov\u00e9 vody apod.), kter\u00e9 plat\u00ed i pro drobn\u00e9 stavby.<\/p>\n<p>Odstupovou vzd\u00e1lenost lze na z\u00e1klad\u011b v\u00fdjimky sn\u00ed\u017eit.<\/p>\n<p>&nbsp;<\/p>\n<hr>\n<p>Zdroje:<\/p>\n<h3>D\u0158EVOSTAVITEL&nbsp;<\/h3>\n<p><strong>Skv\u011bl\u00fd zdroj inspirace a informac\u00ed pro stavbu ze d\u0159ev\u011bn\u00fdch materi\u00e1l\u016f<\/strong><br \/>\n<strong><a href=\"https:\/\/www.drevostavitel.cz\/\" target=\"_blank\" rel=\"noopener nofollow\">drevostavitel.cz<\/a><\/strong><\/p>\n<ul>\n<li><strong><a href=\"https:\/\/www.drevostavitel.cz\/profi\/materialy\" target=\"_blank\" rel=\"noopener nofollow\">Materi\u00e1ly<\/a><\/strong><\/li>\n<\/ul>\n<p>&nbsp;<\/p>\n<p><strong>Stavba kutilsk\u00e9 d\u00edlny sv\u00e9pomoc\u00ed:<\/strong><\/p>\n<ul>\n<li><a href=\"https:\/\/www.drevostavitel.cz\/clanek\/realizace-diy-dilny-v-9-krocich-zakladova-konstrukce\" target=\"_blank\" rel=\"noopener\">Z\u00e1kladov\u00e1 konstrukce<\/a><\/li>\n<li><a href=\"https:\/\/www.drevostavitel.cz\/clanek\/realizace-diy-dilny-v-9-krocich-stavba-sten-a-strechy\" target=\"_blank\" rel=\"noopener\">Jak vzty\u010dit svisl\u00e9 st\u011bny a st\u0159echu<\/a><\/li>\n<li><a href=\"https:\/\/www.drevostavitel.cz\/clanek\/realizace-diy-dilny-v-9-krocich-fasada-a-dokoncovaci-prace\" target=\"_blank\" rel=\"noopener\">Jak se d\u011bl\u00e1 fas\u00e1da, pozor na f\u00f3lii<\/a><\/li>\n<\/ul>\n<p>&nbsp;<\/p>\n<p><strong>Dif\u00fazn\u011b uzav\u0159en\u00e1 konstrukce<\/strong><\/p>\n<p>&#8211; Paroz\u00e1brana &#8211;&nbsp;<br \/>\nSt\u011bny d\u0159evostavby opat\u0159uj\u00ed z interi\u00e9rov\u00e9 strany parot\u011bsnou f\u00f3li\u00ed, kter\u00e1 zamezuje pr\u016fniku vodn\u00edch par do konstrukce.<br \/>\n&#8211; vhodn\u00e1 izolace: polystyren<br \/>\nparot\u011bsn\u00e1 f\u00f3lie um\u00edst\u011bn\u00e1 tak aby se pozd\u011bji neponi\u010dila &#8211; neprorazila pozd\u011bj\u0161\u00edmi z\u00e1sahy z interi\u00e9ru.<\/p>\n<p>&nbsp;<\/p>\n<p><strong>Prov\u011btr\u00e1van\u00e1 fas\u00e1da<\/strong><br \/>\n<a href=\"https:\/\/www.drevostavitel.cz\/clanek\/provetravana-fasada\" target=\"_blank\" rel=\"noopener\">drevostavitel.cz\/..\/provetravana-fasada<\/a><br \/>\n&#8211; dif\u00fazn\u00ed f\u00f3lie<br \/>\n&#8211; m\u0159\u00ed\u017eka proti hlodavc\u016fm<\/p>\n<p>&nbsp;<br \/>\n<strong>Hydroizola\u010dn\u00ed st\u0159e\u0161n\u00ed f\u00f3lie<\/strong><br \/>\nZdroj: <a href=\"https:\/\/www.drevostavitel.cz\/clanek\/hydroizolacni-stresni-folie-\" target=\"_blank\" rel=\"noopener\">drevostavitel.cz\/&#8230;<\/a><br \/>\n&nbsp;<\/p>\n<p>&nbsp;<\/p>\n<h4>OSB desky &#8211;&nbsp;nosn\u00e9 desky:&nbsp;<\/h4>\n<p><strong>OSB-2<\/strong> \u2013 such\u00e9 prost\u0159ed\u00ed (interi\u00e9r), nosn\u00e9 desky pro t\u0159\u00eddu vlhkosti 1 (teplota 20 \u00b0C, relativn\u00ed vlhkost do 65 %)<br \/>\n<strong>OSB-3<\/strong> \u2013 vlhk\u00e9 prost\u0159ed\u00ed (exteri\u00e9r), nosn\u00e9 desky pro t\u0159\u00eddu vlhkosti 2 (teplota 20 \u00b0C, relativn\u00ed vlhkost do 85 %)<br \/>\n<strong>OSB-4<\/strong> \u2013 vlhk\u00e9 prost\u0159ed\u00ed (exteri\u00e9r) se zv\u00fd\u0161en\u00fdm mechanick\u00e9 nam\u00e1h\u00e1n\u00ed,&nbsp; t\u0159\u00edda vlhkosti 2 (teplota 20 \u00b0C, relativn\u00ed vlhkost nad 85 %)<br \/>\nZdroj: <span style=\"text-decoration: underline;\"><a href=\"https:\/\/www.drevostavitel.cz\/clanek\/osb-deska-cena\" target=\"_blank\" rel=\"noopener nofollow\">drevostavitel.cz\/..\/osb..<\/a><\/span><\/p>\n<p>Heureka:&nbsp;<a href=\"https:\/\/www.heureka.cz\/?h%5Bfraze%5D=osb\" target=\"_blank\" rel=\"noopener nofollow\">heureka.cz: OSB<\/a><\/p>\n<p>&nbsp;<\/p>\n<h4>St\u0159e\u0161n\u00ed krytiny<\/h4>\n<p>Polykarbon\u00e1t<\/p>\n<p>&nbsp;<\/p>\n<p>Heureka: <a href=\"https:\/\/stresni-krytiny.heureka.cz\/\" target=\"_blank\" rel=\"noopener nofollow\">st\u0159e\u0161n\u00ed krytiny<\/a> : <a href=\"https:\/\/stresni-krytiny.heureka.cz\/f:15284:497871\/\" target=\"_blank\" rel=\"noopener nofollow\">polykarbon\u00e1tov\u00e9<\/a><\/p>\n<p>&nbsp;<\/p>\n<p><strong>Podlaha <\/strong><\/p>\n<p>podlahov\u00e1 krytina<br \/>\npodlahov\u00fd d\u00edlec Fermacell<br \/>\nPE f\u00f3lie<br \/>\nPodlahov\u00fd polystyren<br \/>\nOSB-4 deska<br \/>\nnosn\u00e1 konstrukce<\/p>\n<p>(beton)<\/p>\n<hr>\n<p><img loading=\"lazy\" class=\"aligncenter responsive\" src=\"https:\/\/nacaj.cz\/indie\/wp-content\/uploads\/2015\/02\/indie-hrh.png\" width=\"100%\" height=\"10px\"><\/p>\n<h3>\u2022 Mobilheim \u2022 mobilhaus \u2022 mobilhome \u2022 mobiln\u00ed d\u016fm<\/h3>\n<p>&nbsp;<br \/>\n<strong>Mobilheim (nebo t\u00e9\u017e mobilhaus, mobilhome \u010di mobiln\u00ed d\u016fm) je obytn\u00e9 vozidlo pro voln\u00fd \u010das, kter\u00e9 nespl\u0148uje po\u017eadavky na konstrukci a provoz silni\u010dn\u00edch vozidel<\/strong>.<br \/>\nDle p\u0159\u00edslu\u0161n\u00e9 normy je ur\u010den pro do\u010dasn\u00e9 nebo sez\u00f3nn\u00ed ubytov\u00e1n\u00ed (nikoli pro bydlen\u00ed \u010di rodinnou rekreaci). M\u00e1 v\u017edy kola. Podle stavebn\u00edho z\u00e1kona je definov\u00e1n jako v\u00fdrobek pln\u00edc\u00ed funkci stavby, kter\u00fd je pova\u017eov\u00e1n za stavbu a spad\u00e1 do re\u017eimu stavebn\u00edho z\u00e1kona. To znamen\u00e1, \u017ee jeho um\u00edst\u011bn\u00ed vy\u017eaduje \u00fazemn\u00ed rozhodnut\u00ed nebo \u00fazemn\u00ed souhlas stavebn\u00edho \u00fa\u0159adu.<\/p>\n<p>Pokud by m\u011bl b\u00fdt mobiln\u00ed d\u016fm vyu\u017e\u00edv\u00e1n pro bydlen\u00ed nebo rodinnou rekreaci, mus\u00ed b\u00fdt posuzov\u00e1n ze stejn\u00fdch hledisek jako stavba rodinn\u00e9ho domu nebo stavba pro rekreaci.<\/p>\n<p>Takov\u00e1 stavba mus\u00ed b\u00fdt tak\u00e9 um\u00edst\u011bna na pozemku v souladu s \u00fazemn\u011b pl\u00e1novac\u00ed dokumentac\u00ed, mus\u00ed odpov\u00eddat architektonick\u00fdm hodnot\u00e1m v \u00fazem\u00ed, mus\u00ed spl\u0148ovat podm\u00ednky mechanick\u00e9 odolnosti a stability, po\u017e\u00e1rn\u00ed bezpe\u010dnosti, hygieny, \u00faspory energie a tepla, \u017eivotn\u00edho prost\u0159ed\u00ed atd.<\/p>\n<p>A\u010dkoliv jsou pro mnoh\u00e9 vlastn\u00edky pozemk\u016f mobiln\u00ed domy atraktivn\u00edm prvkem, kter\u00fd by cht\u011bli vlastnit a u\u017e\u00edvat, tak p\u0159i jejich um\u00edst\u011bn\u00ed a u\u017e\u00edv\u00e1n\u00ed v rozporu s p\u0159\u00edslu\u0161n\u00fdmi p\u0159edpisy m\u016f\u017ee stavebn\u00ed \u00fa\u0159ad p\u0159istoupit k ud\u011blen\u00ed pokuty nebo k na\u0159\u00edzen\u00ed odstran\u011bn\u00ed stavby. Uhrazen\u00edm pokuty nen\u00ed majitel zbaven povinnosti tuto stavbu legalizovat.<\/p>\n<p>Z\u00e1jemc\u016fm o po\u0159\u00edzen\u00ed mobiln\u00edho domu proto doporu\u010dujeme nejprve se informovat u profesion\u00e1l\u016f, zda je mo\u017en\u00e9 v dan\u00e9 lokalit\u011b mobiln\u00ed d\u016fm um\u00edstit, jak\u00e9 podm\u00ednky mus\u00ed spl\u0148ovat a jakou dokumentaci bude vy\u017eadovat.<\/p>\n<p style=\"text-align: right;\"><em>Zdroj: <a href=\"https:\/\/www.drevostavitel.cz\/clanek\/info-stavebni-povoleni-pro-mobilheimy-maji-sva-uskali-jak-je-obejit\" target=\"_blank\" rel=\"nofollow noopener\">drevostavitel.cz<\/a><\/em><\/p>\n<p>&nbsp;<\/p>\n<p>&nbsp;<\/p>\n<p>&nbsp;<\/p>\n<hr>\n<h4><span style=\"color: #808080;\">Jin\u00e9 \u010dl\u00e1nky:&nbsp;<\/span><\/h4>\n<ul>\n<li><span style=\"color: #333399;\"><a style=\"color: #333399;\" href=\"https:\/\/nacaj.cz\/indie\/solarni-energie\/\">Sol\u00e1rn\u00ed energie<\/a><\/span><\/li>\n<li><span style=\"color: #333399;\"><a style=\"color: #333399;\" title=\"Fotovoltaika: Sol\u00e1rn\u00ed panely: typy sol\u00e1rn\u00edch panel\u016f: srovn\u00e1n\u00ed\" href=\"https:\/\/nacaj.cz\/indie\/fotovoltaika-solarni-panely\/\">Fotovoltaika: Sol\u00e1rn\u00ed panely: typy sol\u00e1rn\u00edch panel\u016f<\/a><\/span><\/li>\n<li><span style=\"color: #333399;\"><a style=\"color: #333399;\" title=\"Pas\u00edvn\u00ed sol\u00e1rn\u00ed syst\u00e9m k oh\u0159evu vzduchu a akumulaci tepla\" href=\"https:\/\/nacaj.cz\/indie\/pasivni-solarni-systemy\/\">Pas\u00edvn\u00ed sol\u00e1rn\u00ed syst\u00e9m k oh\u0159evu vzduchu a akumulaci tepla<\/a><\/span><\/li>\n<li><span style=\"color: #333399;\"><a style=\"color: #333399;\" title=\"Architektura - bydlen\u00ed - inspirace\" href=\"https:\/\/nacaj.cz\/indie\/bydleni-inspirace\/\">Architektura &#8211; bydlen\u00ed &#8211; inspirace<\/a><\/span><\/li>\n<li><span style=\"color: #333399;\"><a style=\"color: #333399;\" title=\"Kvalitn\u00ed webhosting v \u010cech\u00e1ch za dobrou cenu\" href=\"https:\/\/nacaj.cz\/indie\/kvalitni-webhosting-za-dobrou-cenu\/\">Kvalitn\u00ed webhosting v \u010cech\u00e1ch za dobrou cenu<\/a><\/span><\/li>\n<li><span style=\"color: #333399;\"><a style=\"color: #333399;\" title=\"Recenze HP Pavilion 15-cw\" href=\"https:\/\/nacaj.cz\/indie\/hp-pavilion-15-cw\/\">HP Pavilion 15-cw, notebook kter\u00fd se nepovedl<\/a><\/span><\/li>\n<\/ul>\n<div class=\"synved-social-container synved-social-container-share\" style=\"text-align: right\"><a class=\"synved-social-button synved-social-button-share synved-social-size-32 synved-social-resolution-single synved-social-provider-facebook nolightbox\" data-provider=\"facebook\" target=\"_blank\" rel=\"nofollow\" title=\"Sd\u00edlejte na facebook.com\" href=\"https:\/\/www.facebook.com\/sharer.php?u=https%3A%2F%2Fnacaj.cz%2Findie%2Fwp-json%2Fwp%2Fv2%2Fpages%2F6511&#038;t=%2A%20Bydlen%C3%AD&#038;s=100&#038;p&#091;url&#093;=https%3A%2F%2Fnacaj.cz%2Findie%2Fwp-json%2Fwp%2Fv2%2Fpages%2F6511&#038;p&#091;images&#093;&#091;0&#093;=https%3A%2F%2Fnacaj.cz%2Findie%2Fwp-content%2Fuploads%2F2015%2F02%2Findie-hrh.png&#038;p&#091;title&#093;=%2A%20Bydlen%C3%AD\" style=\"font-size: 0px; width:32px;height:32px;margin:0;margin-bottom:5px;margin-right:5px;\"><img alt=\"Facebook\" title=\"Sd\u00edlejte na facebook.com\" class=\"synved-share-image synved-social-image synved-social-image-share\" width=\"32\" height=\"32\" style=\"display: inline; width:32px;height:32px; margin: 0; padding: 0; border: none; box-shadow: none;\" src=\"https:\/\/nacaj.cz\/indie\/wp-content\/plugins\/social-media-feather\/synved-social\/image\/social\/regular\/64x64\/facebook.png\" \/><\/a><a class=\"synved-social-button synved-social-button-share synved-social-size-32 synved-social-resolution-single synved-social-provider-twitter nolightbox\" data-provider=\"twitter\" target=\"_blank\" rel=\"nofollow\" title=\"Sd\u00edlejte na Twitteru\" href=\"https:\/\/twitter.com\/intent\/tweet?url=https%3A%2F%2Fnacaj.cz%2Findie%2Fwp-json%2Fwp%2Fv2%2Fpages%2F6511&#038;text=Sdd%C3%ADlejte%20s%20p%C5%99%C3%A1teli\" style=\"font-size: 0px; width:32px;height:32px;margin:0;margin-bottom:5px;margin-right:5px;\"><img alt=\"twitter\" title=\"Sd\u00edlejte na Twitteru\" class=\"synved-share-image synved-social-image synved-social-image-share\" width=\"32\" height=\"32\" style=\"display: inline; width:32px;height:32px; margin: 0; padding: 0; border: none; box-shadow: none;\" src=\"https:\/\/nacaj.cz\/indie\/wp-content\/plugins\/social-media-feather\/synved-social\/image\/social\/regular\/64x64\/twitter.png\" \/><\/a><a class=\"synved-social-button synved-social-button-share synved-social-size-32 synved-social-resolution-single synved-social-provider-reddit nolightbox\" data-provider=\"reddit\" target=\"_blank\" rel=\"nofollow\" title=\"Sd\u00edlejte na Reddit\" href=\"https:\/\/www.reddit.com\/submit?url=https%3A%2F%2Fnacaj.cz%2Findie%2Fwp-json%2Fwp%2Fv2%2Fpages%2F6511&#038;title=%2A%20Bydlen%C3%AD\" style=\"font-size: 0px; width:32px;height:32px;margin:0;margin-bottom:5px;margin-right:5px;\"><img alt=\"reddit\" title=\"Sd\u00edlejte na Reddit\" class=\"synved-share-image synved-social-image synved-social-image-share\" width=\"32\" height=\"32\" style=\"display: inline; width:32px;height:32px; margin: 0; padding: 0; border: none; box-shadow: none;\" src=\"https:\/\/nacaj.cz\/indie\/wp-content\/plugins\/social-media-feather\/synved-social\/image\/social\/regular\/64x64\/reddit.png\" \/><\/a><a class=\"synved-social-button synved-social-button-share synved-social-size-32 synved-social-resolution-single synved-social-provider-pinterest nolightbox\" data-provider=\"pinterest\" target=\"_blank\" rel=\"nofollow\" title=\"Pin it with Pinterest\" href=\"https:\/\/pinterest.com\/pin\/create\/button\/?url=https%3A%2F%2Fnacaj.cz%2Findie%2Fwp-json%2Fwp%2Fv2%2Fpages%2F6511&#038;media=https%3A%2F%2Fnacaj.cz%2Findie%2Fwp-content%2Fuploads%2F2015%2F02%2Findie-hrh.png&#038;description=%2A%20Bydlen%C3%AD\" style=\"font-size: 0px; width:32px;height:32px;margin:0;margin-bottom:5px;margin-right:5px;\"><img alt=\"pinterest\" title=\"Pin it with Pinterest\" class=\"synved-share-image synved-social-image synved-social-image-share\" width=\"32\" height=\"32\" style=\"display: inline; width:32px;height:32px; margin: 0; padding: 0; border: none; box-shadow: none;\" src=\"https:\/\/nacaj.cz\/indie\/wp-content\/plugins\/social-media-feather\/synved-social\/image\/social\/regular\/64x64\/pinterest.png\" \/><\/a><a class=\"synved-social-button synved-social-button-share synved-social-size-32 synved-social-resolution-single synved-social-provider-linkedin nolightbox\" data-provider=\"linkedin\" target=\"_blank\" rel=\"nofollow\" title=\"Sd\u00edlejte na Linkedin\" href=\"https:\/\/www.linkedin.com\/shareArticle?mini=true&#038;url=https%3A%2F%2Fnacaj.cz%2Findie%2Fwp-json%2Fwp%2Fv2%2Fpages%2F6511&#038;title=%2A%20Bydlen%C3%AD\" style=\"font-size: 0px; width:32px;height:32px;margin:0;margin-bottom:5px;margin-right:5px;\"><img alt=\"linkedin\" title=\"Sd\u00edlejte na Linkedin\" class=\"synved-share-image synved-social-image synved-social-image-share\" width=\"32\" height=\"32\" style=\"display: inline; width:32px;height:32px; margin: 0; padding: 0; border: none; box-shadow: none;\" src=\"https:\/\/nacaj.cz\/indie\/wp-content\/plugins\/social-media-feather\/synved-social\/image\/social\/regular\/64x64\/linkedin.png\" \/><\/a><a class=\"synved-social-button synved-social-button-share synved-social-size-32 synved-social-resolution-single synved-social-provider-tumblr nolightbox\" data-provider=\"tumblr\" target=\"_blank\" rel=\"nofollow\" title=\"Sd\u00edlejte na Tumblr\" href=\"https:\/\/tumblr.com\/share?s=&#038;v=3&#038;t=%2A%20Bydlen%C3%AD&#038;u=https%3A%2F%2Fnacaj.cz%2Findie%2Fwp-json%2Fwp%2Fv2%2Fpages%2F6511\" style=\"font-size: 0px; width:32px;height:32px;margin:0;margin-bottom:5px;\"><img alt=\"tumblr\" title=\"Sd\u00edlejte na Tumblr\" class=\"synved-share-image synved-social-image synved-social-image-share\" width=\"32\" height=\"32\" style=\"display: inline; width:32px;height:32px; margin: 0; padding: 0; border: none; box-shadow: none;\" src=\"https:\/\/nacaj.cz\/indie\/wp-content\/plugins\/social-media-feather\/synved-social\/image\/social\/regular\/64x64\/tumblr.png\" \/><\/a><\/div>","protected":false},"excerpt":{"rendered":"<p>LIVING:&nbsp; bydlen\u00ed, stav\u011bn\u00ed, materi\u00e1ly, inspirace | stavba | sol\u00e1rn\u00ed energie | inspirace | Informace a odkazy na zaj\u00edmav\u00e9 zdroje&nbsp; &nbsp; Zahradn\u00ed domek Pokud stavba nep\u0159es\u00e1hne 25 m2 a v\u00fd\u0161ku 5 [&hellip;]<\/p>\n","protected":false},"author":1,"featured_media":0,"parent":0,"menu_order":0,"comment_status":"closed","ping_status":"closed","template":"page-full-width.php","meta":{"ngg_post_thumbnail":0},"yoast_head":"<!-- This site is optimized with the Yoast SEO plugin v16.3 - https:\/\/yoast.com\/wordpress\/plugins\/seo\/ -->\n<title>Bydlen\u00ed, stav\u011bn\u00ed, materi\u00e1ly, inspirace tinihouse<\/title>\n<meta name=\"description\" content=\"Bydlen\u00ed, stavba, materi\u00e1ly, inspirace. Informace a odkazy na zaj\u00edmav\u00e9 zdroje. D\u0159evostavba, mobilheim, zahradn\u00ed domek\" \/>\n<meta name=\"robots\" content=\"noindex, follow\" \/>\n<meta property=\"og:locale\" content=\"cs_CZ\" \/>\n<meta property=\"og:type\" content=\"article\" \/>\n<meta property=\"og:title\" content=\"Bydlen\u00ed, stav\u011bn\u00ed, materi\u00e1ly, inspirace tinihouse\" \/>\n<meta property=\"og:description\" content=\"Bydlen\u00ed, stavba, materi\u00e1ly, inspirace. Informace a odkazy na zaj\u00edmav\u00e9 zdroje. D\u0159evostavba, mobilheim, zahradn\u00ed domek\" \/>\n<meta property=\"og:url\" content=\"https:\/\/nacaj.cz\/indie\/bydleni\/\" \/>\n<meta property=\"og:site_name\" content=\"INDIE - Cestov\u00e1n\u00ed po Indii\" \/>\n<meta property=\"article:publisher\" content=\"https:\/\/www.facebook.com\/travel.exotika\/\" \/>\n<meta property=\"article:modified_time\" content=\"2023-06-05T16:40:51+00:00\" \/>\n<meta property=\"og:image\" content=\"https:\/\/nacaj.cz\/indie\/wp-content\/uploads\/2015\/02\/indie-hrh.png\" \/>\n<meta name=\"twitter:label1\" content=\"Odhadovan\u00e1 doba \u010dten\u00ed\">\n\t<meta name=\"twitter:data1\" content=\"3 minuty\">\n<script type=\"application\/ld+json\" class=\"yoast-schema-graph\">{\"@context\":\"https:\/\/schema.org\",\"@graph\":[{\"@type\":\"Organization\",\"@id\":\"https:\/\/nacaj.cz\/indie\/#organization\",\"name\":\"NaCaj.cz\",\"url\":\"https:\/\/nacaj.cz\/indie\/\",\"sameAs\":[\"https:\/\/www.facebook.com\/travel.exotika\/\"],\"logo\":{\"@type\":\"ImageObject\",\"@id\":\"https:\/\/nacaj.cz\/indie\/#logo\",\"inLanguage\":\"cs\",\"url\":\"https:\/\/nacaj.cz\/indie\/wp-content\/uploads\/2018\/01\/Indie-cestovani-po-indii.jpg\",\"contentUrl\":\"https:\/\/nacaj.cz\/indie\/wp-content\/uploads\/2018\/01\/Indie-cestovani-po-indii.jpg\",\"width\":651,\"height\":530,\"caption\":\"NaCaj.cz\"},\"image\":{\"@id\":\"https:\/\/nacaj.cz\/indie\/#logo\"}},{\"@type\":\"WebSite\",\"@id\":\"https:\/\/nacaj.cz\/indie\/#website\",\"url\":\"https:\/\/nacaj.cz\/indie\/\",\"name\":\"INDIE - Cestov\\u00e1n\\u00ed po Indii\",\"description\":\"Cestov\\u00e1n\\u00ed: Exotika :-)\",\"publisher\":{\"@id\":\"https:\/\/nacaj.cz\/indie\/#organization\"},\"potentialAction\":[{\"@type\":\"SearchAction\",\"target\":\"https:\/\/nacaj.cz\/indie\/?s={search_term_string}\",\"query-input\":\"required name=search_term_string\"}],\"inLanguage\":\"cs\"},{\"@type\":\"ImageObject\",\"@id\":\"https:\/\/nacaj.cz\/indie\/bydleni\/#primaryimage\",\"inLanguage\":\"cs\",\"url\":\"https:\/\/nacaj.cz\/indie\/wp-content\/uploads\/2015\/02\/indie-hrh.png\",\"contentUrl\":\"https:\/\/nacaj.cz\/indie\/wp-content\/uploads\/2015\/02\/indie-hrh.png\",\"width\":320,\"height\":13,\"caption\":\"Cestov\\u00e1n\\u00ed po exotick\\u00fdch zem\\u00edch\"},{\"@type\":\"WebPage\",\"@id\":\"https:\/\/nacaj.cz\/indie\/bydleni\/#webpage\",\"url\":\"https:\/\/nacaj.cz\/indie\/bydleni\/\",\"name\":\"Bydlen\\u00ed, stav\\u011bn\\u00ed, materi\\u00e1ly, inspirace tinihouse\",\"isPartOf\":{\"@id\":\"https:\/\/nacaj.cz\/indie\/#website\"},\"primaryImageOfPage\":{\"@id\":\"https:\/\/nacaj.cz\/indie\/bydleni\/#primaryimage\"},\"datePublished\":\"2023-02-15T09:09:06+00:00\",\"dateModified\":\"2023-06-05T16:40:51+00:00\",\"description\":\"Bydlen\\u00ed, stavba, materi\\u00e1ly, inspirace. Informace a odkazy na zaj\\u00edmav\\u00e9 zdroje. D\\u0159evostavba, mobilheim, zahradn\\u00ed domek\",\"breadcrumb\":{\"@id\":\"https:\/\/nacaj.cz\/indie\/bydleni\/#breadcrumb\"},\"inLanguage\":\"cs\",\"potentialAction\":[{\"@type\":\"ReadAction\",\"target\":[\"https:\/\/nacaj.cz\/indie\/bydleni\/\"]}]},{\"@type\":\"BreadcrumbList\",\"@id\":\"https:\/\/nacaj.cz\/indie\/bydleni\/#breadcrumb\",\"itemListElement\":[{\"@type\":\"ListItem\",\"position\":1,\"item\":{\"@type\":\"WebPage\",\"@id\":\"https:\/\/nacaj.cz\/indie\/\",\"url\":\"https:\/\/nacaj.cz\/indie\/\",\"name\":\"Dom\\u016f\"}},{\"@type\":\"ListItem\",\"position\":2,\"item\":{\"@id\":\"https:\/\/nacaj.cz\/indie\/bydleni\/#webpage\"}}]}]}<\/script>\n<!-- \/ Yoast SEO plugin. -->","_links":{"self":[{"href":"https:\/\/nacaj.cz\/indie\/wp-json\/wp\/v2\/pages\/6511"}],"collection":[{"href":"https:\/\/nacaj.cz\/indie\/wp-json\/wp\/v2\/pages"}],"about":[{"href":"https:\/\/nacaj.cz\/indie\/wp-json\/wp\/v2\/types\/page"}],"author":[{"embeddable":true,"href":"https:\/\/nacaj.cz\/indie\/wp-json\/wp\/v2\/users\/1"}],"replies":[{"embeddable":true,"href":"https:\/\/nacaj.cz\/indie\/wp-json\/wp\/v2\/comments?post=6511"}],"version-history":[{"count":0,"href":"https:\/\/nacaj.cz\/indie\/wp-json\/wp\/v2\/pages\/6511\/revisions"}],"wp:attachment":[{"href":"https:\/\/nacaj.cz\/indie\/wp-json\/wp\/v2\/media?parent=6511"}],"curies":[{"name":"wp","href":"https:\/\/api.w.org\/{rel}","templated":true}]}}