{"id":6328,"date":"2023-12-01T10:00:02","date_gmt":"2023-12-01T09:00:02","guid":{"rendered":"https:\/\/nacaj.cz\/indie\/?page_id=6328"},"modified":"2023-12-08T04:21:48","modified_gmt":"2023-12-08T03:21:48","slug":"phuket","status":"publish","type":"page","link":"https:\/\/nacaj.cz\/indie\/thajsko\/phuket\/","title":{"rendered":"Phuket"},"content":{"rendered":"<div class=\"synved-social-container synved-social-container-share\" style=\"text-align: right\"><a class=\"synved-social-button synved-social-button-share synved-social-size-32 synved-social-resolution-single synved-social-provider-facebook nolightbox\" data-provider=\"facebook\" target=\"_blank\" rel=\"nofollow\" title=\"Sd\u00edlejte na facebook.com\" href=\"https:\/\/www.facebook.com\/sharer.php?u=https%3A%2F%2Fnacaj.cz%2Findie%2Fwp-json%2Fwp%2Fv2%2Fpages%2F6328&#038;t=Phuket&#038;s=100&#038;p&#091;url&#093;=https%3A%2F%2Fnacaj.cz%2Findie%2Fwp-json%2Fwp%2Fv2%2Fpages%2F6328&#038;p&#091;images&#093;&#091;0&#093;=https%3A%2F%2Fnacaj.cz%2Findie%2Fwp-content%2Fuploads%2F2020%2F03%2FPhuket-Airport-Bus-Rawai-8357-660x465.png&#038;p&#091;title&#093;=Phuket\" style=\"font-size: 0px; width:32px;height:32px;margin:0;margin-bottom:5px;margin-right:5px;\"><img alt=\"Facebook\" title=\"Sd\u00edlejte na facebook.com\" class=\"synved-share-image synved-social-image synved-social-image-share\" width=\"32\" height=\"32\" style=\"display: inline; width:32px;height:32px; margin: 0; padding: 0; border: none; box-shadow: none;\" src=\"https:\/\/nacaj.cz\/indie\/wp-content\/plugins\/social-media-feather\/synved-social\/image\/social\/regular\/64x64\/facebook.png\" \/><\/a><a class=\"synved-social-button synved-social-button-share synved-social-size-32 synved-social-resolution-single synved-social-provider-twitter nolightbox\" data-provider=\"twitter\" target=\"_blank\" rel=\"nofollow\" title=\"Sd\u00edlejte na Twitteru\" href=\"https:\/\/twitter.com\/intent\/tweet?url=https%3A%2F%2Fnacaj.cz%2Findie%2Fwp-json%2Fwp%2Fv2%2Fpages%2F6328&#038;text=Sdd%C3%ADlejte%20s%20p%C5%99%C3%A1teli\" style=\"font-size: 0px; width:32px;height:32px;margin:0;margin-bottom:5px;margin-right:5px;\"><img alt=\"twitter\" title=\"Sd\u00edlejte na Twitteru\" class=\"synved-share-image synved-social-image synved-social-image-share\" width=\"32\" height=\"32\" style=\"display: inline; width:32px;height:32px; margin: 0; padding: 0; border: none; box-shadow: none;\" src=\"https:\/\/nacaj.cz\/indie\/wp-content\/plugins\/social-media-feather\/synved-social\/image\/social\/regular\/64x64\/twitter.png\" \/><\/a><a class=\"synved-social-button synved-social-button-share synved-social-size-32 synved-social-resolution-single synved-social-provider-reddit nolightbox\" data-provider=\"reddit\" target=\"_blank\" rel=\"nofollow\" title=\"Sd\u00edlejte na Reddit\" href=\"https:\/\/www.reddit.com\/submit?url=https%3A%2F%2Fnacaj.cz%2Findie%2Fwp-json%2Fwp%2Fv2%2Fpages%2F6328&#038;title=Phuket\" style=\"font-size: 0px; width:32px;height:32px;margin:0;margin-bottom:5px;margin-right:5px;\"><img alt=\"reddit\" title=\"Sd\u00edlejte na Reddit\" class=\"synved-share-image synved-social-image synved-social-image-share\" width=\"32\" height=\"32\" style=\"display: inline; width:32px;height:32px; margin: 0; padding: 0; border: none; box-shadow: none;\" src=\"https:\/\/nacaj.cz\/indie\/wp-content\/plugins\/social-media-feather\/synved-social\/image\/social\/regular\/64x64\/reddit.png\" \/><\/a><a class=\"synved-social-button synved-social-button-share synved-social-size-32 synved-social-resolution-single synved-social-provider-pinterest nolightbox\" data-provider=\"pinterest\" target=\"_blank\" rel=\"nofollow\" title=\"Pin it with Pinterest\" href=\"https:\/\/pinterest.com\/pin\/create\/button\/?url=https%3A%2F%2Fnacaj.cz%2Findie%2Fwp-json%2Fwp%2Fv2%2Fpages%2F6328&#038;media=https%3A%2F%2Fnacaj.cz%2Findie%2Fwp-content%2Fuploads%2F2020%2F03%2FPhuket-Airport-Bus-Rawai-8357-660x465.png&#038;description=Phuket\" style=\"font-size: 0px; width:32px;height:32px;margin:0;margin-bottom:5px;margin-right:5px;\"><img alt=\"pinterest\" title=\"Pin it with Pinterest\" class=\"synved-share-image synved-social-image synved-social-image-share\" width=\"32\" height=\"32\" style=\"display: inline; width:32px;height:32px; margin: 0; padding: 0; border: none; box-shadow: none;\" src=\"https:\/\/nacaj.cz\/indie\/wp-content\/plugins\/social-media-feather\/synved-social\/image\/social\/regular\/64x64\/pinterest.png\" \/><\/a><a class=\"synved-social-button synved-social-button-share synved-social-size-32 synved-social-resolution-single synved-social-provider-linkedin nolightbox\" data-provider=\"linkedin\" target=\"_blank\" rel=\"nofollow\" title=\"Sd\u00edlejte na Linkedin\" href=\"https:\/\/www.linkedin.com\/shareArticle?mini=true&#038;url=https%3A%2F%2Fnacaj.cz%2Findie%2Fwp-json%2Fwp%2Fv2%2Fpages%2F6328&#038;title=Phuket\" style=\"font-size: 0px; width:32px;height:32px;margin:0;margin-bottom:5px;margin-right:5px;\"><img alt=\"linkedin\" title=\"Sd\u00edlejte na Linkedin\" class=\"synved-share-image synved-social-image synved-social-image-share\" width=\"32\" height=\"32\" style=\"display: inline; width:32px;height:32px; margin: 0; padding: 0; border: none; box-shadow: none;\" src=\"https:\/\/nacaj.cz\/indie\/wp-content\/plugins\/social-media-feather\/synved-social\/image\/social\/regular\/64x64\/linkedin.png\" \/><\/a><a class=\"synved-social-button synved-social-button-share synved-social-size-32 synved-social-resolution-single synved-social-provider-tumblr nolightbox\" data-provider=\"tumblr\" target=\"_blank\" rel=\"nofollow\" title=\"Sd\u00edlejte na Tumblr\" href=\"https:\/\/tumblr.com\/share?s=&#038;v=3&#038;t=Phuket&#038;u=https%3A%2F%2Fnacaj.cz%2Findie%2Fwp-json%2Fwp%2Fv2%2Fpages%2F6328\" style=\"font-size: 0px; width:32px;height:32px;margin:0;margin-bottom:5px;\"><img alt=\"tumblr\" title=\"Sd\u00edlejte na Tumblr\" class=\"synved-share-image synved-social-image synved-social-image-share\" width=\"32\" height=\"32\" style=\"display: inline; width:32px;height:32px; margin: 0; padding: 0; border: none; box-shadow: none;\" src=\"https:\/\/nacaj.cz\/indie\/wp-content\/plugins\/social-media-feather\/synved-social\/image\/social\/regular\/64x64\/tumblr.png\" \/><\/a><\/div><p>&nbsp;<br \/>\n<a class=\"btn btn-primary\" href=\"https:\/\/nacaj.cz\/indie\/thajsko\/\">THAJSKO<\/a><\/p>\n<p><a class=\"btn btn-warning\" title=\"Bangkok, Thajsko\" href=\"https:\/\/nacaj.cz\/indie\/thajsko\/bangkok\/\">Bangkok<\/a> <a class=\"btn btn-success\" title=\"Phuket, Thajsko\" href=\"https:\/\/nacaj.cz\/indie\/thajsko\/phuket\/\">Phuket<\/a> <a class=\"btn btn-warning\" title=\"Cestov\u00e1n\u00ed po Thajsku\" href=\"https:\/\/nacaj.cz\/indie\/thajsko\/cestovani-po-thajsku\/\">Cestov\u00e1n\u00ed po Thajsku<\/a> <a class=\"btn btn-warning\" title=\"Fotografie z Thajska\" href=\"https:\/\/nacaj.cz\/indie\/thajsko-fotografie-z-thajska\/\">Fotografie<\/a> <a class=\"btn btn-default\" title=\"Pouli\u010dn\u00ed j\u00eddlo v Thajsku\" href=\"https:\/\/nacaj.cz\/indie\/jidlo-v-thajsku-bangkok-street-food\/\">J\u00eddlo<\/a><br \/>\n&nbsp;<\/p>\n<h4><span style=\"color: #999999;\">Phuket &#8211; z\u00e1kladn\u00ed informace<\/span><\/h4>\n<p>&nbsp;<\/p>\n<h2>Mezin\u00e1rodn\u00ed Leti\u0161t\u011b Phuket<\/h2>\n<p>Mal\u00e9, ale celkem ru\u0161n\u00e9 leti\u0161t\u011b se spojen\u00edm do t\u00e9m\u011b\u0159 do cel\u00e9ho sv\u011bta.&nbsp;<br \/>\nLeti\u0161t\u011b je rozd\u011blen\u00e9 na dva termin\u00e1ly, mezin\u00e1rodn\u00ed a domestic terminal.<br \/>\n<span style=\"color: #999999;\">(odkaz na skyradar)<\/span><\/p>\n<p>&nbsp;<\/p>\n<h3>Doprava z leti\u0161t\u011b Phuket<\/h3>\n<h4>Autobus z leti\u0161t\u011b&nbsp; &#8211; Airport Express Bus<\/h4>\n<p>Nejlevn\u011bj\u0161\u00ed doprava z leti\u0161t\u011b je&nbsp;<strong>leti\u0161tn\u00edmi expres autobusy<\/strong>.&nbsp;<br \/>\nAutobusy maj\u00ed stanovi\u0161t\u011b vedle dom\u00e1c\u00edho termin\u00e1lu Domestic Terminal. (Vyjdete z termin\u00e1lu a d\u00e1te se vlevo).<\/p>\n<p>&nbsp;<\/p>\n<h3>Phuket Smart Bus<span style=\"color: #999999;\"> 8357<\/span><\/h3>\n<ul>\n<li>Cena: <strong>170 Baht<\/strong> za osobu a jednu j\u00edzdu<\/li>\n<li>Str\u00e1nky <strong>Phuket Smart Bus<\/strong> v angli\u010dtin\u011b: <a href=\"https:\/\/phuketsmartbus.com\/?lang=en\" target=\"_blank\" rel=\"noopener\">phuketsmartbus.com<\/a><\/li>\n<li>Interaktivn\u00ed mapa s GPS z\u00e1znamem autobus\u016f na trase po z\u00e1padn\u00edm pob\u0159e\u017e\u00ed Phuketu: \u2329<a href=\"https:\/\/phuket.cloud\/bus\/\" target=\"_blank\" rel=\"noopener\">MAPA<\/a>\u232a<\/li>\n<\/ul>\n<p>&nbsp;<\/p>\n<h4 style=\"padding-left: 30px;\"><span style=\"color: #027dad;\">J\u00edzdn\u00ed \u0159\u00e1d: Autobus z pl\u00e1\u017ee Rawai Beach na leti\u0161t\u011b Phuket:<\/span><br \/>\n\u2329<a href=\"https:\/\/nacaj.cz\/indie\/wp-content\/uploads\/2020\/03\/Phuket-Airport-Bus-Rawai-8357.png\" target=\"_blank\" rel=\"noopener\">St\u00e1hnout v pln\u00e9 velikosti<\/a>\u232a<\/h4>\n<p><a href=\"https:\/\/nacaj.cz\/indie\/wp-content\/uploads\/2020\/03\/Phuket-Airport-Bus-Rawai-8357.png\"><img loading=\"lazy\" class=\"wp-image-6329 size-medium\" src=\"https:\/\/nacaj.cz\/indie\/wp-content\/uploads\/2020\/03\/Phuket-Airport-Bus-Rawai-8357-660x465.png\" alt=\"Autobus na leti\u0161t\u011b Phuket, Thajsko\" width=\"660\" height=\"465\" srcset=\"https:\/\/nacaj.cz\/indie\/wp-content\/uploads\/2020\/03\/Phuket-Airport-Bus-Rawai-8357-660x465.png 660w, https:\/\/nacaj.cz\/indie\/wp-content\/uploads\/2020\/03\/Phuket-Airport-Bus-Rawai-8357-150x106.png 150w, https:\/\/nacaj.cz\/indie\/wp-content\/uploads\/2020\/03\/Phuket-Airport-Bus-Rawai-8357-768x541.png 768w, https:\/\/nacaj.cz\/indie\/wp-content\/uploads\/2020\/03\/Phuket-Airport-Bus-Rawai-8357-900x635.png 900w, https:\/\/nacaj.cz\/indie\/wp-content\/uploads\/2020\/03\/Phuket-Airport-Bus-Rawai-8357.png 1000w\" sizes=\"(max-width: 660px) 100vw, 660px\" \/><\/a><\/p>\n<p>&nbsp;<\/p>\n<h4 style=\"padding-left: 30px;\"><span style=\"color: #ad7402;\">J\u00edzdn\u00ed \u0159\u00e1d: Autobus z leti\u0161t\u011b Phuket na Rawai Beach:<\/span><br \/>\n\u2329<a href=\"https:\/\/nacaj.cz\/indie\/wp-content\/uploads\/2020\/03\/Phuket-Airport-Bus-Rawai_8357.png\" target=\"_blank\" rel=\"noopener\">St\u00e1hnout v pln\u00e9 velikosti<\/a>\u232a<\/h4>\n<p><a href=\"https:\/\/nacaj.cz\/indie\/wp-content\/uploads\/2020\/03\/Phuket-Airport-Bus-Rawai_8357.png\"><img loading=\"lazy\" class=\"wp-image-6333 size-medium\" src=\"https:\/\/nacaj.cz\/indie\/wp-content\/uploads\/2020\/03\/Phuket-Airport-Bus-Rawai_8357-660x465.png\" alt=\"Autobus z leti\u0161t\u011b Phuket, Thajsko\" width=\"660\" height=\"465\" srcset=\"https:\/\/nacaj.cz\/indie\/wp-content\/uploads\/2020\/03\/Phuket-Airport-Bus-Rawai_8357-660x465.png 660w, https:\/\/nacaj.cz\/indie\/wp-content\/uploads\/2020\/03\/Phuket-Airport-Bus-Rawai_8357-150x106.png 150w, https:\/\/nacaj.cz\/indie\/wp-content\/uploads\/2020\/03\/Phuket-Airport-Bus-Rawai_8357-768x541.png 768w, https:\/\/nacaj.cz\/indie\/wp-content\/uploads\/2020\/03\/Phuket-Airport-Bus-Rawai_8357-900x635.png 900w, https:\/\/nacaj.cz\/indie\/wp-content\/uploads\/2020\/03\/Phuket-Airport-Bus-Rawai_8357.png 1000w\" sizes=\"(max-width: 660px) 100vw, 660px\" \/><\/a><\/p>\n<p>&nbsp;<\/p>\n<h4>Ceny leti\u0161tn\u00edho autobusu:<\/h4>\n<p><a href=\"https:\/\/nacaj.cz\/indie\/wp-content\/uploads\/2020\/03\/Autobus-letiste-phuket-ceny.png\"><img loading=\"lazy\" class=\"wp-image-6337 size-full\" src=\"https:\/\/nacaj.cz\/indie\/wp-content\/uploads\/2020\/03\/Autobus-letiste-phuket-ceny.png\" alt=\"Ceny leti\u0161tn\u00edho autobusu Phuket\" width=\"660\" height=\"473\" srcset=\"https:\/\/nacaj.cz\/indie\/wp-content\/uploads\/2020\/03\/Autobus-letiste-phuket-ceny.png 660w, https:\/\/nacaj.cz\/indie\/wp-content\/uploads\/2020\/03\/Autobus-letiste-phuket-ceny-150x108.png 150w\" sizes=\"(max-width: 660px) 100vw, 660px\" \/><\/a><\/p>\n<hr>\n<h4>Autobusy na Phuketu<\/h4>\n<p>Airport autobusy, lok\u00e1ln\u00ed autobusy, &#8222;Blue Bus&#8220; pouze z Phuket Town na pl\u00e1\u017ee a zp\u011bt, nejezd\u00ed mezi pl\u00e1\u017eemi.<br \/>\n<a href=\"https:\/\/www.phuket101.net\/how-to-ride-phuket-bus\/\" target=\"_blank\" rel=\"noopener\">www.phuket101.net\/how-to-ride-phuket-bus\/<\/a><\/p>\n<p>&nbsp;<\/p>\n<h3>Emigra\u010dn\u00ed \u00fa\u0159ad na ostrov\u011b Phuket<\/h3>\n<p>Prodlou\u017een\u00ed bezv\u00edzov\u00e9ho pobytu v Thajsku o 30 dn\u00ed staj\u00ed 1900 THB a lze zajistit na&nbsp; dvou \u00fa\u0159adech:<\/p>\n<p><strong>Phuket Immigration Office<\/strong><br \/>\n482 Phuket Rd., Taladyai, Muang, Phuket, Thailand<\/p>\n<p><strong>PaTong Immigration Office<\/strong><br \/>\nPa Tong, Kathu District, Phuket 83150<br \/>\n(<a href=\"https:\/\/goo.gl\/maps\/5Bt4Zu8zmca3w8dw5\" target=\"_blank\" rel=\"noopener\">GoogleMaps<\/a>)<\/p>\n<p>&nbsp;<\/p>\n<p>&nbsp;<\/p>\n<p>V post-covidov\u00e9 dob\u011b jsem ji\u017e vymazal Phuket z m\u00edst n\u00e1vrat\u016f. Dle dostupn\u00fdch informac\u00ed cel\u00fd ostrov okupuj\u00ed mra\u010dna rus\u016f..<\/p>\n<hr>\n<p>&nbsp;<br \/>\n<a class=\"btn btn-primary\" href=\"https:\/\/nacaj.cz\/indie\/thajsko\/\">THAJSKO<\/a><\/p>\n<p><a class=\"btn btn-warning\" title=\"Bangkok, Thajsko\" href=\"https:\/\/nacaj.cz\/indie\/thajsko\/bangkok\/\">Bangkok<\/a> <a class=\"btn btn-success\" title=\"Phuket, Thajsko\" href=\"https:\/\/nacaj.cz\/indie\/thajsko\/phuket\/\">Phuket<\/a> <a class=\"btn btn-warning\" title=\"Cestov\u00e1n\u00ed po Thajsku\" href=\"https:\/\/nacaj.cz\/indie\/thajsko\/cestovani-po-thajsku\/\">Cestov\u00e1n\u00ed po Thajsku<\/a> <a class=\"btn btn-default\" title=\"Fotografie z Thajska\" href=\"https:\/\/nacaj.cz\/indie\/thajsko-fotografie-z-thajska\/\">Fotografie<\/a> <a class=\"btn btn-default\" title=\"Pouli\u010dn\u00ed j\u00eddlo v Thajsku\" href=\"https:\/\/nacaj.cz\/indie\/jidlo-v-thajsku-bangkok-street-food\/\">J\u00eddlo<\/a><\/p>\n<p>&nbsp;<\/p>\n<div class=\"synved-social-container synved-social-container-share\" style=\"text-align: right\"><a class=\"synved-social-button synved-social-button-share synved-social-size-32 synved-social-resolution-single synved-social-provider-facebook nolightbox\" data-provider=\"facebook\" target=\"_blank\" rel=\"nofollow\" title=\"Sd\u00edlejte na facebook.com\" href=\"https:\/\/www.facebook.com\/sharer.php?u=https%3A%2F%2Fnacaj.cz%2Findie%2Fwp-json%2Fwp%2Fv2%2Fpages%2F6328&#038;t=Phuket&#038;s=100&#038;p&#091;url&#093;=https%3A%2F%2Fnacaj.cz%2Findie%2Fwp-json%2Fwp%2Fv2%2Fpages%2F6328&#038;p&#091;images&#093;&#091;0&#093;=https%3A%2F%2Fnacaj.cz%2Findie%2Fwp-content%2Fuploads%2F2020%2F03%2FPhuket-Airport-Bus-Rawai-8357-660x465.png&#038;p&#091;title&#093;=Phuket\" style=\"font-size: 0px; width:32px;height:32px;margin:0;margin-bottom:5px;margin-right:5px;\"><img alt=\"Facebook\" title=\"Sd\u00edlejte na facebook.com\" class=\"synved-share-image synved-social-image synved-social-image-share\" width=\"32\" height=\"32\" style=\"display: inline; width:32px;height:32px; margin: 0; padding: 0; border: none; box-shadow: none;\" src=\"https:\/\/nacaj.cz\/indie\/wp-content\/plugins\/social-media-feather\/synved-social\/image\/social\/regular\/64x64\/facebook.png\" \/><\/a><a class=\"synved-social-button synved-social-button-share synved-social-size-32 synved-social-resolution-single synved-social-provider-twitter nolightbox\" data-provider=\"twitter\" target=\"_blank\" rel=\"nofollow\" title=\"Sd\u00edlejte na Twitteru\" href=\"https:\/\/twitter.com\/intent\/tweet?url=https%3A%2F%2Fnacaj.cz%2Findie%2Fwp-json%2Fwp%2Fv2%2Fpages%2F6328&#038;text=Sdd%C3%ADlejte%20s%20p%C5%99%C3%A1teli\" style=\"font-size: 0px; width:32px;height:32px;margin:0;margin-bottom:5px;margin-right:5px;\"><img alt=\"twitter\" title=\"Sd\u00edlejte na Twitteru\" class=\"synved-share-image synved-social-image synved-social-image-share\" width=\"32\" height=\"32\" style=\"display: inline; width:32px;height:32px; margin: 0; padding: 0; border: none; box-shadow: none;\" src=\"https:\/\/nacaj.cz\/indie\/wp-content\/plugins\/social-media-feather\/synved-social\/image\/social\/regular\/64x64\/twitter.png\" \/><\/a><a class=\"synved-social-button synved-social-button-share synved-social-size-32 synved-social-resolution-single synved-social-provider-reddit nolightbox\" data-provider=\"reddit\" target=\"_blank\" rel=\"nofollow\" title=\"Sd\u00edlejte na Reddit\" href=\"https:\/\/www.reddit.com\/submit?url=https%3A%2F%2Fnacaj.cz%2Findie%2Fwp-json%2Fwp%2Fv2%2Fpages%2F6328&#038;title=Phuket\" style=\"font-size: 0px; width:32px;height:32px;margin:0;margin-bottom:5px;margin-right:5px;\"><img alt=\"reddit\" title=\"Sd\u00edlejte na Reddit\" class=\"synved-share-image synved-social-image synved-social-image-share\" width=\"32\" height=\"32\" style=\"display: inline; width:32px;height:32px; margin: 0; padding: 0; border: none; box-shadow: none;\" src=\"https:\/\/nacaj.cz\/indie\/wp-content\/plugins\/social-media-feather\/synved-social\/image\/social\/regular\/64x64\/reddit.png\" \/><\/a><a class=\"synved-social-button synved-social-button-share synved-social-size-32 synved-social-resolution-single synved-social-provider-pinterest nolightbox\" data-provider=\"pinterest\" target=\"_blank\" rel=\"nofollow\" title=\"Pin it with Pinterest\" href=\"https:\/\/pinterest.com\/pin\/create\/button\/?url=https%3A%2F%2Fnacaj.cz%2Findie%2Fwp-json%2Fwp%2Fv2%2Fpages%2F6328&#038;media=https%3A%2F%2Fnacaj.cz%2Findie%2Fwp-content%2Fuploads%2F2020%2F03%2FPhuket-Airport-Bus-Rawai-8357-660x465.png&#038;description=Phuket\" style=\"font-size: 0px; width:32px;height:32px;margin:0;margin-bottom:5px;margin-right:5px;\"><img alt=\"pinterest\" title=\"Pin it with Pinterest\" class=\"synved-share-image synved-social-image synved-social-image-share\" width=\"32\" height=\"32\" style=\"display: inline; width:32px;height:32px; margin: 0; padding: 0; border: none; box-shadow: none;\" src=\"https:\/\/nacaj.cz\/indie\/wp-content\/plugins\/social-media-feather\/synved-social\/image\/social\/regular\/64x64\/pinterest.png\" \/><\/a><a class=\"synved-social-button synved-social-button-share synved-social-size-32 synved-social-resolution-single synved-social-provider-linkedin nolightbox\" data-provider=\"linkedin\" target=\"_blank\" rel=\"nofollow\" title=\"Sd\u00edlejte na Linkedin\" href=\"https:\/\/www.linkedin.com\/shareArticle?mini=true&#038;url=https%3A%2F%2Fnacaj.cz%2Findie%2Fwp-json%2Fwp%2Fv2%2Fpages%2F6328&#038;title=Phuket\" style=\"font-size: 0px; width:32px;height:32px;margin:0;margin-bottom:5px;margin-right:5px;\"><img alt=\"linkedin\" title=\"Sd\u00edlejte na Linkedin\" class=\"synved-share-image synved-social-image synved-social-image-share\" width=\"32\" height=\"32\" style=\"display: inline; width:32px;height:32px; margin: 0; padding: 0; border: none; box-shadow: none;\" src=\"https:\/\/nacaj.cz\/indie\/wp-content\/plugins\/social-media-feather\/synved-social\/image\/social\/regular\/64x64\/linkedin.png\" \/><\/a><a class=\"synved-social-button synved-social-button-share synved-social-size-32 synved-social-resolution-single synved-social-provider-tumblr nolightbox\" data-provider=\"tumblr\" target=\"_blank\" rel=\"nofollow\" title=\"Sd\u00edlejte na Tumblr\" href=\"https:\/\/tumblr.com\/share?s=&#038;v=3&#038;t=Phuket&#038;u=https%3A%2F%2Fnacaj.cz%2Findie%2Fwp-json%2Fwp%2Fv2%2Fpages%2F6328\" style=\"font-size: 0px; width:32px;height:32px;margin:0;margin-bottom:5px;\"><img alt=\"tumblr\" title=\"Sd\u00edlejte na Tumblr\" class=\"synved-share-image synved-social-image synved-social-image-share\" width=\"32\" height=\"32\" style=\"display: inline; width:32px;height:32px; margin: 0; padding: 0; border: none; box-shadow: none;\" src=\"https:\/\/nacaj.cz\/indie\/wp-content\/plugins\/social-media-feather\/synved-social\/image\/social\/regular\/64x64\/tumblr.png\" \/><\/a><\/div>","protected":false},"excerpt":{"rendered":"<p>&nbsp; THAJSKO Bangkok Phuket Cestov\u00e1n\u00ed po Thajsku Fotografie J\u00eddlo &nbsp; Phuket &#8211; z\u00e1kladn\u00ed informace &nbsp; Mezin\u00e1rodn\u00ed Leti\u0161t\u011b Phuket Mal\u00e9, ale celkem ru\u0161n\u00e9 leti\u0161t\u011b se spojen\u00edm do t\u00e9m\u011b\u0159 do cel\u00e9ho sv\u011bta.&nbsp; [&hellip;]<\/p>\n","protected":false},"author":1,"featured_media":0,"parent":3637,"menu_order":0,"comment_status":"closed","ping_status":"closed","template":"","meta":{"ngg_post_thumbnail":0},"yoast_head":"<!-- This site is optimized with the Yoast SEO plugin v16.3 - https:\/\/yoast.com\/wordpress\/plugins\/seo\/ -->\n<title>Phuket - Thajsko<\/title>\n<meta name=\"description\" content=\"Ostrov Phuket - z\u00e1kladn\u00ed informace. Nejlevn\u011bj\u0161\u00ed doprava z leti\u0161t\u011b:\u00a0leti\u0161tn\u00ed expres autobusy. Ceny autobusu a j\u00edzdn\u00ed \u0159\u00e1d. Cestov\u00e1n\u00ed po Thajsku. Mo\u0159e a pl\u00e1\u017ee.\" \/>\n<meta name=\"robots\" content=\"index, follow, max-snippet:-1, max-image-preview:large, max-video-preview:-1\" \/>\n<link rel=\"canonical\" href=\"https:\/\/nacaj.cz\/indie\/thajsko\/phuket\/\" \/>\n<meta property=\"og:locale\" content=\"cs_CZ\" \/>\n<meta property=\"og:type\" content=\"article\" \/>\n<meta property=\"og:title\" content=\"Phuket - Thajsko\" \/>\n<meta property=\"og:description\" content=\"Ostrov Phuket - z\u00e1kladn\u00ed informace. Nejlevn\u011bj\u0161\u00ed doprava z leti\u0161t\u011b:\u00a0leti\u0161tn\u00ed expres autobusy. Ceny autobusu a j\u00edzdn\u00ed \u0159\u00e1d. Cestov\u00e1n\u00ed po Thajsku. Mo\u0159e a pl\u00e1\u017ee.\" \/>\n<meta property=\"og:url\" content=\"https:\/\/nacaj.cz\/indie\/thajsko\/phuket\/\" \/>\n<meta property=\"og:site_name\" content=\"INDIE - Cestov\u00e1n\u00ed po Indii\" \/>\n<meta property=\"article:publisher\" content=\"https:\/\/www.facebook.com\/travel.exotika\/\" \/>\n<meta property=\"article:modified_time\" content=\"2023-12-08T03:21:48+00:00\" \/>\n<meta property=\"og:image\" content=\"https:\/\/nacaj.cz\/indie\/wp-content\/uploads\/2020\/03\/Phuket-Airport-Bus-Rawai-8357-660x465.png\" \/>\n<meta name=\"twitter:label1\" content=\"Odhadovan\u00e1 doba \u010dten\u00ed\">\n\t<meta name=\"twitter:data1\" content=\"2 minuty\">\n<script type=\"application\/ld+json\" class=\"yoast-schema-graph\">{\"@context\":\"https:\/\/schema.org\",\"@graph\":[{\"@type\":\"Organization\",\"@id\":\"https:\/\/nacaj.cz\/indie\/#organization\",\"name\":\"NaCaj.cz\",\"url\":\"https:\/\/nacaj.cz\/indie\/\",\"sameAs\":[\"https:\/\/www.facebook.com\/travel.exotika\/\"],\"logo\":{\"@type\":\"ImageObject\",\"@id\":\"https:\/\/nacaj.cz\/indie\/#logo\",\"inLanguage\":\"cs\",\"url\":\"https:\/\/nacaj.cz\/indie\/wp-content\/uploads\/2018\/01\/Indie-cestovani-po-indii.jpg\",\"contentUrl\":\"https:\/\/nacaj.cz\/indie\/wp-content\/uploads\/2018\/01\/Indie-cestovani-po-indii.jpg\",\"width\":651,\"height\":530,\"caption\":\"NaCaj.cz\"},\"image\":{\"@id\":\"https:\/\/nacaj.cz\/indie\/#logo\"}},{\"@type\":\"WebSite\",\"@id\":\"https:\/\/nacaj.cz\/indie\/#website\",\"url\":\"https:\/\/nacaj.cz\/indie\/\",\"name\":\"INDIE - Cestov\\u00e1n\\u00ed po Indii\",\"description\":\"Cestov\\u00e1n\\u00ed: Exotika :-)\",\"publisher\":{\"@id\":\"https:\/\/nacaj.cz\/indie\/#organization\"},\"potentialAction\":[{\"@type\":\"SearchAction\",\"target\":\"https:\/\/nacaj.cz\/indie\/?s={search_term_string}\",\"query-input\":\"required name=search_term_string\"}],\"inLanguage\":\"cs\"},{\"@type\":\"ImageObject\",\"@id\":\"https:\/\/nacaj.cz\/indie\/thajsko\/phuket\/#primaryimage\",\"inLanguage\":\"cs\",\"url\":\"https:\/\/nacaj.cz\/indie\/wp-content\/uploads\/2020\/03\/Phuket-Airport-Bus-Rawai-8357.png\",\"contentUrl\":\"https:\/\/nacaj.cz\/indie\/wp-content\/uploads\/2020\/03\/Phuket-Airport-Bus-Rawai-8357.png\",\"width\":1000,\"height\":705,\"caption\":\"Autobus na leti\\u0161t\\u011b Phuket, Thajsko\"},{\"@type\":\"WebPage\",\"@id\":\"https:\/\/nacaj.cz\/indie\/thajsko\/phuket\/#webpage\",\"url\":\"https:\/\/nacaj.cz\/indie\/thajsko\/phuket\/\",\"name\":\"Phuket - Thajsko\",\"isPartOf\":{\"@id\":\"https:\/\/nacaj.cz\/indie\/#website\"},\"primaryImageOfPage\":{\"@id\":\"https:\/\/nacaj.cz\/indie\/thajsko\/phuket\/#primaryimage\"},\"datePublished\":\"2023-12-01T09:00:02+00:00\",\"dateModified\":\"2023-12-08T03:21:48+00:00\",\"description\":\"Ostrov Phuket - z\\u00e1kladn\\u00ed informace. Nejlevn\\u011bj\\u0161\\u00ed doprava z leti\\u0161t\\u011b:\\u00a0leti\\u0161tn\\u00ed expres autobusy. Ceny autobusu a j\\u00edzdn\\u00ed \\u0159\\u00e1d. Cestov\\u00e1n\\u00ed po Thajsku. Mo\\u0159e a pl\\u00e1\\u017ee.\",\"breadcrumb\":{\"@id\":\"https:\/\/nacaj.cz\/indie\/thajsko\/phuket\/#breadcrumb\"},\"inLanguage\":\"cs\",\"potentialAction\":[{\"@type\":\"ReadAction\",\"target\":[\"https:\/\/nacaj.cz\/indie\/thajsko\/phuket\/\"]}]},{\"@type\":\"BreadcrumbList\",\"@id\":\"https:\/\/nacaj.cz\/indie\/thajsko\/phuket\/#breadcrumb\",\"itemListElement\":[{\"@type\":\"ListItem\",\"position\":1,\"item\":{\"@type\":\"WebPage\",\"@id\":\"https:\/\/nacaj.cz\/indie\/\",\"url\":\"https:\/\/nacaj.cz\/indie\/\",\"name\":\"Dom\\u016f\"}},{\"@type\":\"ListItem\",\"position\":2,\"item\":{\"@type\":\"WebPage\",\"@id\":\"https:\/\/nacaj.cz\/indie\/thajsko\/\",\"url\":\"https:\/\/nacaj.cz\/indie\/thajsko\/\",\"name\":\"Thajsko\"}},{\"@type\":\"ListItem\",\"position\":3,\"item\":{\"@id\":\"https:\/\/nacaj.cz\/indie\/thajsko\/phuket\/#webpage\"}}]}]}<\/script>\n<!-- \/ Yoast SEO plugin. -->","_links":{"self":[{"href":"https:\/\/nacaj.cz\/indie\/wp-json\/wp\/v2\/pages\/6328"}],"collection":[{"href":"https:\/\/nacaj.cz\/indie\/wp-json\/wp\/v2\/pages"}],"about":[{"href":"https:\/\/nacaj.cz\/indie\/wp-json\/wp\/v2\/types\/page"}],"author":[{"embeddable":true,"href":"https:\/\/nacaj.cz\/indie\/wp-json\/wp\/v2\/users\/1"}],"replies":[{"embeddable":true,"href":"https:\/\/nacaj.cz\/indie\/wp-json\/wp\/v2\/comments?post=6328"}],"version-history":[{"count":0,"href":"https:\/\/nacaj.cz\/indie\/wp-json\/wp\/v2\/pages\/6328\/revisions"}],"up":[{"embeddable":true,"href":"https:\/\/nacaj.cz\/indie\/wp-json\/wp\/v2\/pages\/3637"}],"wp:attachment":[{"href":"https:\/\/nacaj.cz\/indie\/wp-json\/wp\/v2\/media?parent=6328"}],"curies":[{"name":"wp","href":"https:\/\/api.w.org\/{rel}","templated":true}]}}