{"id":4913,"date":"2021-02-24T11:51:05","date_gmt":"2021-02-24T10:51:05","guid":{"rendered":"http:\/\/nacaj.cz\/indie\/?page_id=4913"},"modified":"2021-02-28T18:16:19","modified_gmt":"2021-02-28T17:16:19","slug":"agonda-goa-fotografie","status":"publish","type":"page","link":"https:\/\/nacaj.cz\/indie\/agonda-goa-fotografie\/","title":{"rendered":"Foto-galerie: Agonda"},"content":{"rendered":"<div class=\"synved-social-container synved-social-container-share\" style=\"text-align: right\"><a class=\"synved-social-button synved-social-button-share synved-social-size-32 synved-social-resolution-single synved-social-provider-facebook nolightbox\" data-provider=\"facebook\" target=\"_blank\" rel=\"nofollow\" title=\"Sd\u00edlejte na facebook.com\" href=\"https:\/\/www.facebook.com\/sharer.php?u=https%3A%2F%2Fnacaj.cz%2Findie%2Fwp-json%2Fwp%2Fv2%2Fpages%2F4913&#038;t=Foto-galerie%3A%20Agonda&#038;s=100&#038;p&#091;url&#093;=https%3A%2F%2Fnacaj.cz%2Findie%2Fwp-json%2Fwp%2Fv2%2Fpages%2F4913&#038;p&#091;images&#093;&#091;0&#093;=https%3A%2F%2Fnacaj.cz%2Findie%2Fwp-content%2Fuploads%2F2017%2F04%2Ffotografie-Agonda-Goa-Indie.jpg&#038;p&#091;title&#093;=Foto-galerie%3A%20Agonda\" style=\"font-size: 0px; width:32px;height:32px;margin:0;margin-bottom:5px;margin-right:5px;\"><img alt=\"Facebook\" title=\"Sd\u00edlejte na facebook.com\" class=\"synved-share-image synved-social-image synved-social-image-share\" width=\"32\" height=\"32\" style=\"display: inline; width:32px;height:32px; margin: 0; padding: 0; border: none; box-shadow: none;\" src=\"https:\/\/nacaj.cz\/indie\/wp-content\/plugins\/social-media-feather\/synved-social\/image\/social\/regular\/64x64\/facebook.png\" \/><\/a><a class=\"synved-social-button synved-social-button-share synved-social-size-32 synved-social-resolution-single synved-social-provider-twitter nolightbox\" data-provider=\"twitter\" target=\"_blank\" rel=\"nofollow\" title=\"Sd\u00edlejte na Twitteru\" href=\"https:\/\/twitter.com\/intent\/tweet?url=https%3A%2F%2Fnacaj.cz%2Findie%2Fwp-json%2Fwp%2Fv2%2Fpages%2F4913&#038;text=Sdd%C3%ADlejte%20s%20p%C5%99%C3%A1teli\" style=\"font-size: 0px; width:32px;height:32px;margin:0;margin-bottom:5px;margin-right:5px;\"><img alt=\"twitter\" title=\"Sd\u00edlejte na Twitteru\" class=\"synved-share-image synved-social-image synved-social-image-share\" width=\"32\" height=\"32\" style=\"display: inline; width:32px;height:32px; margin: 0; padding: 0; border: none; box-shadow: none;\" src=\"https:\/\/nacaj.cz\/indie\/wp-content\/plugins\/social-media-feather\/synved-social\/image\/social\/regular\/64x64\/twitter.png\" \/><\/a><a class=\"synved-social-button synved-social-button-share synved-social-size-32 synved-social-resolution-single synved-social-provider-reddit nolightbox\" data-provider=\"reddit\" target=\"_blank\" rel=\"nofollow\" title=\"Sd\u00edlejte na Reddit\" href=\"https:\/\/www.reddit.com\/submit?url=https%3A%2F%2Fnacaj.cz%2Findie%2Fwp-json%2Fwp%2Fv2%2Fpages%2F4913&#038;title=Foto-galerie%3A%20Agonda\" style=\"font-size: 0px; width:32px;height:32px;margin:0;margin-bottom:5px;margin-right:5px;\"><img alt=\"reddit\" title=\"Sd\u00edlejte na Reddit\" class=\"synved-share-image synved-social-image synved-social-image-share\" width=\"32\" height=\"32\" style=\"display: inline; width:32px;height:32px; margin: 0; padding: 0; border: none; box-shadow: none;\" src=\"https:\/\/nacaj.cz\/indie\/wp-content\/plugins\/social-media-feather\/synved-social\/image\/social\/regular\/64x64\/reddit.png\" \/><\/a><a class=\"synved-social-button synved-social-button-share synved-social-size-32 synved-social-resolution-single synved-social-provider-pinterest nolightbox\" data-provider=\"pinterest\" target=\"_blank\" rel=\"nofollow\" title=\"Pin it with Pinterest\" href=\"https:\/\/pinterest.com\/pin\/create\/button\/?url=https%3A%2F%2Fnacaj.cz%2Findie%2Fwp-json%2Fwp%2Fv2%2Fpages%2F4913&#038;media=https%3A%2F%2Fnacaj.cz%2Findie%2Fwp-content%2Fuploads%2F2017%2F04%2Ffotografie-Agonda-Goa-Indie.jpg&#038;description=Foto-galerie%3A%20Agonda\" style=\"font-size: 0px; width:32px;height:32px;margin:0;margin-bottom:5px;margin-right:5px;\"><img alt=\"pinterest\" title=\"Pin it with Pinterest\" class=\"synved-share-image synved-social-image synved-social-image-share\" width=\"32\" height=\"32\" style=\"display: inline; width:32px;height:32px; margin: 0; padding: 0; border: none; box-shadow: none;\" src=\"https:\/\/nacaj.cz\/indie\/wp-content\/plugins\/social-media-feather\/synved-social\/image\/social\/regular\/64x64\/pinterest.png\" \/><\/a><a class=\"synved-social-button synved-social-button-share synved-social-size-32 synved-social-resolution-single synved-social-provider-linkedin nolightbox\" data-provider=\"linkedin\" target=\"_blank\" rel=\"nofollow\" title=\"Sd\u00edlejte na Linkedin\" href=\"https:\/\/www.linkedin.com\/shareArticle?mini=true&#038;url=https%3A%2F%2Fnacaj.cz%2Findie%2Fwp-json%2Fwp%2Fv2%2Fpages%2F4913&#038;title=Foto-galerie%3A%20Agonda\" style=\"font-size: 0px; width:32px;height:32px;margin:0;margin-bottom:5px;margin-right:5px;\"><img alt=\"linkedin\" title=\"Sd\u00edlejte na Linkedin\" class=\"synved-share-image synved-social-image synved-social-image-share\" width=\"32\" height=\"32\" style=\"display: inline; width:32px;height:32px; margin: 0; padding: 0; border: none; box-shadow: none;\" src=\"https:\/\/nacaj.cz\/indie\/wp-content\/plugins\/social-media-feather\/synved-social\/image\/social\/regular\/64x64\/linkedin.png\" \/><\/a><a class=\"synved-social-button synved-social-button-share synved-social-size-32 synved-social-resolution-single synved-social-provider-tumblr nolightbox\" data-provider=\"tumblr\" target=\"_blank\" rel=\"nofollow\" title=\"Sd\u00edlejte na Tumblr\" href=\"https:\/\/tumblr.com\/share?s=&#038;v=3&#038;t=Foto-galerie%3A%20Agonda&#038;u=https%3A%2F%2Fnacaj.cz%2Findie%2Fwp-json%2Fwp%2Fv2%2Fpages%2F4913\" style=\"font-size: 0px; width:32px;height:32px;margin:0;margin-bottom:5px;\"><img alt=\"tumblr\" title=\"Sd\u00edlejte na Tumblr\" class=\"synved-share-image synved-social-image synved-social-image-share\" width=\"32\" height=\"32\" style=\"display: inline; width:32px;height:32px; margin: 0; padding: 0; border: none; box-shadow: none;\" src=\"https:\/\/nacaj.cz\/indie\/wp-content\/plugins\/social-media-feather\/synved-social\/image\/social\/regular\/64x64\/tumblr.png\" \/><\/a><\/div><p><a title=\"Galerie fotografi\u00ed z Indie. Fotografie z cest po Indii\" href=\"https:\/\/nacaj.cz\/indie\/fotogalerie\/\"><img src=\"https:\/\/nacaj.cz\/indie\/wp-content\/gallery\/fotografie\/indie-fotoografie-galerie.jpg\" alt=\"Fotografie z Indie - galerie fotografi\u00ed z cest po Indii\"><\/a><\/p>\n<h2>Fotografie z Indie:&nbsp;Agonda, Goa<\/h2>\n<h3 style=\"text-align: right;\">\u010cl\u00e1nek: <a href=\"https:\/\/nacaj.cz\/indie\/agonda-goa\/\">\u27a4 Agonda, Goa \u27a4<\/a><\/h3>\n<hr>\nngg_shortcode_0_placeholder\n<h3 style=\"text-align: right;\">\u010cl\u00e1nek: <a href=\"https:\/\/nacaj.cz\/indie\/agonda-goa\/\">\u27a4 Agonda, Goa \u27a4<\/a><\/h3>\n<hr>\n<p><a title=\"Galerie fotografi\u00ed z Indie. Fotografie z cest po Indii\" href=\"https:\/\/nacaj.cz\/indie\/fotogalerie\/\"><img src=\"https:\/\/nacaj.cz\/indie\/wp-content\/gallery\/fotografie\/indie-fotoografie-galerie.jpg\" alt=\"Fotografie z Indie - galerie fotografi\u00ed z cest po Indii\"><\/a><\/p>\n<h4>Galerie fotografi\u00ed z Indie dle t\u00e9mat:<\/h4>\n<p><strong><a title=\"Mo\u0159e pl\u00e1\u017ee a pob\u0159e\u017e\u00ed v Indii. Fotografie z Indie 2014\" href=\"https:\/\/nacaj.cz\/indie\/fotografie-more-plaze-v-indii\/\">\u27a4 Mo\u0159e pl\u00e1\u017ee a pob\u0159e\u017e\u00ed v Indii \u27a4<\/a><\/strong><\/p>\n<p><strong><a title=\"Indick\u00e9 kr\u00e1vy. Fotografie z Indie 2014\" href=\"https:\/\/nacaj.cz\/indie\/fotografie-indicke-kravy\/\">\u27a4 Indick\u00e9 Kr\u00e1vy \u27a4<\/a><\/strong><\/p>\n<p><strong><a title=\"Lid\u00e9 v Indii. Fotografie z Indie 2015\" href=\"https:\/\/nacaj.cz\/indie\/lide-v-indii-fotografie-z-indie\/\">\u27a4 Indov\u00e9, Indky a n\u00e1v\u0161t\u011bvn\u00edci Indie \u27a4<\/a><\/strong><\/p>\n<p><strong><a title=\"P\u0159\u00edroda v Indii. Fotografie z Indie 2015\" href=\"https:\/\/nacaj.cz\/indie\/priroda-v-indii-fotografie-z-indie\/\">\u27a4 P\u0159\u00edroda v Indii \u27a4<\/a><\/strong><\/p>\n<p><em>\u2026a dal\u0161\u00ed foto galerie se p\u0159ipravuj\u00ed :-)<\/em><\/p>\n<p><strong>Fotografie z Indie<\/strong> naleznete u ka\u017ed\u00e9ho \u010dl\u00e1nku o m\u00edstech kter\u00e1 jsem v Indii nav\u0161t\u00edvil:<br \/>\n<span style=\"text-decoration: underline;\">Odkazy v menu vpravo<\/span> na str\u00e1nk\u00e1ch,<br \/>\nnebo v\u00fdpis \u010dl\u00e1nk\u016f v kategorii <a title=\"Indie: Zaj\u00edmav\u00e1 m\u00edsta v Indii kam cestovat\" href=\"https:\/\/nacaj.cz\/indie\/cestovani\/zajimava-mista-v-indii\/\">\u27a4 <strong>Zaj\u00edmav\u00e1 m\u00edsta Indie&nbsp;<\/strong><\/a><strong><a title=\"Indie: Zaj\u00edmav\u00e1 m\u00edsta v Indii kam cestovat\" href=\"https:\/\/nacaj.cz\/indie\/cestovani\/zajimava-mista-v-indii\/\">\u27a4<\/a><\/strong><\/p>\n<div class=\"synved-social-container synved-social-container-share\" style=\"text-align: right\"><a class=\"synved-social-button synved-social-button-share synved-social-size-32 synved-social-resolution-single synved-social-provider-facebook nolightbox\" data-provider=\"facebook\" target=\"_blank\" rel=\"nofollow\" title=\"Sd\u00edlejte na facebook.com\" href=\"https:\/\/www.facebook.com\/sharer.php?u=https%3A%2F%2Fnacaj.cz%2Findie%2Fwp-json%2Fwp%2Fv2%2Fpages%2F4913&#038;t=Foto-galerie%3A%20Agonda&#038;s=100&#038;p&#091;url&#093;=https%3A%2F%2Fnacaj.cz%2Findie%2Fwp-json%2Fwp%2Fv2%2Fpages%2F4913&#038;p&#091;images&#093;&#091;0&#093;=https%3A%2F%2Fnacaj.cz%2Findie%2Fwp-content%2Fuploads%2F2017%2F04%2Ffotografie-Agonda-Goa-Indie.jpg&#038;p&#091;title&#093;=Foto-galerie%3A%20Agonda\" style=\"font-size: 0px; width:32px;height:32px;margin:0;margin-bottom:5px;margin-right:5px;\"><img alt=\"Facebook\" title=\"Sd\u00edlejte na facebook.com\" class=\"synved-share-image synved-social-image synved-social-image-share\" width=\"32\" height=\"32\" style=\"display: inline; width:32px;height:32px; margin: 0; padding: 0; border: none; box-shadow: none;\" src=\"https:\/\/nacaj.cz\/indie\/wp-content\/plugins\/social-media-feather\/synved-social\/image\/social\/regular\/64x64\/facebook.png\" \/><\/a><a class=\"synved-social-button synved-social-button-share synved-social-size-32 synved-social-resolution-single synved-social-provider-twitter nolightbox\" data-provider=\"twitter\" target=\"_blank\" rel=\"nofollow\" title=\"Sd\u00edlejte na Twitteru\" href=\"https:\/\/twitter.com\/intent\/tweet?url=https%3A%2F%2Fnacaj.cz%2Findie%2Fwp-json%2Fwp%2Fv2%2Fpages%2F4913&#038;text=Sdd%C3%ADlejte%20s%20p%C5%99%C3%A1teli\" style=\"font-size: 0px; width:32px;height:32px;margin:0;margin-bottom:5px;margin-right:5px;\"><img alt=\"twitter\" title=\"Sd\u00edlejte na Twitteru\" class=\"synved-share-image synved-social-image synved-social-image-share\" width=\"32\" height=\"32\" style=\"display: inline; width:32px;height:32px; margin: 0; padding: 0; border: none; box-shadow: none;\" src=\"https:\/\/nacaj.cz\/indie\/wp-content\/plugins\/social-media-feather\/synved-social\/image\/social\/regular\/64x64\/twitter.png\" \/><\/a><a class=\"synved-social-button synved-social-button-share synved-social-size-32 synved-social-resolution-single synved-social-provider-reddit nolightbox\" data-provider=\"reddit\" target=\"_blank\" rel=\"nofollow\" title=\"Sd\u00edlejte na Reddit\" href=\"https:\/\/www.reddit.com\/submit?url=https%3A%2F%2Fnacaj.cz%2Findie%2Fwp-json%2Fwp%2Fv2%2Fpages%2F4913&#038;title=Foto-galerie%3A%20Agonda\" style=\"font-size: 0px; width:32px;height:32px;margin:0;margin-bottom:5px;margin-right:5px;\"><img alt=\"reddit\" title=\"Sd\u00edlejte na Reddit\" class=\"synved-share-image synved-social-image synved-social-image-share\" width=\"32\" height=\"32\" style=\"display: inline; width:32px;height:32px; margin: 0; padding: 0; border: none; box-shadow: none;\" src=\"https:\/\/nacaj.cz\/indie\/wp-content\/plugins\/social-media-feather\/synved-social\/image\/social\/regular\/64x64\/reddit.png\" \/><\/a><a class=\"synved-social-button synved-social-button-share synved-social-size-32 synved-social-resolution-single synved-social-provider-pinterest nolightbox\" data-provider=\"pinterest\" target=\"_blank\" rel=\"nofollow\" title=\"Pin it with Pinterest\" href=\"https:\/\/pinterest.com\/pin\/create\/button\/?url=https%3A%2F%2Fnacaj.cz%2Findie%2Fwp-json%2Fwp%2Fv2%2Fpages%2F4913&#038;media=https%3A%2F%2Fnacaj.cz%2Findie%2Fwp-content%2Fuploads%2F2017%2F04%2Ffotografie-Agonda-Goa-Indie.jpg&#038;description=Foto-galerie%3A%20Agonda\" style=\"font-size: 0px; width:32px;height:32px;margin:0;margin-bottom:5px;margin-right:5px;\"><img alt=\"pinterest\" title=\"Pin it with Pinterest\" class=\"synved-share-image synved-social-image synved-social-image-share\" width=\"32\" height=\"32\" style=\"display: inline; width:32px;height:32px; margin: 0; padding: 0; border: none; box-shadow: none;\" src=\"https:\/\/nacaj.cz\/indie\/wp-content\/plugins\/social-media-feather\/synved-social\/image\/social\/regular\/64x64\/pinterest.png\" \/><\/a><a class=\"synved-social-button synved-social-button-share synved-social-size-32 synved-social-resolution-single synved-social-provider-linkedin nolightbox\" data-provider=\"linkedin\" target=\"_blank\" rel=\"nofollow\" title=\"Sd\u00edlejte na Linkedin\" href=\"https:\/\/www.linkedin.com\/shareArticle?mini=true&#038;url=https%3A%2F%2Fnacaj.cz%2Findie%2Fwp-json%2Fwp%2Fv2%2Fpages%2F4913&#038;title=Foto-galerie%3A%20Agonda\" style=\"font-size: 0px; width:32px;height:32px;margin:0;margin-bottom:5px;margin-right:5px;\"><img alt=\"linkedin\" title=\"Sd\u00edlejte na Linkedin\" class=\"synved-share-image synved-social-image synved-social-image-share\" width=\"32\" height=\"32\" style=\"display: inline; width:32px;height:32px; margin: 0; padding: 0; border: none; box-shadow: none;\" src=\"https:\/\/nacaj.cz\/indie\/wp-content\/plugins\/social-media-feather\/synved-social\/image\/social\/regular\/64x64\/linkedin.png\" \/><\/a><a class=\"synved-social-button synved-social-button-share synved-social-size-32 synved-social-resolution-single synved-social-provider-tumblr nolightbox\" data-provider=\"tumblr\" target=\"_blank\" rel=\"nofollow\" title=\"Sd\u00edlejte na Tumblr\" href=\"https:\/\/tumblr.com\/share?s=&#038;v=3&#038;t=Foto-galerie%3A%20Agonda&#038;u=https%3A%2F%2Fnacaj.cz%2Findie%2Fwp-json%2Fwp%2Fv2%2Fpages%2F4913\" style=\"font-size: 0px; width:32px;height:32px;margin:0;margin-bottom:5px;\"><img alt=\"tumblr\" title=\"Sd\u00edlejte na Tumblr\" class=\"synved-share-image synved-social-image synved-social-image-share\" width=\"32\" height=\"32\" style=\"display: inline; width:32px;height:32px; margin: 0; padding: 0; border: none; box-shadow: none;\" src=\"https:\/\/nacaj.cz\/indie\/wp-content\/plugins\/social-media-feather\/synved-social\/image\/social\/regular\/64x64\/tumblr.png\" \/><\/a><\/div>","protected":false},"excerpt":{"rendered":"<p>Fotografie z Indie:&nbsp;Agonda, Goa \u010cl\u00e1nek: \u27a4 Agonda, Goa \u27a4 &#8220; slug=&#8220;agonda&#8220; order_by=&#8220;sortorder&#8220; order_direction=&#8220;ASC&#8220; returns=&#8220;included&#8220; maximum_entity_count=&#8220;700&#8243;]&nbsp; \u010cl\u00e1nek: \u27a4 Agonda, Goa \u27a4 Galerie fotografi\u00ed z Indie dle t\u00e9mat: \u27a4 Mo\u0159e pl\u00e1\u017ee a [&hellip;]<\/p>\n","protected":false},"author":1,"featured_media":4920,"parent":0,"menu_order":0,"comment_status":"closed","ping_status":"closed","template":"","meta":{"ngg_post_thumbnail":0},"yoast_head":"<!-- This site is optimized with the Yoast SEO plugin v16.3 - https:\/\/yoast.com\/wordpress\/plugins\/seo\/ -->\n<title>Agonda, Goa. Fotografie z Indie \u2665 NaCaj.cz<\/title>\n<meta name=\"description\" content=\"Fotografie z Indie: Agonda, Goa. Galerie fotografi\u00ed z Indie. Pl\u00e1\u017ee, mo\u0159e, p\u0159\u00edroda v Indii. Galerie fotografi\u00ed z Indie\" \/>\n<meta name=\"robots\" content=\"index, follow, max-snippet:-1, max-image-preview:large, max-video-preview:-1\" \/>\n<link rel=\"canonical\" href=\"https:\/\/nacaj.cz\/indie\/agonda-goa-fotografie\/\" \/>\n<meta property=\"og:locale\" content=\"cs_CZ\" \/>\n<meta property=\"og:type\" content=\"article\" \/>\n<meta property=\"og:title\" content=\"Agonda, Goa. Fotografie z Indie \u2665 NaCaj.cz\" \/>\n<meta property=\"og:description\" content=\"Fotografie z Indie: Agonda, Goa. Galerie fotografi\u00ed z Indie. Pl\u00e1\u017ee, mo\u0159e, p\u0159\u00edroda v Indii. Galerie fotografi\u00ed z Indie\" \/>\n<meta property=\"og:url\" content=\"https:\/\/nacaj.cz\/indie\/agonda-goa-fotografie\/\" \/>\n<meta property=\"og:site_name\" content=\"INDIE - Cestov\u00e1n\u00ed po Indii\" \/>\n<meta property=\"article:publisher\" content=\"https:\/\/www.facebook.com\/travel.exotika\/\" \/>\n<meta property=\"article:modified_time\" content=\"2021-02-28T17:16:19+00:00\" \/>\n<meta property=\"og:image\" content=\"https:\/\/nacaj.cz\/indie\/wp-content\/uploads\/2017\/04\/fotografie-Agonda-Goa-Indie.jpg\" \/>\n\t<meta property=\"og:image:width\" content=\"660\" \/>\n\t<meta property=\"og:image:height\" content=\"291\" \/>\n<meta name=\"twitter:label1\" content=\"Odhadovan\u00e1 doba \u010dten\u00ed\">\n\t<meta name=\"twitter:data1\" content=\"1 minuta\">\n<script type=\"application\/ld+json\" class=\"yoast-schema-graph\">{\"@context\":\"https:\/\/schema.org\",\"@graph\":[{\"@type\":\"Organization\",\"@id\":\"https:\/\/nacaj.cz\/indie\/#organization\",\"name\":\"NaCaj.cz\",\"url\":\"https:\/\/nacaj.cz\/indie\/\",\"sameAs\":[\"https:\/\/www.facebook.com\/travel.exotika\/\"],\"logo\":{\"@type\":\"ImageObject\",\"@id\":\"https:\/\/nacaj.cz\/indie\/#logo\",\"inLanguage\":\"cs\",\"url\":\"https:\/\/nacaj.cz\/indie\/wp-content\/uploads\/2018\/01\/Indie-cestovani-po-indii.jpg\",\"contentUrl\":\"https:\/\/nacaj.cz\/indie\/wp-content\/uploads\/2018\/01\/Indie-cestovani-po-indii.jpg\",\"width\":651,\"height\":530,\"caption\":\"NaCaj.cz\"},\"image\":{\"@id\":\"https:\/\/nacaj.cz\/indie\/#logo\"}},{\"@type\":\"WebSite\",\"@id\":\"https:\/\/nacaj.cz\/indie\/#website\",\"url\":\"https:\/\/nacaj.cz\/indie\/\",\"name\":\"INDIE - Cestov\\u00e1n\\u00ed po Indii\",\"description\":\"Cestov\\u00e1n\\u00ed: Exotika :-)\",\"publisher\":{\"@id\":\"https:\/\/nacaj.cz\/indie\/#organization\"},\"potentialAction\":[{\"@type\":\"SearchAction\",\"target\":\"https:\/\/nacaj.cz\/indie\/?s={search_term_string}\",\"query-input\":\"required name=search_term_string\"}],\"inLanguage\":\"cs\"},{\"@type\":\"ImageObject\",\"@id\":\"https:\/\/nacaj.cz\/indie\/agonda-goa-fotografie\/#primaryimage\",\"inLanguage\":\"cs\",\"url\":\"https:\/\/nacaj.cz\/indie\/wp-content\/uploads\/2017\/04\/fotografie-Agonda-Goa-Indie.jpg\",\"contentUrl\":\"https:\/\/nacaj.cz\/indie\/wp-content\/uploads\/2017\/04\/fotografie-Agonda-Goa-Indie.jpg\",\"width\":660,\"height\":291,\"caption\":\"Agonda, Goa. Fotografie z Indie.\"},{\"@type\":\"WebPage\",\"@id\":\"https:\/\/nacaj.cz\/indie\/agonda-goa-fotografie\/#webpage\",\"url\":\"https:\/\/nacaj.cz\/indie\/agonda-goa-fotografie\/\",\"name\":\"Agonda, Goa. Fotografie z Indie \\u2665 NaCaj.cz\",\"isPartOf\":{\"@id\":\"https:\/\/nacaj.cz\/indie\/#website\"},\"primaryImageOfPage\":{\"@id\":\"https:\/\/nacaj.cz\/indie\/agonda-goa-fotografie\/#primaryimage\"},\"datePublished\":\"2021-02-24T10:51:05+00:00\",\"dateModified\":\"2021-02-28T17:16:19+00:00\",\"description\":\"Fotografie z Indie: Agonda, Goa. Galerie fotografi\\u00ed z Indie. Pl\\u00e1\\u017ee, mo\\u0159e, p\\u0159\\u00edroda v Indii. Galerie fotografi\\u00ed z Indie\",\"breadcrumb\":{\"@id\":\"https:\/\/nacaj.cz\/indie\/agonda-goa-fotografie\/#breadcrumb\"},\"inLanguage\":\"cs\",\"potentialAction\":[{\"@type\":\"ReadAction\",\"target\":[\"https:\/\/nacaj.cz\/indie\/agonda-goa-fotografie\/\"]}]},{\"@type\":\"BreadcrumbList\",\"@id\":\"https:\/\/nacaj.cz\/indie\/agonda-goa-fotografie\/#breadcrumb\",\"itemListElement\":[{\"@type\":\"ListItem\",\"position\":1,\"item\":{\"@type\":\"WebPage\",\"@id\":\"https:\/\/nacaj.cz\/indie\/\",\"url\":\"https:\/\/nacaj.cz\/indie\/\",\"name\":\"Dom\\u016f\"}},{\"@type\":\"ListItem\",\"position\":2,\"item\":{\"@id\":\"https:\/\/nacaj.cz\/indie\/agonda-goa-fotografie\/#webpage\"}}]}]}<\/script>\n<!-- \/ Yoast SEO plugin. -->","_links":{"self":[{"href":"https:\/\/nacaj.cz\/indie\/wp-json\/wp\/v2\/pages\/4913"}],"collection":[{"href":"https:\/\/nacaj.cz\/indie\/wp-json\/wp\/v2\/pages"}],"about":[{"href":"https:\/\/nacaj.cz\/indie\/wp-json\/wp\/v2\/types\/page"}],"author":[{"embeddable":true,"href":"https:\/\/nacaj.cz\/indie\/wp-json\/wp\/v2\/users\/1"}],"replies":[{"embeddable":true,"href":"https:\/\/nacaj.cz\/indie\/wp-json\/wp\/v2\/comments?post=4913"}],"version-history":[{"count":0,"href":"https:\/\/nacaj.cz\/indie\/wp-json\/wp\/v2\/pages\/4913\/revisions"}],"wp:featuredmedia":[{"embeddable":true,"href":"https:\/\/nacaj.cz\/indie\/wp-json\/wp\/v2\/media\/4920"}],"wp:attachment":[{"href":"https:\/\/nacaj.cz\/indie\/wp-json\/wp\/v2\/media?parent=4913"}],"curies":[{"name":"wp","href":"https:\/\/api.w.org\/{rel}","templated":true}]}}