{"id":4121,"date":"2024-02-24T10:21:43","date_gmt":"2024-02-24T09:21:43","guid":{"rendered":"http:\/\/nacaj.cz\/indie\/?page_id=4121"},"modified":"2024-02-26T11:16:59","modified_gmt":"2024-02-26T10:16:59","slug":"sri-lanka","status":"publish","type":"page","link":"https:\/\/nacaj.cz\/indie\/sri-lanka\/","title":{"rendered":"Sri Lanka"},"content":{"rendered":"<div class=\"synved-social-container synved-social-container-share\" style=\"text-align: right\"><a class=\"synved-social-button synved-social-button-share synved-social-size-32 synved-social-resolution-single synved-social-provider-facebook nolightbox\" data-provider=\"facebook\" target=\"_blank\" rel=\"nofollow\" title=\"Sd\u00edlejte na facebook.com\" href=\"https:\/\/www.facebook.com\/sharer.php?u=https%3A%2F%2Fnacaj.cz%2Findie%2Fwp-json%2Fwp%2Fv2%2Fpages%2F4121&#038;t=Sri%20Lanka&#038;s=100&#038;p&#091;url&#093;=https%3A%2F%2Fnacaj.cz%2Findie%2Fwp-json%2Fwp%2Fv2%2Fpages%2F4121&#038;p&#091;images&#093;&#091;0&#093;=https%3A%2F%2Fnacaj.cz%2Findie%2Fwp-content%2Fuploads%2F2022%2F10%2FSri-Lanka-vlajka.png&#038;p&#091;title&#093;=Sri%20Lanka\" style=\"font-size: 0px; width:32px;height:32px;margin:0;margin-bottom:5px;margin-right:5px;\"><img alt=\"Facebook\" title=\"Sd\u00edlejte na facebook.com\" class=\"synved-share-image synved-social-image synved-social-image-share\" width=\"32\" height=\"32\" style=\"display: inline; width:32px;height:32px; margin: 0; padding: 0; border: none; box-shadow: none;\" src=\"https:\/\/nacaj.cz\/indie\/wp-content\/plugins\/social-media-feather\/synved-social\/image\/social\/regular\/64x64\/facebook.png\" \/><\/a><a class=\"synved-social-button synved-social-button-share synved-social-size-32 synved-social-resolution-single synved-social-provider-twitter nolightbox\" data-provider=\"twitter\" target=\"_blank\" rel=\"nofollow\" title=\"Sd\u00edlejte na Twitteru\" href=\"https:\/\/twitter.com\/intent\/tweet?url=https%3A%2F%2Fnacaj.cz%2Findie%2Fwp-json%2Fwp%2Fv2%2Fpages%2F4121&#038;text=Sdd%C3%ADlejte%20s%20p%C5%99%C3%A1teli\" style=\"font-size: 0px; width:32px;height:32px;margin:0;margin-bottom:5px;margin-right:5px;\"><img alt=\"twitter\" title=\"Sd\u00edlejte na Twitteru\" class=\"synved-share-image synved-social-image synved-social-image-share\" width=\"32\" height=\"32\" style=\"display: inline; width:32px;height:32px; margin: 0; padding: 0; border: none; box-shadow: none;\" src=\"https:\/\/nacaj.cz\/indie\/wp-content\/plugins\/social-media-feather\/synved-social\/image\/social\/regular\/64x64\/twitter.png\" \/><\/a><a class=\"synved-social-button synved-social-button-share synved-social-size-32 synved-social-resolution-single synved-social-provider-reddit nolightbox\" data-provider=\"reddit\" target=\"_blank\" rel=\"nofollow\" title=\"Sd\u00edlejte na Reddit\" href=\"https:\/\/www.reddit.com\/submit?url=https%3A%2F%2Fnacaj.cz%2Findie%2Fwp-json%2Fwp%2Fv2%2Fpages%2F4121&#038;title=Sri%20Lanka\" style=\"font-size: 0px; width:32px;height:32px;margin:0;margin-bottom:5px;margin-right:5px;\"><img alt=\"reddit\" title=\"Sd\u00edlejte na Reddit\" class=\"synved-share-image synved-social-image synved-social-image-share\" width=\"32\" height=\"32\" style=\"display: inline; width:32px;height:32px; margin: 0; padding: 0; border: none; box-shadow: none;\" src=\"https:\/\/nacaj.cz\/indie\/wp-content\/plugins\/social-media-feather\/synved-social\/image\/social\/regular\/64x64\/reddit.png\" \/><\/a><a class=\"synved-social-button synved-social-button-share synved-social-size-32 synved-social-resolution-single synved-social-provider-pinterest nolightbox\" data-provider=\"pinterest\" target=\"_blank\" rel=\"nofollow\" title=\"Pin it with Pinterest\" href=\"https:\/\/pinterest.com\/pin\/create\/button\/?url=https%3A%2F%2Fnacaj.cz%2Findie%2Fwp-json%2Fwp%2Fv2%2Fpages%2F4121&#038;media=https%3A%2F%2Fnacaj.cz%2Findie%2Fwp-content%2Fuploads%2F2022%2F10%2FSri-Lanka-vlajka.png&#038;description=Sri%20Lanka\" style=\"font-size: 0px; width:32px;height:32px;margin:0;margin-bottom:5px;margin-right:5px;\"><img alt=\"pinterest\" title=\"Pin it with Pinterest\" class=\"synved-share-image synved-social-image synved-social-image-share\" width=\"32\" height=\"32\" style=\"display: inline; width:32px;height:32px; margin: 0; padding: 0; border: none; box-shadow: none;\" src=\"https:\/\/nacaj.cz\/indie\/wp-content\/plugins\/social-media-feather\/synved-social\/image\/social\/regular\/64x64\/pinterest.png\" \/><\/a><a class=\"synved-social-button synved-social-button-share synved-social-size-32 synved-social-resolution-single synved-social-provider-linkedin nolightbox\" data-provider=\"linkedin\" target=\"_blank\" rel=\"nofollow\" title=\"Sd\u00edlejte na Linkedin\" href=\"https:\/\/www.linkedin.com\/shareArticle?mini=true&#038;url=https%3A%2F%2Fnacaj.cz%2Findie%2Fwp-json%2Fwp%2Fv2%2Fpages%2F4121&#038;title=Sri%20Lanka\" style=\"font-size: 0px; width:32px;height:32px;margin:0;margin-bottom:5px;margin-right:5px;\"><img alt=\"linkedin\" title=\"Sd\u00edlejte na Linkedin\" class=\"synved-share-image synved-social-image synved-social-image-share\" width=\"32\" height=\"32\" style=\"display: inline; width:32px;height:32px; margin: 0; padding: 0; border: none; box-shadow: none;\" src=\"https:\/\/nacaj.cz\/indie\/wp-content\/plugins\/social-media-feather\/synved-social\/image\/social\/regular\/64x64\/linkedin.png\" \/><\/a><a class=\"synved-social-button synved-social-button-share synved-social-size-32 synved-social-resolution-single synved-social-provider-tumblr nolightbox\" data-provider=\"tumblr\" target=\"_blank\" rel=\"nofollow\" title=\"Sd\u00edlejte na Tumblr\" href=\"https:\/\/tumblr.com\/share?s=&#038;v=3&#038;t=Sri%20Lanka&#038;u=https%3A%2F%2Fnacaj.cz%2Findie%2Fwp-json%2Fwp%2Fv2%2Fpages%2F4121\" style=\"font-size: 0px; width:32px;height:32px;margin:0;margin-bottom:5px;\"><img alt=\"tumblr\" title=\"Sd\u00edlejte na Tumblr\" class=\"synved-share-image synved-social-image synved-social-image-share\" width=\"32\" height=\"32\" style=\"display: inline; width:32px;height:32px; margin: 0; padding: 0; border: none; box-shadow: none;\" src=\"https:\/\/nacaj.cz\/indie\/wp-content\/plugins\/social-media-feather\/synved-social\/image\/social\/regular\/64x64\/tumblr.png\" \/><\/a><\/div><p>&nbsp;<br \/>\n<a class=\"btn btn-primary\" title=\"Sr\u00ed Lanka - cestov\u00e1n\u00ed\" href=\"https:\/\/nacaj.cz\/indie\/sri-lanka\/\">Sr\u00ed Lanka<\/a> <a class=\"btn btn-warning\" title=\"Informace o Sr\u00ed Lance\" href=\"https:\/\/nacaj.cz\/indie\/sri-lanka\/informace\/\">Informace<\/a> <a class=\"btn btn-warning\" title=\"V\u00edza na Sr\u00ed Lanku\" href=\"https:\/\/nacaj.cz\/indie\/sri-lanka\/viza\/\">V\u00edza<\/a> <a class=\"btn btn-warning\" title=\"Ceny na Sr\u00ed Lance\" href=\"https:\/\/nacaj.cz\/indie\/sri-lanka\/ceny-na-sri-lance\/\">Ceny<\/a> <a class=\"btn btn-warning\" title=\"Zaj\u00edmavosti ze Sr\u00ed Lanky\" href=\"https:\/\/nacaj.cz\/indie\/sri-lanka\/zajimavosti-sri-lanky\/\">Zaj\u00edmavosti<\/a><br \/>\n&nbsp;<\/p>\n<p><a href=\"https:\/\/nacaj.cz\/indie\/wp-content\/uploads\/2022\/10\/Sri-Lanka-vlajka.png\"><img loading=\"lazy\" class=\"alignnone wp-image-7241 size-medium\" src=\"https:\/\/nacaj.cz\/indie\/wp-content\/uploads\/2022\/10\/Sri-Lanka-vlajka-660x330.png\" alt=\"Sri Lanka - vlajka\" width=\"660\" height=\"330\" srcset=\"https:\/\/nacaj.cz\/indie\/wp-content\/uploads\/2022\/10\/Sri-Lanka-vlajka-660x330.png 660w, https:\/\/nacaj.cz\/indie\/wp-content\/uploads\/2022\/10\/Sri-Lanka-vlajka-900x450.png 900w, https:\/\/nacaj.cz\/indie\/wp-content\/uploads\/2022\/10\/Sri-Lanka-vlajka-150x75.png 150w, https:\/\/nacaj.cz\/indie\/wp-content\/uploads\/2022\/10\/Sri-Lanka-vlajka-768x384.png 768w, https:\/\/nacaj.cz\/indie\/wp-content\/uploads\/2022\/10\/Sri-Lanka-vlajka.png 1200w\" sizes=\"(max-width: 660px) 100vw, 660px\" \/><\/a><\/p>\n<p>&nbsp;<\/p>\n<ul>\n<li>\n<h4><strong><a title=\"Sr\u00ed Lanka - informace\" href=\"https:\/\/nacaj.cz\/indie\/sri-lanka\/informace\/\">Z\u00e1kladn\u00ed informace o Sr\u00ed Lance \u27a4<\/a><\/strong><\/h4>\n<p>Souhrn z\u00e1kladn\u00edch informac\u00ed o tomto exotick\u00e9m ostrov\u011b.<\/p>\n<p>&nbsp;<\/li>\n<li>\n<h4><strong><a title=\"V\u00edza na Sr\u00ed Lanku\" href=\"https:\/\/nacaj.cz\/indie\/sri-lanka\/viza\/\">V\u00edza na Sr\u00ed Lanku \u27a4<\/a><\/strong><\/h4>\n<p><em>Je\u0161t\u011b na podzim 2022 bylo mo\u017eno \u017e\u00e1dat o v\u00edza rovnou na 180 dn\u00ed za stejnou cenu jako na 30 dn\u00ed (40 USD).<\/em><br \/>\n<span style=\"color: #008000;\"><strong>V roce 2024 se p\u0159es internet ud\u011bluje povolen\u00ed k turistick\u00e9mu pobytu na pouh\u00fdch 30 dn\u00ed za 50 USD.<\/strong><\/span><br \/>\nPostup vy\u0159\u00edzen\u00ed v\u00edz na 30 internet. Prodlou\u017een\u00ed kr\u00e1tkodob\u00e9ho v\u00edza na 3 a\u017e 6 m\u011bs\u00edc\u016f je pak mo\u017en\u00e9 p\u0159\u00edmo na Sr\u00ed Lance a jde to i online bez nutnosti n\u00e1v\u0161t\u011bvy imigra\u010dn\u00edho \u00fa\u0159adu.<\/p>\n<p>&nbsp;<\/li>\n<li>\n<h4><strong><a title=\"Ceny na Sr\u00ed Lance\" href=\"https:\/\/nacaj.cz\/indie\/sri-lanka\/ceny-na-sri-lance\/\">Ceny na Sr\u00ed Lance \u27a4<\/a><\/strong><\/h4>\n<p>Ceny z\u00e1kladn\u00edch potravin. Inflace a r\u016fst spot\u0159ebitelsk\u00fdch cen na Sr\u00ed Lance<\/li>\n<\/ul>\n<p>&nbsp;<\/p>\n<ul>\n<li>\n<h4><strong>Po\u010das\u00ed na Sr\u00ed Lance<\/strong><\/h4>\n<p><strong>Weather2Travel.com<\/strong><\/p>\n<p>Zaj\u00edmav\u00fd zdroj s informacemi o klimatu kdekoli o sv\u011bt\u011b je <strong><a href=\"https:\/\/www.weather2travel.com\/sri-lanka\/\" target=\"_blank\" rel=\"noopener\">Weather2Travel.com<\/a><\/strong><br \/>\nOd m\u00edst, kde najdete tepl\u00e9 slune\u010dn\u00e9 po\u010das\u00ed v r\u016fzn\u00fdch m\u011bs\u00edc\u00edch roku, p\u0159es denn\u00ed p\u0159edpov\u011bdi, m\u011bs\u00ed\u010dn\u00ed pr\u016fm\u011bry po\u010das\u00ed a\u017e po podrobn\u00e9 klimatick\u00e9 informace o konkr\u00e9tn\u00edch aspektech po\u010das\u00ed, jako je tento kompletn\u00ed pr\u016fvodce tropick\u00fdmi bou\u0159emi a teplotou mo\u0159e.<\/li>\n<\/ul>\n<p>&nbsp;<\/p>\n<ul>\n<li>\n<h4><strong><a title=\"Z\u00e1chrann\u00e9 \u017eelv\u00ed stanice a \u017eelv\u00ed farmy na Sr\u00ed Lance\" href=\"https:\/\/nacaj.cz\/indie\/zachranne-zelvi-stanice-a-zelvi-farmy-na-sri-lance\/\">Z\u00e1chrann\u00e9 \u017eelv\u00ed stanice a \u017eelv\u00ed farmy na Sr\u00ed Lance \u27a4<\/a><\/strong><\/h4>\n<p>\u017delvy, \u017eelv\u00ed l\u00edhn\u011b a smyslupln\u00e1 ochrana \u017eelv v ji\u017en\u00ed a Jihov\u00fdchodn\u00ed Asii.&nbsp;<\/li>\n<\/ul>\n<p>&nbsp;<\/p>\n<ul>\n<li>\n<h4><strong><a title=\"Hmyz na Sr\u00ed Lance\" href=\"https:\/\/nacaj.cz\/indie\/hmyz-v-dolni-asii\/\">Hmyz na Sr\u00ed Lance \u27a4<\/a><\/strong><\/h4>\n<p>Na Sr\u00ed Lance to \u017eije! Nejenom v\u0161udyp\u0159\u00edtomn\u00ed moskyti a sem tam \u0161v\u00e1by i hadi.V exotick\u00fdch zem\u00edch je radno zkontrolovat si p\u0159ed obl\u00e9k\u00e1n\u00edm i pr\u00e1dlo. M\u016f\u017ee se st\u00e1t, \u017ee si ve va\u0161em odlo\u017een\u00e9m oble\u010den\u00ed hov\u00ed nezvan\u00fd n\u00e1v\u0161t\u011bvn\u00edk. T\u0159eba agresivn\u00ed a nerv\u00f3zn\u00ed jedovat\u00fd \u010dlenovec Scolopendra subspinipes..<\/li>\n<\/ul>\n<p>&nbsp;<\/p>\n<hr>\n<ul>\n<li>\n<h4><span style=\"color: #808080;\"><strong>Covid 19<\/strong><\/span><\/h4>\n<p><span style=\"color: #808080;\"><strong>Podm\u00ednky nutnosti p\u0159edlo\u017een\u00ed testu na COVID byly dne 6.12. 2022 zru\u0161eny:<\/strong><\/span><\/p>\n<ul>\n<li><span style=\"color: #333333;\">Po\u017eadavek na p\u0159edlo\u017een\u00ed potvrzen\u00ed o o\u010dkov\u00e1n\u00ed COVID-19 jakoukoli osobou <\/span><span style=\"color: #333333;\">p\u0159il\u00e9taj\u00edc\u00ed na Sr\u00ed Lanku p\u0159es kter\u00e9koli leti\u0161t\u011b nebo n\u00e1mo\u0159n\u00ed p\u0159\u00edstav, <span style=\"text-decoration: underline;\">se t\u00edmto ru\u0161\u00ed<\/span>.&nbsp;<\/span><\/li>\n<li><span style=\"color: #333333;\">Po\u017eadavek na p\u0159edlo\u017een\u00ed negativn\u00edho testu COVID-19 p\u0159ed n\u00e1stupem do letadla nebo p\u0159i p\u0159\u00edjezdu do zem\u011b <\/span><span style=\"color: #333333;\">(PCR\/RAT) pro ka\u017edou osobu, kter\u00e1 p\u0159icestuje na Sr\u00ed Lanku p\u0159es kter\u00e9koli leti\u0161t\u011b nebo n\u00e1mo\u0159n\u00ed p\u0159\u00edstav, <span style=\"text-decoration: underline;\">se t\u00edmto zru\u0161\u00ed<\/span>.<\/span><\/li>\n<li><span style=\"color: #333333;\">Pokud se ciz\u00ed st\u00e1tn\u00ed p\u0159\u00edslu\u0161n\u00edci\/turist\u00e9 stanou po p\u0159\u00edletu na Sr\u00ed Lanku pozitivn\u00edmi na COVID-19, <\/span><span style=\"color: #333333;\">m\u011bli by se na 7 dn\u00ed izolovat v soukrom\u00e9 nemocnici\/hotelu\/m\u00edst\u011b pobytu. N\u00e1klady na l\u00e9\u010dbu\/izolaci by m\u011bli n\u00e9st ciz\u00ed st\u00e1tn\u00ed p\u0159\u00edslu\u0161n\u00edci\/turist\u00e9.<\/span><\/li>\n<li><span style=\"color: #333333;\">Dal\u0161\u00ed podrobnosti&nbsp;<\/span> <span style=\"text-decoration: underline;\"><a href=\"https:\/\/eta.gov.lk\/slvisa\/images\/COVID-l9%20-2022-12-06.pdf\" target=\"_blank\" rel=\"noopener\">naleznete zde<\/a><\/span>.&nbsp;<\/li>\n<\/ul>\n<\/li>\n<\/ul>\n<p>&nbsp;<\/p>\n<hr>\n<h4><span style=\"color: #808080;\">Zaj\u00edmav\u00e9 zdroje:<\/span><\/h4>\n<ul>\n<li><a href=\"https:\/\/www.nanaabackpack.sk\/category\/azia\/sri-lanka\/\" target=\"_blank\" rel=\"noopener\">Nana a backpack<\/a><\/li>\n<\/ul>\n<p>&nbsp;<\/p>\n<h4 class=\"well well-sm\">Nav\u0161t\u00edvili jste Sr\u00ed Lanku?<br \/>\n<a href=\"https:\/\/nacaj.cz\/asie\/\">Pod\u011blte se o sv\u00e9 zku\u0161enosti s ostatn\u00edmi cestovateli!<\/a><\/h4>\n<p>&nbsp;<\/p>\n<p>&nbsp;<\/p>\n<p>&nbsp;<br \/>\n<a class=\"btn btn-primary\" title=\"Sr\u00ed Lanka - cestov\u00e1n\u00ed\" href=\"https:\/\/nacaj.cz\/indie\/sri-lanka\/\">Sr\u00ed Lanka<\/a> <a class=\"btn btn-warning\" title=\"Informace o Sr\u00ed Lance\" href=\"https:\/\/nacaj.cz\/indie\/sri-lanka\/informace\/\">Informace<\/a> <a class=\"btn btn-warning\" title=\"V\u00edza na Sr\u00ed Lanku\" href=\"https:\/\/nacaj.cz\/indie\/sri-lanka\/viza\/\">V\u00edza<\/a> <a class=\"btn btn-warning\" title=\"Ceny na Sr\u00ed Lance\" href=\"https:\/\/nacaj.cz\/indie\/sri-lanka\/ceny-na-sri-lance\/\">Ceny<\/a> <a class=\"btn btn-warning\" title=\"Zaj\u00edmavosti ze Sr\u00ed Lanky\" href=\"https:\/\/nacaj.cz\/indie\/sri-lanka\/zajimavosti-sri-lanky\/\">Zaj\u00edmavosti<\/a><br \/>\n&nbsp;<\/p>\n<div class=\"synved-social-container synved-social-container-share\" style=\"text-align: right\"><a class=\"synved-social-button synved-social-button-share synved-social-size-32 synved-social-resolution-single synved-social-provider-facebook nolightbox\" data-provider=\"facebook\" target=\"_blank\" rel=\"nofollow\" title=\"Sd\u00edlejte na facebook.com\" href=\"https:\/\/www.facebook.com\/sharer.php?u=https%3A%2F%2Fnacaj.cz%2Findie%2Fwp-json%2Fwp%2Fv2%2Fpages%2F4121&#038;t=Sri%20Lanka&#038;s=100&#038;p&#091;url&#093;=https%3A%2F%2Fnacaj.cz%2Findie%2Fwp-json%2Fwp%2Fv2%2Fpages%2F4121&#038;p&#091;images&#093;&#091;0&#093;=https%3A%2F%2Fnacaj.cz%2Findie%2Fwp-content%2Fuploads%2F2022%2F10%2FSri-Lanka-vlajka.png&#038;p&#091;title&#093;=Sri%20Lanka\" style=\"font-size: 0px; width:32px;height:32px;margin:0;margin-bottom:5px;margin-right:5px;\"><img alt=\"Facebook\" title=\"Sd\u00edlejte na facebook.com\" class=\"synved-share-image synved-social-image synved-social-image-share\" width=\"32\" height=\"32\" style=\"display: inline; width:32px;height:32px; margin: 0; padding: 0; border: none; box-shadow: none;\" src=\"https:\/\/nacaj.cz\/indie\/wp-content\/plugins\/social-media-feather\/synved-social\/image\/social\/regular\/64x64\/facebook.png\" \/><\/a><a class=\"synved-social-button synved-social-button-share synved-social-size-32 synved-social-resolution-single synved-social-provider-twitter nolightbox\" data-provider=\"twitter\" target=\"_blank\" rel=\"nofollow\" title=\"Sd\u00edlejte na Twitteru\" href=\"https:\/\/twitter.com\/intent\/tweet?url=https%3A%2F%2Fnacaj.cz%2Findie%2Fwp-json%2Fwp%2Fv2%2Fpages%2F4121&#038;text=Sdd%C3%ADlejte%20s%20p%C5%99%C3%A1teli\" style=\"font-size: 0px; width:32px;height:32px;margin:0;margin-bottom:5px;margin-right:5px;\"><img alt=\"twitter\" title=\"Sd\u00edlejte na Twitteru\" class=\"synved-share-image synved-social-image synved-social-image-share\" width=\"32\" height=\"32\" style=\"display: inline; width:32px;height:32px; margin: 0; padding: 0; border: none; box-shadow: none;\" src=\"https:\/\/nacaj.cz\/indie\/wp-content\/plugins\/social-media-feather\/synved-social\/image\/social\/regular\/64x64\/twitter.png\" \/><\/a><a class=\"synved-social-button synved-social-button-share synved-social-size-32 synved-social-resolution-single synved-social-provider-reddit nolightbox\" data-provider=\"reddit\" target=\"_blank\" rel=\"nofollow\" title=\"Sd\u00edlejte na Reddit\" href=\"https:\/\/www.reddit.com\/submit?url=https%3A%2F%2Fnacaj.cz%2Findie%2Fwp-json%2Fwp%2Fv2%2Fpages%2F4121&#038;title=Sri%20Lanka\" style=\"font-size: 0px; width:32px;height:32px;margin:0;margin-bottom:5px;margin-right:5px;\"><img alt=\"reddit\" title=\"Sd\u00edlejte na Reddit\" class=\"synved-share-image synved-social-image synved-social-image-share\" width=\"32\" height=\"32\" style=\"display: inline; width:32px;height:32px; margin: 0; padding: 0; border: none; box-shadow: none;\" src=\"https:\/\/nacaj.cz\/indie\/wp-content\/plugins\/social-media-feather\/synved-social\/image\/social\/regular\/64x64\/reddit.png\" \/><\/a><a class=\"synved-social-button synved-social-button-share synved-social-size-32 synved-social-resolution-single synved-social-provider-pinterest nolightbox\" data-provider=\"pinterest\" target=\"_blank\" rel=\"nofollow\" title=\"Pin it with Pinterest\" href=\"https:\/\/pinterest.com\/pin\/create\/button\/?url=https%3A%2F%2Fnacaj.cz%2Findie%2Fwp-json%2Fwp%2Fv2%2Fpages%2F4121&#038;media=https%3A%2F%2Fnacaj.cz%2Findie%2Fwp-content%2Fuploads%2F2022%2F10%2FSri-Lanka-vlajka.png&#038;description=Sri%20Lanka\" style=\"font-size: 0px; width:32px;height:32px;margin:0;margin-bottom:5px;margin-right:5px;\"><img alt=\"pinterest\" title=\"Pin it with Pinterest\" class=\"synved-share-image synved-social-image synved-social-image-share\" width=\"32\" height=\"32\" style=\"display: inline; width:32px;height:32px; margin: 0; padding: 0; border: none; box-shadow: none;\" src=\"https:\/\/nacaj.cz\/indie\/wp-content\/plugins\/social-media-feather\/synved-social\/image\/social\/regular\/64x64\/pinterest.png\" \/><\/a><a class=\"synved-social-button synved-social-button-share synved-social-size-32 synved-social-resolution-single synved-social-provider-linkedin nolightbox\" data-provider=\"linkedin\" target=\"_blank\" rel=\"nofollow\" title=\"Sd\u00edlejte na Linkedin\" href=\"https:\/\/www.linkedin.com\/shareArticle?mini=true&#038;url=https%3A%2F%2Fnacaj.cz%2Findie%2Fwp-json%2Fwp%2Fv2%2Fpages%2F4121&#038;title=Sri%20Lanka\" style=\"font-size: 0px; width:32px;height:32px;margin:0;margin-bottom:5px;margin-right:5px;\"><img alt=\"linkedin\" title=\"Sd\u00edlejte na Linkedin\" class=\"synved-share-image synved-social-image synved-social-image-share\" width=\"32\" height=\"32\" style=\"display: inline; width:32px;height:32px; margin: 0; padding: 0; border: none; box-shadow: none;\" src=\"https:\/\/nacaj.cz\/indie\/wp-content\/plugins\/social-media-feather\/synved-social\/image\/social\/regular\/64x64\/linkedin.png\" \/><\/a><a class=\"synved-social-button synved-social-button-share synved-social-size-32 synved-social-resolution-single synved-social-provider-tumblr nolightbox\" data-provider=\"tumblr\" target=\"_blank\" rel=\"nofollow\" title=\"Sd\u00edlejte na Tumblr\" href=\"https:\/\/tumblr.com\/share?s=&#038;v=3&#038;t=Sri%20Lanka&#038;u=https%3A%2F%2Fnacaj.cz%2Findie%2Fwp-json%2Fwp%2Fv2%2Fpages%2F4121\" style=\"font-size: 0px; width:32px;height:32px;margin:0;margin-bottom:5px;\"><img alt=\"tumblr\" title=\"Sd\u00edlejte na Tumblr\" class=\"synved-share-image synved-social-image synved-social-image-share\" width=\"32\" height=\"32\" style=\"display: inline; width:32px;height:32px; margin: 0; padding: 0; border: none; box-shadow: none;\" src=\"https:\/\/nacaj.cz\/indie\/wp-content\/plugins\/social-media-feather\/synved-social\/image\/social\/regular\/64x64\/tumblr.png\" \/><\/a><\/div>","protected":false},"excerpt":{"rendered":"<p>&nbsp; Sr\u00ed Lanka Informace V\u00edza Ceny Zaj\u00edmavosti &nbsp; &nbsp; Z\u00e1kladn\u00ed informace o Sr\u00ed Lance \u27a4 Souhrn z\u00e1kladn\u00edch informac\u00ed o tomto exotick\u00e9m ostrov\u011b. &nbsp; V\u00edza na Sr\u00ed Lanku \u27a4 Je\u0161t\u011b na [&hellip;]<\/p>\n","protected":false},"author":1,"featured_media":7241,"parent":0,"menu_order":0,"comment_status":"closed","ping_status":"closed","template":"","meta":{"ngg_post_thumbnail":0},"yoast_head":"<!-- This site is optimized with the Yoast SEO plugin v16.3 - https:\/\/yoast.com\/wordpress\/plugins\/seo\/ -->\n<title>Sri Lanka - cestov\u00e1n\u00ed na Sr\u00ed Lanku 2026<\/title>\n<meta name=\"description\" content=\"Informace o Sr\u00ed Lance. V\u00edza na Sr\u00ed Lanku. Covid 19 a o\u010dkov\u00e1n\u00ed. Ceny na Sr\u00ed Lance. Po\u010das\u00ed na ostrov\u011b. Sr\u00ed Lanka - Cestov\u00e1n\u00ed po Sr\u00ed Lance 2026\" \/>\n<meta name=\"robots\" content=\"index, follow, max-snippet:-1, max-image-preview:large, max-video-preview:-1\" \/>\n<link rel=\"canonical\" href=\"https:\/\/nacaj.cz\/indie\/sri-lanka\/\" \/>\n<meta property=\"og:locale\" content=\"cs_CZ\" \/>\n<meta property=\"og:type\" content=\"article\" \/>\n<meta property=\"og:title\" content=\"Sri Lanka - cestov\u00e1n\u00ed na Sr\u00ed Lanku 2026\" \/>\n<meta property=\"og:description\" content=\"Informace o Sr\u00ed Lance. V\u00edza na Sr\u00ed Lanku. Covid 19 a o\u010dkov\u00e1n\u00ed. Ceny na Sr\u00ed Lance. Po\u010das\u00ed na ostrov\u011b. Sr\u00ed Lanka - Cestov\u00e1n\u00ed po Sr\u00ed Lance 2026\" \/>\n<meta property=\"og:url\" content=\"https:\/\/nacaj.cz\/indie\/sri-lanka\/\" \/>\n<meta property=\"og:site_name\" content=\"INDIE - Cestov\u00e1n\u00ed po Indii\" \/>\n<meta property=\"article:publisher\" content=\"https:\/\/www.facebook.com\/travel.exotika\/\" \/>\n<meta property=\"article:modified_time\" content=\"2024-02-26T10:16:59+00:00\" \/>\n<meta property=\"og:image\" content=\"https:\/\/nacaj.cz\/indie\/wp-content\/uploads\/2022\/10\/Sri-Lanka-vlajka.png\" \/>\n\t<meta property=\"og:image:width\" content=\"1200\" \/>\n\t<meta property=\"og:image:height\" content=\"600\" \/>\n<meta name=\"twitter:label1\" content=\"Odhadovan\u00e1 doba \u010dten\u00ed\">\n\t<meta name=\"twitter:data1\" content=\"2 minuty\">\n<script type=\"application\/ld+json\" class=\"yoast-schema-graph\">{\"@context\":\"https:\/\/schema.org\",\"@graph\":[{\"@type\":\"Organization\",\"@id\":\"https:\/\/nacaj.cz\/indie\/#organization\",\"name\":\"NaCaj.cz\",\"url\":\"https:\/\/nacaj.cz\/indie\/\",\"sameAs\":[\"https:\/\/www.facebook.com\/travel.exotika\/\"],\"logo\":{\"@type\":\"ImageObject\",\"@id\":\"https:\/\/nacaj.cz\/indie\/#logo\",\"inLanguage\":\"cs\",\"url\":\"https:\/\/nacaj.cz\/indie\/wp-content\/uploads\/2018\/01\/Indie-cestovani-po-indii.jpg\",\"contentUrl\":\"https:\/\/nacaj.cz\/indie\/wp-content\/uploads\/2018\/01\/Indie-cestovani-po-indii.jpg\",\"width\":651,\"height\":530,\"caption\":\"NaCaj.cz\"},\"image\":{\"@id\":\"https:\/\/nacaj.cz\/indie\/#logo\"}},{\"@type\":\"WebSite\",\"@id\":\"https:\/\/nacaj.cz\/indie\/#website\",\"url\":\"https:\/\/nacaj.cz\/indie\/\",\"name\":\"INDIE - Cestov\\u00e1n\\u00ed po Indii\",\"description\":\"Cestov\\u00e1n\\u00ed: Exotika :-)\",\"publisher\":{\"@id\":\"https:\/\/nacaj.cz\/indie\/#organization\"},\"potentialAction\":[{\"@type\":\"SearchAction\",\"target\":\"https:\/\/nacaj.cz\/indie\/?s={search_term_string}\",\"query-input\":\"required name=search_term_string\"}],\"inLanguage\":\"cs\"},{\"@type\":\"ImageObject\",\"@id\":\"https:\/\/nacaj.cz\/indie\/sri-lanka\/#primaryimage\",\"inLanguage\":\"cs\",\"url\":\"https:\/\/nacaj.cz\/indie\/wp-content\/uploads\/2022\/10\/Sri-Lanka-vlajka.png\",\"contentUrl\":\"https:\/\/nacaj.cz\/indie\/wp-content\/uploads\/2022\/10\/Sri-Lanka-vlajka.png\",\"width\":1200,\"height\":600,\"caption\":\"Vlajka Sr\\u00ed lanky\"},{\"@type\":\"WebPage\",\"@id\":\"https:\/\/nacaj.cz\/indie\/sri-lanka\/#webpage\",\"url\":\"https:\/\/nacaj.cz\/indie\/sri-lanka\/\",\"name\":\"Sri Lanka - cestov\\u00e1n\\u00ed na Sr\\u00ed Lanku 2026\",\"isPartOf\":{\"@id\":\"https:\/\/nacaj.cz\/indie\/#website\"},\"primaryImageOfPage\":{\"@id\":\"https:\/\/nacaj.cz\/indie\/sri-lanka\/#primaryimage\"},\"datePublished\":\"2024-02-24T09:21:43+00:00\",\"dateModified\":\"2024-02-26T10:16:59+00:00\",\"description\":\"Informace o Sr\\u00ed Lance. V\\u00edza na Sr\\u00ed Lanku. Covid 19 a o\\u010dkov\\u00e1n\\u00ed. Ceny na Sr\\u00ed Lance. Po\\u010das\\u00ed na ostrov\\u011b. Sr\\u00ed Lanka - Cestov\\u00e1n\\u00ed po Sr\\u00ed Lance 2026\",\"breadcrumb\":{\"@id\":\"https:\/\/nacaj.cz\/indie\/sri-lanka\/#breadcrumb\"},\"inLanguage\":\"cs\",\"potentialAction\":[{\"@type\":\"ReadAction\",\"target\":[\"https:\/\/nacaj.cz\/indie\/sri-lanka\/\"]}]},{\"@type\":\"BreadcrumbList\",\"@id\":\"https:\/\/nacaj.cz\/indie\/sri-lanka\/#breadcrumb\",\"itemListElement\":[{\"@type\":\"ListItem\",\"position\":1,\"item\":{\"@type\":\"WebPage\",\"@id\":\"https:\/\/nacaj.cz\/indie\/\",\"url\":\"https:\/\/nacaj.cz\/indie\/\",\"name\":\"Dom\\u016f\"}},{\"@type\":\"ListItem\",\"position\":2,\"item\":{\"@id\":\"https:\/\/nacaj.cz\/indie\/sri-lanka\/#webpage\"}}]}]}<\/script>\n<!-- \/ Yoast SEO plugin. -->","_links":{"self":[{"href":"https:\/\/nacaj.cz\/indie\/wp-json\/wp\/v2\/pages\/4121"}],"collection":[{"href":"https:\/\/nacaj.cz\/indie\/wp-json\/wp\/v2\/pages"}],"about":[{"href":"https:\/\/nacaj.cz\/indie\/wp-json\/wp\/v2\/types\/page"}],"author":[{"embeddable":true,"href":"https:\/\/nacaj.cz\/indie\/wp-json\/wp\/v2\/users\/1"}],"replies":[{"embeddable":true,"href":"https:\/\/nacaj.cz\/indie\/wp-json\/wp\/v2\/comments?post=4121"}],"version-history":[{"count":0,"href":"https:\/\/nacaj.cz\/indie\/wp-json\/wp\/v2\/pages\/4121\/revisions"}],"wp:featuredmedia":[{"embeddable":true,"href":"https:\/\/nacaj.cz\/indie\/wp-json\/wp\/v2\/media\/7241"}],"wp:attachment":[{"href":"https:\/\/nacaj.cz\/indie\/wp-json\/wp\/v2\/media?parent=4121"}],"curies":[{"name":"wp","href":"https:\/\/api.w.org\/{rel}","templated":true}]}}