{"id":3950,"date":"2023-04-05T21:24:54","date_gmt":"2023-04-05T19:24:54","guid":{"rendered":"http:\/\/nacaj.cz\/indie\/?page_id=3950"},"modified":"2023-11-18T14:09:38","modified_gmt":"2023-11-18T13:09:38","slug":"thajsko-karolina-v-thajsku","status":"publish","type":"page","link":"https:\/\/nacaj.cz\/indie\/thajsko-karolina-v-thajsku\/","title":{"rendered":"Karol\u00edna v Thajsku"},"content":{"rendered":"<div class=\"synved-social-container synved-social-container-share\" style=\"text-align: right\"><a class=\"synved-social-button synved-social-button-share synved-social-size-32 synved-social-resolution-single synved-social-provider-facebook nolightbox\" data-provider=\"facebook\" target=\"_blank\" rel=\"nofollow\" title=\"Sd\u00edlejte na facebook.com\" href=\"https:\/\/www.facebook.com\/sharer.php?u=https%3A%2F%2Fnacaj.cz%2Findie%2Fwp-json%2Fwp%2Fv2%2Fpages%2F3950&#038;t=Karol%C3%ADna%20v%20Thajsku&#038;s=100&#038;p&#091;url&#093;=https%3A%2F%2Fnacaj.cz%2Findie%2Fwp-json%2Fwp%2Fv2%2Fpages%2F3950&#038;p&#091;images&#093;&#091;0&#093;=&#038;p&#091;title&#093;=Karol%C3%ADna%20v%20Thajsku\" style=\"font-size: 0px; width:32px;height:32px;margin:0;margin-bottom:5px;margin-right:5px;\"><img alt=\"Facebook\" title=\"Sd\u00edlejte na facebook.com\" class=\"synved-share-image synved-social-image synved-social-image-share\" width=\"32\" height=\"32\" style=\"display: inline; width:32px;height:32px; margin: 0; padding: 0; border: none; box-shadow: none;\" src=\"https:\/\/nacaj.cz\/indie\/wp-content\/plugins\/social-media-feather\/synved-social\/image\/social\/regular\/64x64\/facebook.png\" \/><\/a><a class=\"synved-social-button synved-social-button-share synved-social-size-32 synved-social-resolution-single synved-social-provider-twitter nolightbox\" data-provider=\"twitter\" target=\"_blank\" rel=\"nofollow\" title=\"Sd\u00edlejte na Twitteru\" href=\"https:\/\/twitter.com\/intent\/tweet?url=https%3A%2F%2Fnacaj.cz%2Findie%2Fwp-json%2Fwp%2Fv2%2Fpages%2F3950&#038;text=Sdd%C3%ADlejte%20s%20p%C5%99%C3%A1teli\" style=\"font-size: 0px; width:32px;height:32px;margin:0;margin-bottom:5px;margin-right:5px;\"><img alt=\"twitter\" title=\"Sd\u00edlejte na Twitteru\" class=\"synved-share-image synved-social-image synved-social-image-share\" width=\"32\" height=\"32\" style=\"display: inline; width:32px;height:32px; margin: 0; padding: 0; border: none; box-shadow: none;\" src=\"https:\/\/nacaj.cz\/indie\/wp-content\/plugins\/social-media-feather\/synved-social\/image\/social\/regular\/64x64\/twitter.png\" \/><\/a><a class=\"synved-social-button synved-social-button-share synved-social-size-32 synved-social-resolution-single synved-social-provider-reddit nolightbox\" data-provider=\"reddit\" target=\"_blank\" rel=\"nofollow\" title=\"Sd\u00edlejte na Reddit\" href=\"https:\/\/www.reddit.com\/submit?url=https%3A%2F%2Fnacaj.cz%2Findie%2Fwp-json%2Fwp%2Fv2%2Fpages%2F3950&#038;title=Karol%C3%ADna%20v%20Thajsku\" style=\"font-size: 0px; width:32px;height:32px;margin:0;margin-bottom:5px;margin-right:5px;\"><img alt=\"reddit\" title=\"Sd\u00edlejte na Reddit\" class=\"synved-share-image synved-social-image synved-social-image-share\" width=\"32\" height=\"32\" style=\"display: inline; width:32px;height:32px; margin: 0; padding: 0; border: none; box-shadow: none;\" src=\"https:\/\/nacaj.cz\/indie\/wp-content\/plugins\/social-media-feather\/synved-social\/image\/social\/regular\/64x64\/reddit.png\" \/><\/a><a class=\"synved-social-button synved-social-button-share synved-social-size-32 synved-social-resolution-single synved-social-provider-pinterest nolightbox\" data-provider=\"pinterest\" target=\"_blank\" rel=\"nofollow\" title=\"Pin it with Pinterest\" href=\"https:\/\/pinterest.com\/pin\/create\/button\/?url=https%3A%2F%2Fnacaj.cz%2Findie%2Fwp-json%2Fwp%2Fv2%2Fpages%2F3950&#038;media=&#038;description=Karol%C3%ADna%20v%20Thajsku\" style=\"font-size: 0px; width:32px;height:32px;margin:0;margin-bottom:5px;margin-right:5px;\"><img alt=\"pinterest\" title=\"Pin it with Pinterest\" class=\"synved-share-image synved-social-image synved-social-image-share\" width=\"32\" height=\"32\" style=\"display: inline; width:32px;height:32px; margin: 0; padding: 0; border: none; box-shadow: none;\" src=\"https:\/\/nacaj.cz\/indie\/wp-content\/plugins\/social-media-feather\/synved-social\/image\/social\/regular\/64x64\/pinterest.png\" \/><\/a><a class=\"synved-social-button synved-social-button-share synved-social-size-32 synved-social-resolution-single synved-social-provider-linkedin nolightbox\" data-provider=\"linkedin\" target=\"_blank\" rel=\"nofollow\" title=\"Sd\u00edlejte na Linkedin\" href=\"https:\/\/www.linkedin.com\/shareArticle?mini=true&#038;url=https%3A%2F%2Fnacaj.cz%2Findie%2Fwp-json%2Fwp%2Fv2%2Fpages%2F3950&#038;title=Karol%C3%ADna%20v%20Thajsku\" style=\"font-size: 0px; width:32px;height:32px;margin:0;margin-bottom:5px;margin-right:5px;\"><img alt=\"linkedin\" title=\"Sd\u00edlejte na Linkedin\" class=\"synved-share-image synved-social-image synved-social-image-share\" width=\"32\" height=\"32\" style=\"display: inline; width:32px;height:32px; margin: 0; padding: 0; border: none; box-shadow: none;\" src=\"https:\/\/nacaj.cz\/indie\/wp-content\/plugins\/social-media-feather\/synved-social\/image\/social\/regular\/64x64\/linkedin.png\" \/><\/a><a class=\"synved-social-button synved-social-button-share synved-social-size-32 synved-social-resolution-single synved-social-provider-tumblr nolightbox\" data-provider=\"tumblr\" target=\"_blank\" rel=\"nofollow\" title=\"Sd\u00edlejte na Tumblr\" href=\"https:\/\/tumblr.com\/share?s=&#038;v=3&#038;t=Karol%C3%ADna%20v%20Thajsku&#038;u=https%3A%2F%2Fnacaj.cz%2Findie%2Fwp-json%2Fwp%2Fv2%2Fpages%2F3950\" style=\"font-size: 0px; width:32px;height:32px;margin:0;margin-bottom:5px;\"><img alt=\"tumblr\" title=\"Sd\u00edlejte na Tumblr\" class=\"synved-share-image synved-social-image synved-social-image-share\" width=\"32\" height=\"32\" style=\"display: inline; width:32px;height:32px; margin: 0; padding: 0; border: none; box-shadow: none;\" src=\"https:\/\/nacaj.cz\/indie\/wp-content\/plugins\/social-media-feather\/synved-social\/image\/social\/regular\/64x64\/tumblr.png\" \/><\/a><\/div><p><strong><a title=\"Karol\u00edna v Indii\" href=\"https:\/\/nacaj.cz\/indie\/karolina-cestuje-po-indii\/\">Karol\u00edna v Asii<\/a><\/strong> | <strong><span style=\"color: #008000;\">Karol\u00edna v Thajsku<\/span><\/strong> | <span style=\"color: #808080;\"><a style=\"color: #808080;\" title=\"Karol\u00edna v Kambod\u017ei\" href=\"#\">Karol\u00edna v Kambod\u017ei<\/a><\/span> | <span style=\"color: #808080;\"><a style=\"color: #808080;\" title=\"Karol\u00edna ve Vietnamu\" href=\"#\">Karol\u00edna ve Vietnamu<\/a><\/span> | <span style=\"color: #808080;\"><a style=\"color: #808080;\" title=\"Karol\u00edna na Sr\u00ed Lance\" href=\"#\">Karol\u00edna na Sr\u00ed Lance<\/a><\/span> | <span style=\"color: #808080;\"><a style=\"color: #808080;\" title=\"Karol\u00edna v Maroku\" href=\"#\">Karol\u00edna v Maroku<\/a><\/span><\/p>\n<p>&nbsp;<br \/>\n<a class=\"btn btn-primary\" title=\"Cestov\u00e1n\u00ed v Thajsku\" href=\"https:\/\/nacaj.cz\/indie\/thajsko\/\">THAJSKO<\/a><\/p>\n<p><a class=\"btn btn-warning\" title=\"Bangkok, Thajsko\" href=\"https:\/\/nacaj.cz\/indie\/thajsko\/bangkok\/\">Bangkok<\/a> <a class=\"btn btn-warning\" title=\"Phuket, Thajsko\" href=\"https:\/\/nacaj.cz\/indie\/thajsko\/phuket\/\">Phuket<\/a> <a class=\"btn btn-success\" title=\"Cestov\u00e1n\u00ed po Thajsku\" href=\"https:\/\/nacaj.cz\/indie\/thajsko\/cestovani-po-thajsku\/\">Cestov\u00e1n\u00ed po Thajsku<\/a> <a class=\"btn btn-default\" title=\"Fotografie z Thajska\" href=\"https:\/\/nacaj.cz\/indie\/thajsko-fotografie-z-thajska\/\">Fotografie<\/a> <a class=\"btn btn-default\" title=\"Pouli\u010dn\u00ed j\u00eddlo v Thajsku\" href=\"https:\/\/nacaj.cz\/indie\/thajsko-fotografie-z-thajska\/\">J\u00eddlo v Thajsku<\/a><br \/>\n&nbsp;<\/p>\n<hr>\n<h4>Dal\u0161\u00edch t\u00e9m\u011b\u0159 6 m\u011bs\u00edc\u016f v Indii Karol\u00edn\u011b nesta\u010dilo!<\/h4>\n<h4>V Goa nastoupila do podez\u0159ele vibruj\u00edc\u00edho men\u0161\u00edho vrtulov\u00e9ho letadla, p\u0159el\u00e9tla p\u0159es Indick\u00fd kontinent do Chennai na v\u00fdchodn\u00edm pob\u0159e\u017e\u00ed Indie, p\u0159esko\u010dila na men\u0161\u00ed trysk\u00e1\u010d aby p\u0159ist\u00e1la v Bangkoku v Thajsku.<\/h4>\n<p>&nbsp;<\/p>\n<p>&nbsp;<\/p>\n<hr>\n<h3>Ostrov Koh Chang<\/h3>\n<p>Jsme na ostrov\u011b Koh Chang. P\u0159edev\u010d\u00edrem jsme se p\u011b\u0161ky vydali na v\u00fdlet za slony a vodop\u00e1dem.. Slon\u016f jsme vid\u011bli dost,ale v \u0159et\u011bzech ve sv\u00fdch kotc\u00edch pohybuj\u00edc\u00edch se ze strany na stranu.. Na z\u00e1dech m\u011bli p\u0159ipevn\u011bn\u00e9 korby na vypasen\u00e9 zadky jednoduch\u00fdch turist\u016f se selfie ty\u010dema&#8230;. Vydali jsme se tam p\u011b\u0161ky po silnici ,jeliko\u017e taxi tady na ostrov\u011b si \u00fa\u010dtovali 100 b\u00e1t\u016f na osobu, a\u0165 u\u017e jede\u0161 1-20 km,.. Jako kdy\u017e jsme jeli nap\u0159\u00edklad od trajektu z hlavn\u00edho bodu, kam jsme se z Bangkoku dostali.. V roce 2019 dokonce po\u017eadovali 150 THB za osobu. A\u017e pozd\u011bji jsme nalezli informace, \u017ee ceny jsou ni\u017e\u0161\u00ed a \u017ee tu turisty nep\u011bkn\u011b okr\u00e1daj\u00ed. (<a href=\"https:\/\/nacaj.cz\/indie\/thajsko\/cestovani-po-thajsku\/\">ceny TAXI na ostrov\u011b<\/a>)<br \/>\nCesta na korb\u011b tax\u00edku trvala zhruba 20 minut a byl to t\u011b\u017ekej adrenalin&#8230;<br \/>\nOstrov je svou rozlohou dosti velik\u00fd a silnice tu jsou celkem \u00fazk\u00e9, nav\u00edc to bylo z kopce, do kopce a skoro sam\u00e1 serpetina&#8230; Byla jsem r\u00e1da, kdy\u017e jsme dojeli na na\u0161e prvn\u00ed stanovi\u0161t\u011b na Lonely Beach.. Sk\u00fatr za m\u011b nene.. bojim se&#8230; S batohy na z\u00e1dech se nechce chodit moc daleko, ale m\u011bli jsme \u0161t\u011bst\u00ed! N\u00e1hodn\u011b jsme zapluli do jedn\u00e9 z uli\u010dek a tam byla cedule &#8211; room\/300 b\u00e1t\u016f! Juch\u016f hele Marku jdeme tam!.. smile emoticon Skromn\u00e9 ubytov\u00e1n\u00ed se spole\u010dnou sprchou a z\u00e1chodem u\u017e pro n\u00e1s nen\u00ed probl\u00e9m, v\u0161e \u010dist\u00e9 a jdeme se ubytovat. Sice to bylo cca 1 a p\u016fl km od pl\u00e1\u017ee, ale co\u017e.. Aspo\u0148 jsme o trochu v\u00edc chodili a pak plavali v klidn\u00e9m mo\u0159i tepl\u00e9m jako kafe! smile emoticon Taky jsme tu oslavili moje vyl\u00edhnutiny! A nem\u011blo to chybu! Slunce sv\u00edtilo, h\u0159\u00e1lo, mo\u0159e lehce \u0161plouchalo, k tomu pivo Chang..<\/p>\n<p>Na Lonely Beach jsme byli p\u00e1r dn\u00ed a pot\u00e9 jsme se p\u0159esunuli sem na Klong Prao.. Op\u011bt tax\u00edkem a op\u011bt po n\u00e1s taxik\u00e1\u0159 cht\u011bl nesmysln\u00fdch 100 b\u00e1t\u016f za osobu,.. \u0158\u00edk\u00e1me mu hele tohle je jen kousek,! A nem\u016f\u017ee\u0161 po n\u00e1s cht\u00edt znovu a zase 100 b\u00e1t\u016f za osobu!! Kroutil hlavou, roz\u010diloval se, ale nakonec to Marek usmlouval na aspo\u0148 120 b\u00e1t\u016f za oba..! &nbsp;Vystoupili jsme na op\u011bt nezn\u00e1m\u00e9m m\u00edst\u011b pro n\u00e1s..<\/p>\n<p>Klong Prao&#8230; S batohy na z\u00e1dech hledali, (ve vedru), a\u017e na\u0161li! Zapla\u0165 punku, takhle nablind&#8230;. Skv\u011bl\u00fd KPhuts bungalow! P\u00e1r krok\u016f k pl\u00e1\u017ei, mo\u0159i. Par\u00e1da.. Obzvl\u00e1\u0161\u0165 pro rodinky.. Vstup do mo\u0159e je dlooouze pozvoln\u00fd, jako brouzdali\u0161t\u011b a v\u00e1\u017en\u011b jak kafe.. P\u0159\u00edjemn\u00e1 zahrada tuze p\u0159\u00edrodn\u00ed, kus vedle jsou z\u00e1chody a sprchy a restaurace.. Je tu fajn!<\/p>\n<hr>\n<p><a href=\"https:\/\/nacaj.cz\/indie\/karolina-v-indii\/\">&lt;&lt; P\u0159ede\u0161l\u00fd \u010dl\u00e1nek: <\/a><a href=\"https:\/\/nacaj.cz\/indie\/karolina-v-indii\/\"><strong>Karol\u00edna v Indi<\/strong>i<\/a><a href=\"https:\/\/nacaj.cz\/indie\/karolina-v-indii\/\"> &lt;&lt;<\/a><\/p>\n<h4>&nbsp;<\/h4>\n<h4>Pokra\u010dov\u00e1n\u00ed na\u0161eho cestov\u00e1n\u00ed z Thajska do Kambod\u017ei<\/h4>\n<h4>&nbsp;<a href=\"https:\/\/nacaj.cz\/indie\/asie\/kambodza\/\">\u27a4 Cestov\u00e1n\u00ed do Kambod\u017ei &#8211; z\u00e1\u017eitky a zku\u0161enosti&nbsp;\u27a4<\/a><\/h4>\n<p>&nbsp;<\/p>\n<p><a class=\"btn btn-primary\" href=\"https:\/\/nacaj.cz\/indie\/thajsko\/\">THAJSKO<\/a> <a class=\"btn btn-warning\" title=\"Bangkok, Thajsko\" href=\"https:\/\/nacaj.cz\/indie\/thajsko\/bangkok\/\">Bangkok<\/a> <a class=\"btn btn-warning\" title=\"Phuket, Thajsko\" href=\"https:\/\/nacaj.cz\/indie\/thajsko\/phuket\/\">Phuket<\/a> <a class=\"btn btn-success\" title=\"Cestov\u00e1n\u00ed po Thajsku\" href=\"https:\/\/nacaj.cz\/indie\/thajsko\/cestovani-po-thajsku\/\">Cestov\u00e1n\u00ed po Thajsku<\/a> <a class=\"btn btn-default\" href=\"https:\/\/nacaj.cz\/indie\/thajsko-fotografie-z-thajska\/\">Fotografie z Thajska<\/a>&nbsp;<br \/>\n&nbsp;<\/p>\n<div class=\"synved-social-container synved-social-container-share\" style=\"text-align: right\"><a class=\"synved-social-button synved-social-button-share synved-social-size-32 synved-social-resolution-single synved-social-provider-facebook nolightbox\" data-provider=\"facebook\" target=\"_blank\" rel=\"nofollow\" title=\"Sd\u00edlejte na facebook.com\" href=\"https:\/\/www.facebook.com\/sharer.php?u=https%3A%2F%2Fnacaj.cz%2Findie%2Fwp-json%2Fwp%2Fv2%2Fpages%2F3950&#038;t=Karol%C3%ADna%20v%20Thajsku&#038;s=100&#038;p&#091;url&#093;=https%3A%2F%2Fnacaj.cz%2Findie%2Fwp-json%2Fwp%2Fv2%2Fpages%2F3950&#038;p&#091;images&#093;&#091;0&#093;=&#038;p&#091;title&#093;=Karol%C3%ADna%20v%20Thajsku\" style=\"font-size: 0px; width:32px;height:32px;margin:0;margin-bottom:5px;margin-right:5px;\"><img alt=\"Facebook\" title=\"Sd\u00edlejte na facebook.com\" class=\"synved-share-image synved-social-image synved-social-image-share\" width=\"32\" height=\"32\" style=\"display: inline; width:32px;height:32px; margin: 0; padding: 0; border: none; box-shadow: none;\" src=\"https:\/\/nacaj.cz\/indie\/wp-content\/plugins\/social-media-feather\/synved-social\/image\/social\/regular\/64x64\/facebook.png\" \/><\/a><a class=\"synved-social-button synved-social-button-share synved-social-size-32 synved-social-resolution-single synved-social-provider-twitter nolightbox\" data-provider=\"twitter\" target=\"_blank\" rel=\"nofollow\" title=\"Sd\u00edlejte na Twitteru\" href=\"https:\/\/twitter.com\/intent\/tweet?url=https%3A%2F%2Fnacaj.cz%2Findie%2Fwp-json%2Fwp%2Fv2%2Fpages%2F3950&#038;text=Sdd%C3%ADlejte%20s%20p%C5%99%C3%A1teli\" style=\"font-size: 0px; width:32px;height:32px;margin:0;margin-bottom:5px;margin-right:5px;\"><img alt=\"twitter\" title=\"Sd\u00edlejte na Twitteru\" class=\"synved-share-image synved-social-image synved-social-image-share\" width=\"32\" height=\"32\" style=\"display: inline; width:32px;height:32px; margin: 0; padding: 0; border: none; box-shadow: none;\" src=\"https:\/\/nacaj.cz\/indie\/wp-content\/plugins\/social-media-feather\/synved-social\/image\/social\/regular\/64x64\/twitter.png\" \/><\/a><a class=\"synved-social-button synved-social-button-share synved-social-size-32 synved-social-resolution-single synved-social-provider-reddit nolightbox\" data-provider=\"reddit\" target=\"_blank\" rel=\"nofollow\" title=\"Sd\u00edlejte na Reddit\" href=\"https:\/\/www.reddit.com\/submit?url=https%3A%2F%2Fnacaj.cz%2Findie%2Fwp-json%2Fwp%2Fv2%2Fpages%2F3950&#038;title=Karol%C3%ADna%20v%20Thajsku\" style=\"font-size: 0px; width:32px;height:32px;margin:0;margin-bottom:5px;margin-right:5px;\"><img alt=\"reddit\" title=\"Sd\u00edlejte na Reddit\" class=\"synved-share-image synved-social-image synved-social-image-share\" width=\"32\" height=\"32\" style=\"display: inline; width:32px;height:32px; margin: 0; padding: 0; border: none; box-shadow: none;\" src=\"https:\/\/nacaj.cz\/indie\/wp-content\/plugins\/social-media-feather\/synved-social\/image\/social\/regular\/64x64\/reddit.png\" \/><\/a><a class=\"synved-social-button synved-social-button-share synved-social-size-32 synved-social-resolution-single synved-social-provider-pinterest nolightbox\" data-provider=\"pinterest\" target=\"_blank\" rel=\"nofollow\" title=\"Pin it with Pinterest\" href=\"https:\/\/pinterest.com\/pin\/create\/button\/?url=https%3A%2F%2Fnacaj.cz%2Findie%2Fwp-json%2Fwp%2Fv2%2Fpages%2F3950&#038;media=&#038;description=Karol%C3%ADna%20v%20Thajsku\" style=\"font-size: 0px; width:32px;height:32px;margin:0;margin-bottom:5px;margin-right:5px;\"><img alt=\"pinterest\" title=\"Pin it with Pinterest\" class=\"synved-share-image synved-social-image synved-social-image-share\" width=\"32\" height=\"32\" style=\"display: inline; width:32px;height:32px; margin: 0; padding: 0; border: none; box-shadow: none;\" src=\"https:\/\/nacaj.cz\/indie\/wp-content\/plugins\/social-media-feather\/synved-social\/image\/social\/regular\/64x64\/pinterest.png\" \/><\/a><a class=\"synved-social-button synved-social-button-share synved-social-size-32 synved-social-resolution-single synved-social-provider-linkedin nolightbox\" data-provider=\"linkedin\" target=\"_blank\" rel=\"nofollow\" title=\"Sd\u00edlejte na Linkedin\" href=\"https:\/\/www.linkedin.com\/shareArticle?mini=true&#038;url=https%3A%2F%2Fnacaj.cz%2Findie%2Fwp-json%2Fwp%2Fv2%2Fpages%2F3950&#038;title=Karol%C3%ADna%20v%20Thajsku\" style=\"font-size: 0px; width:32px;height:32px;margin:0;margin-bottom:5px;margin-right:5px;\"><img alt=\"linkedin\" title=\"Sd\u00edlejte na Linkedin\" class=\"synved-share-image synved-social-image synved-social-image-share\" width=\"32\" height=\"32\" style=\"display: inline; width:32px;height:32px; margin: 0; padding: 0; border: none; box-shadow: none;\" src=\"https:\/\/nacaj.cz\/indie\/wp-content\/plugins\/social-media-feather\/synved-social\/image\/social\/regular\/64x64\/linkedin.png\" \/><\/a><a class=\"synved-social-button synved-social-button-share synved-social-size-32 synved-social-resolution-single synved-social-provider-tumblr nolightbox\" data-provider=\"tumblr\" target=\"_blank\" rel=\"nofollow\" title=\"Sd\u00edlejte na Tumblr\" href=\"https:\/\/tumblr.com\/share?s=&#038;v=3&#038;t=Karol%C3%ADna%20v%20Thajsku&#038;u=https%3A%2F%2Fnacaj.cz%2Findie%2Fwp-json%2Fwp%2Fv2%2Fpages%2F3950\" style=\"font-size: 0px; width:32px;height:32px;margin:0;margin-bottom:5px;\"><img alt=\"tumblr\" title=\"Sd\u00edlejte na Tumblr\" class=\"synved-share-image synved-social-image synved-social-image-share\" width=\"32\" height=\"32\" style=\"display: inline; width:32px;height:32px; margin: 0; padding: 0; border: none; box-shadow: none;\" src=\"https:\/\/nacaj.cz\/indie\/wp-content\/plugins\/social-media-feather\/synved-social\/image\/social\/regular\/64x64\/tumblr.png\" \/><\/a><\/div>","protected":false},"excerpt":{"rendered":"<p>Karol\u00edna v Asii | Karol\u00edna v Thajsku | Karol\u00edna v Kambod\u017ei | Karol\u00edna ve Vietnamu | Karol\u00edna na Sr\u00ed Lance | Karol\u00edna v Maroku &nbsp; THAJSKO Bangkok Phuket Cestov\u00e1n\u00ed po [&hellip;]<\/p>\n","protected":false},"author":1,"featured_media":0,"parent":0,"menu_order":0,"comment_status":"closed","ping_status":"closed","template":"","meta":{"ngg_post_thumbnail":0},"yoast_head":"<!-- This site is optimized with the Yoast SEO plugin v16.3 - https:\/\/yoast.com\/wordpress\/plugins\/seo\/ -->\n<title>Karol\u00edna v Thajsku. Thajsko. Cestov\u00e1n\u00ed po ji\u017en\u00ed a jiho-v\u00fdchodn\u00ed Asii<\/title>\n<meta name=\"description\" content=\"Karol\u00edna v Asii. Cestov\u00e1n\u00ed: Karol\u00edna v Thajsku. Karol\u00edna v Kambod\u017ei. Karol\u00edna ve Vietnamu. Karol\u00edna na Sr\u00ed Lance. Karol\u00edna Vesel\u00e1 v Maroku.\" \/>\n<meta name=\"robots\" content=\"index, follow, max-snippet:-1, max-image-preview:large, max-video-preview:-1\" \/>\n<link rel=\"canonical\" href=\"https:\/\/nacaj.cz\/indie\/thajsko-karolina-v-thajsku\/\" \/>\n<meta property=\"og:locale\" content=\"cs_CZ\" \/>\n<meta property=\"og:type\" content=\"article\" \/>\n<meta property=\"og:title\" content=\"Karol\u00edna v Thajsku. Thajsko. Cestov\u00e1n\u00ed po ji\u017en\u00ed a jiho-v\u00fdchodn\u00ed Asii\" \/>\n<meta property=\"og:description\" content=\"Karol\u00edna v Asii. Cestov\u00e1n\u00ed: Karol\u00edna v Thajsku. Karol\u00edna v Kambod\u017ei. Karol\u00edna ve Vietnamu. Karol\u00edna na Sr\u00ed Lance. Karol\u00edna Vesel\u00e1 v Maroku.\" \/>\n<meta property=\"og:url\" content=\"https:\/\/nacaj.cz\/indie\/thajsko-karolina-v-thajsku\/\" \/>\n<meta property=\"og:site_name\" content=\"INDIE - Cestov\u00e1n\u00ed po Indii\" \/>\n<meta property=\"article:publisher\" content=\"https:\/\/www.facebook.com\/travel.exotika\/\" \/>\n<meta property=\"article:modified_time\" content=\"2023-11-18T13:09:38+00:00\" \/>\n<meta property=\"og:image\" content=\"https:\/\/nacaj.cz\/indie\/wp-content\/uploads\/2017\/11\/Indie-cestovani-po-indii.jpg\" \/>\n\t<meta property=\"og:image:width\" content=\"651\" \/>\n\t<meta property=\"og:image:height\" content=\"530\" \/>\n<meta name=\"twitter:label1\" content=\"Odhadovan\u00e1 doba \u010dten\u00ed\">\n\t<meta name=\"twitter:data1\" content=\"3 minuty\">\n<script type=\"application\/ld+json\" class=\"yoast-schema-graph\">{\"@context\":\"https:\/\/schema.org\",\"@graph\":[{\"@type\":\"Organization\",\"@id\":\"https:\/\/nacaj.cz\/indie\/#organization\",\"name\":\"NaCaj.cz\",\"url\":\"https:\/\/nacaj.cz\/indie\/\",\"sameAs\":[\"https:\/\/www.facebook.com\/travel.exotika\/\"],\"logo\":{\"@type\":\"ImageObject\",\"@id\":\"https:\/\/nacaj.cz\/indie\/#logo\",\"inLanguage\":\"cs\",\"url\":\"https:\/\/nacaj.cz\/indie\/wp-content\/uploads\/2018\/01\/Indie-cestovani-po-indii.jpg\",\"contentUrl\":\"https:\/\/nacaj.cz\/indie\/wp-content\/uploads\/2018\/01\/Indie-cestovani-po-indii.jpg\",\"width\":651,\"height\":530,\"caption\":\"NaCaj.cz\"},\"image\":{\"@id\":\"https:\/\/nacaj.cz\/indie\/#logo\"}},{\"@type\":\"WebSite\",\"@id\":\"https:\/\/nacaj.cz\/indie\/#website\",\"url\":\"https:\/\/nacaj.cz\/indie\/\",\"name\":\"INDIE - Cestov\\u00e1n\\u00ed po Indii\",\"description\":\"Cestov\\u00e1n\\u00ed: Exotika :-)\",\"publisher\":{\"@id\":\"https:\/\/nacaj.cz\/indie\/#organization\"},\"potentialAction\":[{\"@type\":\"SearchAction\",\"target\":\"https:\/\/nacaj.cz\/indie\/?s={search_term_string}\",\"query-input\":\"required name=search_term_string\"}],\"inLanguage\":\"cs\"},{\"@type\":\"WebPage\",\"@id\":\"https:\/\/nacaj.cz\/indie\/thajsko-karolina-v-thajsku\/#webpage\",\"url\":\"https:\/\/nacaj.cz\/indie\/thajsko-karolina-v-thajsku\/\",\"name\":\"Karol\\u00edna v Thajsku. Thajsko. Cestov\\u00e1n\\u00ed po ji\\u017en\\u00ed a jiho-v\\u00fdchodn\\u00ed Asii\",\"isPartOf\":{\"@id\":\"https:\/\/nacaj.cz\/indie\/#website\"},\"datePublished\":\"2023-04-05T19:24:54+00:00\",\"dateModified\":\"2023-11-18T13:09:38+00:00\",\"description\":\"Karol\\u00edna v Asii. Cestov\\u00e1n\\u00ed: Karol\\u00edna v Thajsku. Karol\\u00edna v Kambod\\u017ei. Karol\\u00edna ve Vietnamu. Karol\\u00edna na Sr\\u00ed Lance. Karol\\u00edna Vesel\\u00e1 v Maroku.\",\"breadcrumb\":{\"@id\":\"https:\/\/nacaj.cz\/indie\/thajsko-karolina-v-thajsku\/#breadcrumb\"},\"inLanguage\":\"cs\",\"potentialAction\":[{\"@type\":\"ReadAction\",\"target\":[\"https:\/\/nacaj.cz\/indie\/thajsko-karolina-v-thajsku\/\"]}]},{\"@type\":\"BreadcrumbList\",\"@id\":\"https:\/\/nacaj.cz\/indie\/thajsko-karolina-v-thajsku\/#breadcrumb\",\"itemListElement\":[{\"@type\":\"ListItem\",\"position\":1,\"item\":{\"@type\":\"WebPage\",\"@id\":\"https:\/\/nacaj.cz\/indie\/\",\"url\":\"https:\/\/nacaj.cz\/indie\/\",\"name\":\"Dom\\u016f\"}},{\"@type\":\"ListItem\",\"position\":2,\"item\":{\"@id\":\"https:\/\/nacaj.cz\/indie\/thajsko-karolina-v-thajsku\/#webpage\"}}]}]}<\/script>\n<!-- \/ Yoast SEO plugin. -->","_links":{"self":[{"href":"https:\/\/nacaj.cz\/indie\/wp-json\/wp\/v2\/pages\/3950"}],"collection":[{"href":"https:\/\/nacaj.cz\/indie\/wp-json\/wp\/v2\/pages"}],"about":[{"href":"https:\/\/nacaj.cz\/indie\/wp-json\/wp\/v2\/types\/page"}],"author":[{"embeddable":true,"href":"https:\/\/nacaj.cz\/indie\/wp-json\/wp\/v2\/users\/1"}],"replies":[{"embeddable":true,"href":"https:\/\/nacaj.cz\/indie\/wp-json\/wp\/v2\/comments?post=3950"}],"version-history":[{"count":0,"href":"https:\/\/nacaj.cz\/indie\/wp-json\/wp\/v2\/pages\/3950\/revisions"}],"wp:attachment":[{"href":"https:\/\/nacaj.cz\/indie\/wp-json\/wp\/v2\/media?parent=3950"}],"curies":[{"name":"wp","href":"https:\/\/api.w.org\/{rel}","templated":true}]}}